{"id":152980,"date":"2021-01-15T12:33:58","date_gmt":"2021-01-15T12:33:58","guid":{"rendered":"https:\/\/codengine3.ch\/?product=import-placeholder-for-205552"},"modified":"2026-03-19T10:37:10","modified_gmt":"2026-03-19T09:37:10","slug":"chablais-toponeige","status":"publish","type":"product","link":"https:\/\/pizbube.ch\/en\/shop\/chablais-toponeige\/","title":{"rendered":"CHABLAIS Toponeige \/ Ski de randonn\u00e9e"},"content":{"rendered":"<p>Ce toponeige couvre des massifs, face au Mont-Blanc, mais pour certains peu<br \/>\nconnus. Ils sont situ\u00e9s en France et en Suisse et pr\u00e9sentent des itin\u00e9raires<br \/>\nd&#8217;une grande vari\u00e9t\u00e9, chevauchant des massifs cristallins et calcaires en<br \/>\nmoyenne montagne comme sur glacier.<\/p>\n<p>Ce volume couvre tout l&#8217;espace compris entre l&#8217;Arve, le Rh\u00f4ne et le L\u00e9man.<br \/>\nles Aiguilles-Rouges et les Perrons<br \/>\nles Hautes Alpes Calcaires (avec les Dents-du-Midi)<br \/>\nles massifs du Giffre et des Fiz.<\/p>\n<p>191 courses de base avec une r\u00e9partition \u00e9quilibr\u00e9e des difficult\u00e9s et des<br \/>\nd\u00e9nivel\u00e9s.<br \/>\n320 pages en couleurs &#8211; 295 photos avec trac\u00e9s d&#8217;itin\u00e9raires.<\/p>\n<p>4\u00e8me \u00e9dition : 2024<\/p>","protected":false},"excerpt":{"rendered":"<p>Ce toponeige couvre des massifs, face au Mont-Blanc, mais pour certains peu connus. Ils sont situ\u00e9s en France et en Suisse et pr\u00e9sentent des itin\u00e9raires d&#8217;une grande vari\u00e9t\u00e9, chevauchant des massifs cristallins et calcaires en moyenne montagne comme sur glacier. Ce volume couvre tout l&#8217;espace compris entre l&#8217;Arve, le Rh\u00f4ne et le L\u00e9man. les Aiguilles-Rouges [&#8230;]\n","protected":false},"featured_media":183506,"template":"","meta":[],"product_brand":[],"product_cat":[21540],"product_tag":[],"class_list":{"0":"post-152980","1":"product","2":"type-product","3":"status-publish","4":"has-post-thumbnail","6":"product_cat-fuehrerliteratur-alpin-winter","7":"pa_autor-mang","8":"pa_erscheinungsjahr-27339","9":"pa_region-frankreich","10":"pa_sprache-fr","12":"first","13":"instock","14":"taxable","15":"shipping-taxable","16":"purchasable","17":"product-type-simple"},"_links":{"self":[{"href":"https:\/\/pizbube.ch\/en\/wp-json\/wp\/v2\/product\/152980","targetHints":{"allow":["GET"]}}],"collection":[{"href":"https:\/\/pizbube.ch\/en\/wp-json\/wp\/v2\/product"}],"about":[{"href":"https:\/\/pizbube.ch\/en\/wp-json\/wp\/v2\/types\/product"}],"wp:featuredmedia":[{"embeddable":true,"href":"https:\/\/pizbube.ch\/en\/wp-json\/wp\/v2\/media\/183506"}],"wp:attachment":[{"href":"https:\/\/pizbube.ch\/en\/wp-json\/wp\/v2\/media?parent=152980"}],"wp:term":[{"taxonomy":"product_brand","embeddable":true,"href":"https:\/\/pizbube.ch\/en\/wp-json\/wp\/v2\/product_brand?post=152980"},{"taxonomy":"product_cat","embeddable":true,"href":"https:\/\/pizbube.ch\/en\/wp-json\/wp\/v2\/product_cat?post=152980"},{"taxonomy":"product_tag","embeddable":true,"href":"https:\/\/pizbube.ch\/en\/wp-json\/wp\/v2\/product_tag?post=152980"}],"curies":[{"name":"wp","href":"https:\/\/api.w.org\/{rel}","templated":true}]}}