{"id":152982,"date":"2021-01-15T12:33:58","date_gmt":"2021-01-15T12:33:58","guid":{"rendered":"https:\/\/codengine3.ch\/?product=import-placeholder-for-205577"},"modified":"2021-01-15T14:42:19","modified_gmt":"2021-01-15T14:42:19","slug":"inside-mother-earth","status":"publish","type":"product","link":"https:\/\/pizbube.ch\/en\/shop\/inside-mother-earth\/","title":{"rendered":"Inside Mother Earth"},"content":{"rendered":"<p>Magische H\u00f6hlenwelten \/Magic Caves \/Grottes Magiques.  <\/p>\n<p>Eine fantastische Reise ins Innere unserer Erde! Der Bildband des engagierten<br \/>\nWissenschaftlers, Spel\u00e4ologen und Fotografen Max Wisshak ist nicht nur ein<br \/>\nHighlight f\u00fcr H\u00f6hlenforscher und Geologen, sondern vor allem auch f\u00fcr<br \/>\nnaturinteressierte Menschen, die das Staunen \u00fcber die Sch\u00f6nheit unsere Erde<br \/>\nnoch nicht verlernt haben. Vier fundierte Texte zu ganz unterschiedlichen<br \/>\nAspekten unseres Daseins und Forschens in der Natur runden das Buch ab und<br \/>\nmachen es zu einem Gesamtkunstwerk. Die Bilder, die Max Wisshak mit seinen<br \/>\nBlitzlichtern aus dem ewigen Dunkel hervorzaubert, verborgenes Neuland voll<br \/>\nm\u00e4rchenhafter Sch\u00f6nheit. Mit seinem k\u00fcnstlerischen Gesp\u00fcr f\u00fcr Kontrast und<br \/>\nBildgestaltung ist es ihm gelungen, den Zauber, den uns die Reisen in die<br \/>\nTiefen der Erde beschert, auf Bilder zu bannen. Eine innere Welt, ein Zugang<br \/>\nzu den Wurzeln unseres Daseins. Und mittendrin in dieser Wunderwelt ist der<br \/>\nMensch, klein, auf sich selbst reduziert, mit dem Leben auf der Erdoberfl\u00e4che<br \/>\nwie eine Spinne am seidenen Faden verbunden.  <\/p>\n<p>A Fantastic Journey into Our Planet&#8217;s Interior! This photobook by the<br \/>\ndedicated scientist, speleologist and photographer Max Wisshak is not only a<br \/>\nhighlight for speleologists and geologists, but also and above all for people<br \/>\nwho are interested in nature and who haven&#8217;t yet forgotten how to gaze in awe<br \/>\nat the beauty of our world. With his artistic sensitivity for contrast and<br \/>\npictorial composition, he has succeeded in creating pictures which capture the<br \/>\nmagic that awaits travelers who dare to descend into the depths of the Earth,<br \/>\nto enter an inner world and delve into the roots of our essential being. In<br \/>\nthe midst of this wondrous world stands the solitary human being, small, with<br \/>\nno one but himself to rely upon, and connected to life on the surface like a<br \/>\nspider hanging from a gossamer thread.<br \/>\nEnglisch \/ Franz\u00f6sisch \/ Deutsch. 130 farbige Fotos. 144 S.  <\/p>","protected":false},"excerpt":{"rendered":"<p>Magische H\u00f6hlenwelten \/Magic Caves \/Grottes Magiques. Eine fantastische Reise ins Innere unserer Erde! Der Bildband des engagierten Wissenschaftlers, Spel\u00e4ologen und Fotografen Max Wisshak ist nicht nur ein Highlight f\u00fcr H\u00f6hlenforscher und Geologen, sondern vor allem auch f\u00fcr naturinteressierte Menschen, die das Staunen \u00fcber die Sch\u00f6nheit unsere Erde noch nicht verlernt haben. Vier fundierte Texte zu [&#8230;]\n","protected":false},"featured_media":34336,"template":"","meta":[],"product_brand":[],"product_cat":[21542],"product_tag":[],"class_list":{"0":"post-152982","1":"product","2":"type-product","3":"status-publish","4":"has-post-thumbnail","6":"product_cat-sachbuecher-dokumentationen","7":"pa_autor-wisshak","8":"pa_erscheinungsjahr-21591","9":"pa_region-deutschland","10":"pa_sprache-d","11":"pa_sprache-e","12":"pa_sprache-f","14":"first","15":"instock","16":"taxable","17":"shipping-taxable","18":"purchasable","19":"product-type-simple"},"_links":{"self":[{"href":"https:\/\/pizbube.ch\/en\/wp-json\/wp\/v2\/product\/152982","targetHints":{"allow":["GET"]}}],"collection":[{"href":"https:\/\/pizbube.ch\/en\/wp-json\/wp\/v2\/product"}],"about":[{"href":"https:\/\/pizbube.ch\/en\/wp-json\/wp\/v2\/types\/product"}],"wp:featuredmedia":[{"embeddable":true,"href":"https:\/\/pizbube.ch\/en\/wp-json\/wp\/v2\/media\/34336"}],"wp:attachment":[{"href":"https:\/\/pizbube.ch\/en\/wp-json\/wp\/v2\/media?parent=152982"}],"wp:term":[{"taxonomy":"product_brand","embeddable":true,"href":"https:\/\/pizbube.ch\/en\/wp-json\/wp\/v2\/product_brand?post=152982"},{"taxonomy":"product_cat","embeddable":true,"href":"https:\/\/pizbube.ch\/en\/wp-json\/wp\/v2\/product_cat?post=152982"},{"taxonomy":"product_tag","embeddable":true,"href":"https:\/\/pizbube.ch\/en\/wp-json\/wp\/v2\/product_tag?post=152982"}],"curies":[{"name":"wp","href":"https:\/\/api.w.org\/{rel}","templated":true}]}}