{"id":152985,"date":"2021-01-15T12:33:58","date_gmt":"2021-01-15T12:33:58","guid":{"rendered":"https:\/\/codengine3.ch\/?product=import-placeholder-for-202178"},"modified":"2021-01-15T12:34:03","modified_gmt":"2021-01-15T12:34:03","slug":"klettern-2","status":"publish","type":"product","link":"https:\/\/pizbube.ch\/en\/shop\/klettern-2\/","title":{"rendered":"Klettern"},"content":{"rendered":"<p>Dieses Buch, geschrieben von einem erfahrenen Kletterer und Ausbilder, liefert<br \/>\ndetaillierte Schritt-f\u00fcr-Schritt-Anleitungen und praktische Ratschl\u00e4ge zu<br \/>\nallen Aspekten der Sicherheit und des Trainings. Den informativen Text<br \/>\nerg\u00e4nzen genaue Zeichnungen und hervorragende, sorf\u00e4ltig ausgew\u00e4hlte Fotos.<br \/>\nW\u00e4hrend es dem Einsteiger klare Vorstellungen davon gibt, wie er anfangen und<br \/>\nweitermachen soll, bietet es dem fortgeschrittenen Kletterer eine Gelegenheit,<br \/>\nsein vorhandenes Wisen zu erweitern. Informationen \u00fcber die Ausr\u00fcstung, \u00fcber<br \/>\ndas Verhalten im Notfall und bei der Bergung sind ebenso Bestandteil des<br \/>\nBuches wie Trainingspl\u00e4ne und Leitlinen zum Thema Umwelt oder zur<br \/>\nKletterethik.<\/p>","protected":false},"excerpt":{"rendered":"<p>Dieses Buch, geschrieben von einem erfahrenen Kletterer und Ausbilder, liefert detaillierte Schritt-f\u00fcr-Schritt-Anleitungen und praktische Ratschl\u00e4ge zu allen Aspekten der Sicherheit und des Trainings. Den informativen Text erg\u00e4nzen genaue Zeichnungen und hervorragende, sorf\u00e4ltig ausgew\u00e4hlte Fotos. W\u00e4hrend es dem Einsteiger klare Vorstellungen davon gibt, wie er anfangen und weitermachen soll, bietet es dem fortgeschrittenen Kletterer eine Gelegenheit, [&#8230;]\n","protected":false},"featured_media":29568,"template":"","meta":[],"product_brand":[],"product_cat":[21538],"product_tag":[],"class_list":{"0":"post-152985","1":"product","2":"type-product","3":"status-publish","4":"has-post-thumbnail","6":"product_cat-lehrbuecher","7":"pa_autor-hattingh","8":"pa_erscheinungsjahr-22144","9":"pa_region-klettertechnik","10":"pa_sprache-de","12":"first","13":"outofstock","14":"taxable","15":"shipping-taxable","16":"purchasable","17":"product-type-simple"},"_links":{"self":[{"href":"https:\/\/pizbube.ch\/en\/wp-json\/wp\/v2\/product\/152985","targetHints":{"allow":["GET"]}}],"collection":[{"href":"https:\/\/pizbube.ch\/en\/wp-json\/wp\/v2\/product"}],"about":[{"href":"https:\/\/pizbube.ch\/en\/wp-json\/wp\/v2\/types\/product"}],"wp:featuredmedia":[{"embeddable":true,"href":"https:\/\/pizbube.ch\/en\/wp-json\/wp\/v2\/media\/29568"}],"wp:attachment":[{"href":"https:\/\/pizbube.ch\/en\/wp-json\/wp\/v2\/media?parent=152985"}],"wp:term":[{"taxonomy":"product_brand","embeddable":true,"href":"https:\/\/pizbube.ch\/en\/wp-json\/wp\/v2\/product_brand?post=152985"},{"taxonomy":"product_cat","embeddable":true,"href":"https:\/\/pizbube.ch\/en\/wp-json\/wp\/v2\/product_cat?post=152985"},{"taxonomy":"product_tag","embeddable":true,"href":"https:\/\/pizbube.ch\/en\/wp-json\/wp\/v2\/product_tag?post=152985"}],"curies":[{"name":"wp","href":"https:\/\/api.w.org\/{rel}","templated":true}]}}