{"id":152986,"date":"2021-01-15T12:34:04","date_gmt":"2021-01-15T12:34:04","guid":{"rendered":"https:\/\/codengine3.ch\/?product=import-placeholder-for-202180"},"modified":"2021-01-15T12:34:07","modified_gmt":"2021-01-15T12:34:07","slug":"caspar-wolf-ein-panorama-der-schweizer-alpen","status":"publish","type":"product","link":"https:\/\/pizbube.ch\/en\/shop\/caspar-wolf-ein-panorama-der-schweizer-alpen\/","title":{"rendered":"Caspar Wolf &#8211; Ein Panorama der Schweizer Alpen"},"content":{"rendered":"<p>Zusammen mit Wagner und Naturforscher Jakob Samuel Wyttenbach unternahm der<br \/>\nK\u00fcnstler nach 1773 verschiedene Studienreisen ins Gebirge, und unter dem<br \/>\nEindruck der aufgekl\u00e4rten Forscher um Albrecht von Haller entstanden in der<br \/>\nFolge aufgrund zahlreicher vor Ort angefertigter \u00d6lskizzen gegen 200 \u00d6lgem\u00e4lde<br \/>\nf\u00fcr Wagners Berner Cabinett: die Galerie der Schweizer Alpen ? Caspar Wolfs<br \/>\nk\u00fcnstlerisches Hauptwerk. Ausstellungskatalog<\/p>","protected":false},"excerpt":{"rendered":"<p>Zusammen mit Wagner und Naturforscher Jakob Samuel Wyttenbach unternahm der K\u00fcnstler nach 1773 verschiedene Studienreisen ins Gebirge, und unter dem Eindruck der aufgekl\u00e4rten Forscher um Albrecht von Haller entstanden in der Folge aufgrund zahlreicher vor Ort angefertigter \u00d6lskizzen gegen 200 \u00d6lgem\u00e4lde f\u00fcr Wagners Berner Cabinett: die Galerie der Schweizer Alpen ? Caspar Wolfs k\u00fcnstlerisches Hauptwerk. [&#8230;]\n","protected":false},"featured_media":29571,"template":"","meta":[],"product_brand":[],"product_cat":[21580],"product_tag":[],"class_list":{"0":"post-152986","1":"product","2":"type-product","3":"status-publish","4":"has-post-thumbnail","6":"product_cat-kunst-kultur","7":"pa_autor-wismer-kunz","8":"pa_erscheinungsjahr-22242","9":"pa_region-schweiz","10":"pa_sprache-de","12":"first","13":"outofstock","14":"taxable","15":"shipping-taxable","16":"purchasable","17":"product-type-simple"},"_links":{"self":[{"href":"https:\/\/pizbube.ch\/en\/wp-json\/wp\/v2\/product\/152986","targetHints":{"allow":["GET"]}}],"collection":[{"href":"https:\/\/pizbube.ch\/en\/wp-json\/wp\/v2\/product"}],"about":[{"href":"https:\/\/pizbube.ch\/en\/wp-json\/wp\/v2\/types\/product"}],"wp:featuredmedia":[{"embeddable":true,"href":"https:\/\/pizbube.ch\/en\/wp-json\/wp\/v2\/media\/29571"}],"wp:attachment":[{"href":"https:\/\/pizbube.ch\/en\/wp-json\/wp\/v2\/media?parent=152986"}],"wp:term":[{"taxonomy":"product_brand","embeddable":true,"href":"https:\/\/pizbube.ch\/en\/wp-json\/wp\/v2\/product_brand?post=152986"},{"taxonomy":"product_cat","embeddable":true,"href":"https:\/\/pizbube.ch\/en\/wp-json\/wp\/v2\/product_cat?post=152986"},{"taxonomy":"product_tag","embeddable":true,"href":"https:\/\/pizbube.ch\/en\/wp-json\/wp\/v2\/product_tag?post=152986"}],"curies":[{"name":"wp","href":"https:\/\/api.w.org\/{rel}","templated":true}]}}