{"id":152987,"date":"2021-01-15T12:34:04","date_gmt":"2021-01-15T12:34:04","guid":{"rendered":"https:\/\/codengine3.ch\/?product=import-placeholder-for-203740"},"modified":"2021-01-15T14:26:09","modified_gmt":"2021-01-15T14:26:09","slug":"koenigreich-in-den-wolken","status":"publish","type":"product","link":"https:\/\/pizbube.ch\/en\/shop\/koenigreich-in-den-wolken\/","title":{"rendered":"K\u00f6nigreich in den Wolken"},"content":{"rendered":"<p>Bhutan &#8211; Ein Jahr in der Bergwelt des Himalaja. Ein Jahr arbeitet die<br \/>\nkanadische Physiotherapeutin Britta Das in einer Klinik in den Bergen von Ost-<br \/>\nBhutan. Sie begegnet einem Land mit jahrhundertealten Traditionen, das von<br \/>\neiner m\u00e4chtigen Modernisierungswelle \u00fcberrollt wird. Sie erh\u00e4lt Einblick in<br \/>\ndas Alltagsleben der Buthanesen von heute, ihre Mentalit\u00e4t und religi\u00f6se<br \/>\nVerankerung, sie wird Zeuge der rasanten Ver\u00e4nderungen durch internationale<br \/>\nHilfsprojekte und sie lernt in dem indischen Arzt Bikul die Liebe ihres Lebens<br \/>\nkennen.<br \/>\nFarb., s\/w. Fotos. 318 S. Taschenbuch<\/p>","protected":false},"excerpt":{"rendered":"<p>Bhutan &#8211; Ein Jahr in der Bergwelt des Himalaja. Ein Jahr arbeitet die kanadische Physiotherapeutin Britta Das in einer Klinik in den Bergen von Ost- Bhutan. Sie begegnet einem Land mit jahrhundertealten Traditionen, das von einer m\u00e4chtigen Modernisierungswelle \u00fcberrollt wird. Sie erh\u00e4lt Einblick in das Alltagsleben der Buthanesen von heute, ihre Mentalit\u00e4t und religi\u00f6se Verankerung, [&#8230;]\n","protected":false},"featured_media":31412,"template":"","meta":[],"product_brand":[],"product_cat":[21542],"product_tag":[],"class_list":{"0":"post-152987","1":"product","2":"type-product","3":"status-publish","4":"has-post-thumbnail","6":"product_cat-sachbuecher-dokumentationen","7":"pa_autor-das","8":"pa_erscheinungsjahr-21920","9":"pa_region-asien","10":"pa_sprache-de","12":"first","13":"outofstock","14":"taxable","15":"shipping-taxable","16":"purchasable","17":"product-type-simple"},"_links":{"self":[{"href":"https:\/\/pizbube.ch\/en\/wp-json\/wp\/v2\/product\/152987","targetHints":{"allow":["GET"]}}],"collection":[{"href":"https:\/\/pizbube.ch\/en\/wp-json\/wp\/v2\/product"}],"about":[{"href":"https:\/\/pizbube.ch\/en\/wp-json\/wp\/v2\/types\/product"}],"wp:featuredmedia":[{"embeddable":true,"href":"https:\/\/pizbube.ch\/en\/wp-json\/wp\/v2\/media\/31412"}],"wp:attachment":[{"href":"https:\/\/pizbube.ch\/en\/wp-json\/wp\/v2\/media?parent=152987"}],"wp:term":[{"taxonomy":"product_brand","embeddable":true,"href":"https:\/\/pizbube.ch\/en\/wp-json\/wp\/v2\/product_brand?post=152987"},{"taxonomy":"product_cat","embeddable":true,"href":"https:\/\/pizbube.ch\/en\/wp-json\/wp\/v2\/product_cat?post=152987"},{"taxonomy":"product_tag","embeddable":true,"href":"https:\/\/pizbube.ch\/en\/wp-json\/wp\/v2\/product_tag?post=152987"}],"curies":[{"name":"wp","href":"https:\/\/api.w.org\/{rel}","templated":true}]}}