{"id":152988,"date":"2021-01-15T12:34:04","date_gmt":"2021-01-15T12:34:04","guid":{"rendered":"https:\/\/codengine3.ch\/?product=import-placeholder-for-202182"},"modified":"2021-01-15T12:34:07","modified_gmt":"2021-01-15T12:34:07","slug":"anklage-vatermord","status":"publish","type":"product","link":"https:\/\/pizbube.ch\/en\/shop\/anklage-vatermord\/","title":{"rendered":"Anklage Vatermord"},"content":{"rendered":"<p>Am 10. September 1928 war sein Vater w\u00e4hrend einer gemeinsamen Bergtour im<br \/>\nTiroler Zillertal t\u00f6dlich verungl\u00fcckt, noch am selben Tag wurde Philipp<br \/>\nHalsmann wegen Verdachts auf Vatermord verhaftet. In dem politisch<br \/>\naufgeheizten Klima der Zwischenkriegszeit entwickelte sich aus dem<br \/>\nKriminalfall eine internationale Aff\u00e4re.<\/p>\n<p>Martin Pollack ist den Spuren des Falles Halsmann gefolgt und hat sie &#8218;mit der<br \/>\nGenauigkeit eines leidenschaftlichen Historikers und der Vorstellungskraft<br \/>\neines Erz\u00e4hlers&#8216; (Christoph Ransmayr) in einem packenden dokumentarischen<br \/>\nRoman aufgezeichnet.<\/p>","protected":false},"excerpt":{"rendered":"<p>Am 10. September 1928 war sein Vater w\u00e4hrend einer gemeinsamen Bergtour im Tiroler Zillertal t\u00f6dlich verungl\u00fcckt, noch am selben Tag wurde Philipp Halsmann wegen Verdachts auf Vatermord verhaftet. In dem politisch aufgeheizten Klima der Zwischenkriegszeit entwickelte sich aus dem Kriminalfall eine internationale Aff\u00e4re. Martin Pollack ist den Spuren des Falles Halsmann gefolgt und hat sie [&#8230;]\n","protected":false},"featured_media":29574,"template":"","meta":[],"product_brand":[],"product_cat":[21629],"product_tag":[],"class_list":{"0":"post-152988","1":"product","2":"type-product","3":"status-publish","4":"has-post-thumbnail","6":"product_cat-belletristik","7":"pa_autor-pollak","8":"pa_erscheinungsjahr-21597","9":"pa_region-deutschland","10":"pa_sprache-de","12":"first","13":"instock","14":"taxable","15":"shipping-taxable","16":"purchasable","17":"product-type-simple"},"_links":{"self":[{"href":"https:\/\/pizbube.ch\/en\/wp-json\/wp\/v2\/product\/152988","targetHints":{"allow":["GET"]}}],"collection":[{"href":"https:\/\/pizbube.ch\/en\/wp-json\/wp\/v2\/product"}],"about":[{"href":"https:\/\/pizbube.ch\/en\/wp-json\/wp\/v2\/types\/product"}],"wp:featuredmedia":[{"embeddable":true,"href":"https:\/\/pizbube.ch\/en\/wp-json\/wp\/v2\/media\/29574"}],"wp:attachment":[{"href":"https:\/\/pizbube.ch\/en\/wp-json\/wp\/v2\/media?parent=152988"}],"wp:term":[{"taxonomy":"product_brand","embeddable":true,"href":"https:\/\/pizbube.ch\/en\/wp-json\/wp\/v2\/product_brand?post=152988"},{"taxonomy":"product_cat","embeddable":true,"href":"https:\/\/pizbube.ch\/en\/wp-json\/wp\/v2\/product_cat?post=152988"},{"taxonomy":"product_tag","embeddable":true,"href":"https:\/\/pizbube.ch\/en\/wp-json\/wp\/v2\/product_tag?post=152988"}],"curies":[{"name":"wp","href":"https:\/\/api.w.org\/{rel}","templated":true}]}}