{"id":152989,"date":"2021-01-15T12:34:04","date_gmt":"2021-01-15T12:34:04","guid":{"rendered":"https:\/\/codengine3.ch\/?product=import-placeholder-for-205892"},"modified":"2021-01-15T14:44:46","modified_gmt":"2021-01-15T14:44:46","slug":"der-handkuss-des-augenfalters","status":"publish","type":"product","link":"https:\/\/pizbube.ch\/en\/shop\/der-handkuss-des-augenfalters\/","title":{"rendered":"Der Handkuss des Augenfalters"},"content":{"rendered":"<p>Kriminalroman.<br \/>\nHans-Heinrich Hosang versteht die Welt nicht mehr. Bei einer Bergwanderung am<br \/>\nSchweizer Aletsch-Gletscher findet er einen eif\u00f6rmigen Stein, den er selbst<br \/>\nunter Aufbietung seiner geballten Kr\u00e4fte nicht von der Stelle bewegen kann.<br \/>\nAls nur wenige Schritte entfernt die Betreiberin der dortigen Bergh\u00fctte mit<br \/>\nGift im Blut tot aufgefunden wird, ist es vorbei mit der Ruhe in der<br \/>\neingeschworenen kleinen Berggemeinde. Was hat das r\u00e4tselhafte &#8218;Aletsch-Ei&#8216; mit<br \/>\ndem Mord zu tun? Und was hat die dubiose Nonne mit Laptop in den Bergen zu<br \/>\nsuchen? Hosang wei\u00df: Die Wissenschaftler, die das steinerne Ei untersuchen,<br \/>\nwerden die Wahrheit nicht finden. Denn sie liegt verborgen in der<br \/>\nVergangenheit des Dorfes, und die m\u00f6chten ein paar der Bewohner um jeden Preis<br \/>\ntotschweigen, im wahrsten Sinne des Wortes.<br \/>\n315 S.  <\/p>","protected":false},"excerpt":{"rendered":"<p>Kriminalroman. Hans-Heinrich Hosang versteht die Welt nicht mehr. Bei einer Bergwanderung am Schweizer Aletsch-Gletscher findet er einen eif\u00f6rmigen Stein, den er selbst unter Aufbietung seiner geballten Kr\u00e4fte nicht von der Stelle bewegen kann. Als nur wenige Schritte entfernt die Betreiberin der dortigen Bergh\u00fctte mit Gift im Blut tot aufgefunden wird, ist es vorbei mit der [&#8230;]\n","protected":false},"featured_media":34741,"template":"","meta":[],"product_brand":[],"product_cat":[21629],"product_tag":[],"class_list":{"0":"post-152989","1":"product","2":"type-product","3":"status-publish","4":"has-post-thumbnail","6":"product_cat-belletristik","7":"pa_autor-keller","8":"pa_erscheinungsjahr-21693","9":"pa_region-schweiz","10":"pa_sprache-de","12":"first","13":"instock","14":"taxable","15":"shipping-taxable","16":"purchasable","17":"product-type-simple"},"_links":{"self":[{"href":"https:\/\/pizbube.ch\/en\/wp-json\/wp\/v2\/product\/152989","targetHints":{"allow":["GET"]}}],"collection":[{"href":"https:\/\/pizbube.ch\/en\/wp-json\/wp\/v2\/product"}],"about":[{"href":"https:\/\/pizbube.ch\/en\/wp-json\/wp\/v2\/types\/product"}],"wp:featuredmedia":[{"embeddable":true,"href":"https:\/\/pizbube.ch\/en\/wp-json\/wp\/v2\/media\/34741"}],"wp:attachment":[{"href":"https:\/\/pizbube.ch\/en\/wp-json\/wp\/v2\/media?parent=152989"}],"wp:term":[{"taxonomy":"product_brand","embeddable":true,"href":"https:\/\/pizbube.ch\/en\/wp-json\/wp\/v2\/product_brand?post=152989"},{"taxonomy":"product_cat","embeddable":true,"href":"https:\/\/pizbube.ch\/en\/wp-json\/wp\/v2\/product_cat?post=152989"},{"taxonomy":"product_tag","embeddable":true,"href":"https:\/\/pizbube.ch\/en\/wp-json\/wp\/v2\/product_tag?post=152989"}],"curies":[{"name":"wp","href":"https:\/\/api.w.org\/{rel}","templated":true}]}}