{"id":152990,"date":"2021-01-15T12:34:04","date_gmt":"2021-01-15T12:34:04","guid":{"rendered":"https:\/\/codengine3.ch\/?product=import-placeholder-for-205971"},"modified":"2021-01-15T14:45:20","modified_gmt":"2021-01-15T14:45:20","slug":"schattenwand","status":"publish","type":"product","link":"https:\/\/pizbube.ch\/en\/shop\/schattenwand\/","title":{"rendered":"Schattenwand"},"content":{"rendered":"<p>Es ist ein ambitioniertes Projekt: Die junge Bergf\u00fchrerin Marielle Cerny soll<br \/>\neinem jugendlichen Straft\u00e4ter das Abenteuer Gebirge vermitteln. Ihn sp\u00fcren<br \/>\nlassen, was Freiheit wirklich ist. Ein Filmteam ist mit von der Partie. Doch<br \/>\nniemand ahnt, was es mit dem jungen Mann auf sich hat.<\/p>\n<p>Als die Gruppe auf einer abgelegenen Bergh\u00fctte vom Wintereinbruch \u00fcberrascht<br \/>\nwird, eskaliert die Situation. Im winterlichen Hochgebirge beginnt f\u00fcr<br \/>\nMarielle ein Kampf auf Leben und Tod.<\/p>","protected":false},"excerpt":{"rendered":"<p>Es ist ein ambitioniertes Projekt: Die junge Bergf\u00fchrerin Marielle Cerny soll einem jugendlichen Straft\u00e4ter das Abenteuer Gebirge vermitteln. Ihn sp\u00fcren lassen, was Freiheit wirklich ist. Ein Filmteam ist mit von der Partie. Doch niemand ahnt, was es mit dem jungen Mann auf sich hat. Als die Gruppe auf einer abgelegenen Bergh\u00fctte vom Wintereinbruch \u00fcberrascht wird, [&#8230;]\n","protected":false},"featured_media":34836,"template":"","meta":[],"product_brand":[],"product_cat":[21629],"product_tag":[],"class_list":{"0":"post-152990","1":"product","2":"type-product","3":"status-publish","4":"has-post-thumbnail","6":"product_cat-belletristik","7":"pa_autor-koenig","8":"pa_erscheinungsjahr-21693","9":"pa_region-deutschland","10":"pa_sprache-de","12":"first","13":"instock","14":"taxable","15":"shipping-taxable","16":"purchasable","17":"product-type-simple"},"_links":{"self":[{"href":"https:\/\/pizbube.ch\/en\/wp-json\/wp\/v2\/product\/152990","targetHints":{"allow":["GET"]}}],"collection":[{"href":"https:\/\/pizbube.ch\/en\/wp-json\/wp\/v2\/product"}],"about":[{"href":"https:\/\/pizbube.ch\/en\/wp-json\/wp\/v2\/types\/product"}],"wp:featuredmedia":[{"embeddable":true,"href":"https:\/\/pizbube.ch\/en\/wp-json\/wp\/v2\/media\/34836"}],"wp:attachment":[{"href":"https:\/\/pizbube.ch\/en\/wp-json\/wp\/v2\/media?parent=152990"}],"wp:term":[{"taxonomy":"product_brand","embeddable":true,"href":"https:\/\/pizbube.ch\/en\/wp-json\/wp\/v2\/product_brand?post=152990"},{"taxonomy":"product_cat","embeddable":true,"href":"https:\/\/pizbube.ch\/en\/wp-json\/wp\/v2\/product_cat?post=152990"},{"taxonomy":"product_tag","embeddable":true,"href":"https:\/\/pizbube.ch\/en\/wp-json\/wp\/v2\/product_tag?post=152990"}],"curies":[{"name":"wp","href":"https:\/\/api.w.org\/{rel}","templated":true}]}}