{"id":152991,"date":"2021-01-15T12:34:05","date_gmt":"2021-01-15T12:34:05","guid":{"rendered":"https:\/\/codengine3.ch\/?product=import-placeholder-for-208399"},"modified":"2023-11-14T09:28:08","modified_gmt":"2023-11-14T08:28:08","slug":"lascension-de-saussure","status":"publish","type":"product","link":"https:\/\/pizbube.ch\/en\/shop\/lascension-de-saussure\/","title":{"rendered":"L&#8217;ascension de Saussure"},"content":{"rendered":"<p>L\u2019histoire (vraie !) du naturaliste Horace B\u00e9n\u00e9dict de Saussure qui au XVIIIe<br \/>\nsi\u00e8cle r\u00e9alisa son r\u00eave et gravit le Mont-Blanc.<\/p>\n<p>Avec le talent de l\u2019auteur-illustrateur Pierre Zenzius, cela devient une<br \/>\nformidable histoire pour enfants, un grand voyage, une ascension. \u00c0 travers<br \/>\nles paysages immenses et grandioses, l\u2019exp\u00e9dition, charg\u00e9e de ses paquetages,<br \/>\navance, s\u2019amuse, observe, cherche sa route.<\/p>\n<p>Et quand enfin, la cord\u00e9e parvient au sommet et d\u00e9couvre les \u00e9toiles\u2026 le<br \/>\nnarrateur en a \u00ab plein les pattes \u00bb !? Comment !? H\u00e9 oui, du bout de sa<br \/>\ntruffe, c\u2019\u00e9tait bien le fid\u00e8le compagnon de Saussure qui racontait l\u2019histoire.<\/p>","protected":false},"excerpt":{"rendered":"<ul>\n<li><a href=\"https:\/\/youtu.be\/q-t4jSkVK3Y\" target=\"_blank\" rel=\"noopener\">Video: Trailer_de_saussure<\/a><\/li>\n<\/ul>","protected":false},"featured_media":40106,"template":"","meta":[],"product_brand":[],"product_cat":[21881],"product_tag":[],"class_list":{"0":"post-152991","1":"product","2":"type-product","3":"status-publish","4":"has-post-thumbnail","6":"product_cat-comics","7":"pa_autor-zenzius","8":"pa_erscheinungsjahr-21574","9":"pa_region-frankreich","10":"pa_sprache-fr","12":"first","13":"outofstock","14":"taxable","15":"shipping-taxable","16":"purchasable","17":"product-type-simple"},"_links":{"self":[{"href":"https:\/\/pizbube.ch\/en\/wp-json\/wp\/v2\/product\/152991","targetHints":{"allow":["GET"]}}],"collection":[{"href":"https:\/\/pizbube.ch\/en\/wp-json\/wp\/v2\/product"}],"about":[{"href":"https:\/\/pizbube.ch\/en\/wp-json\/wp\/v2\/types\/product"}],"wp:featuredmedia":[{"embeddable":true,"href":"https:\/\/pizbube.ch\/en\/wp-json\/wp\/v2\/media\/40106"}],"wp:attachment":[{"href":"https:\/\/pizbube.ch\/en\/wp-json\/wp\/v2\/media?parent=152991"}],"wp:term":[{"taxonomy":"product_brand","embeddable":true,"href":"https:\/\/pizbube.ch\/en\/wp-json\/wp\/v2\/product_brand?post=152991"},{"taxonomy":"product_cat","embeddable":true,"href":"https:\/\/pizbube.ch\/en\/wp-json\/wp\/v2\/product_cat?post=152991"},{"taxonomy":"product_tag","embeddable":true,"href":"https:\/\/pizbube.ch\/en\/wp-json\/wp\/v2\/product_tag?post=152991"}],"curies":[{"name":"wp","href":"https:\/\/api.w.org\/{rel}","templated":true}]}}