{"id":152992,"date":"2021-01-15T12:34:05","date_gmt":"2021-01-15T12:34:05","guid":{"rendered":"https:\/\/codengine3.ch\/?product=import-placeholder-for-202184"},"modified":"2022-03-08T10:06:00","modified_gmt":"2022-03-08T09:06:00","slug":"gruyere-diablerets-freiburger-und-waadtlaender-alpen","status":"publish","type":"product","link":"https:\/\/pizbube.ch\/en\/shop\/gruyere-diablerets-freiburger-und-waadtlaender-alpen\/","title":{"rendered":"Gruy\u00e8re &#8211; Diablerets Freiburger und Waadtl\u00e4nder Alpen"},"content":{"rendered":"<div class=\"col-12 col-md-6\">\n<div class=\"d-inline-block strong mr-1\"><span class=\"value\"><br \/>\nGruy\u00e8re ist Feinschmeckern ein Begriff \u2013 schlie\u00dflich kommt aus diesem Gebiet im Schweizer Kanton Freiburg der ber\u00fchmte gleichnamige K\u00e4se. Gruy\u00e8re ist jedoch nicht nur etwas f\u00fcr Gourmands. Wanderern und Bergsteigern wird beim Anblick der gr\u00fcnen Almwiesen in der Alpregion, der Weinberge im Rhonetal und der spektakul\u00e4ren Dreitausender von Les Diablerets das Wasser im Mund zusammenlaufen. Sie finden im Rother Wanderf\u00fchrer \u00bbGruy\u00e8re \u2013 Diablerets\u00ab 60 der sch\u00f6nsten Wanderungen in den Freiburger und Waadtl\u00e4nder Alpen vorgestellt.<\/span><\/div>\n<div><\/div>\n<div class=\"d-inline-block strong mr-1\">\n<p><span class=\"value\">Gruy\u00e8re \u2013 oder \u00bbGreyerz\u00ab im Schweizerdeutschen \u2013 hat f\u00fcr jeden Geschmack etwas zu bieten: Wer es nicht zu steil mag, wird von den herrlichen Wanderungen an Fl\u00fcssen und Seen begeistert sein. Idyllische Wanderwege f\u00fchren auf Almen mit herrlichem Bergpanorama. Wer noch h\u00f6her hinaus will, findet in diesem Wanderf\u00fchrer spektakul\u00e4re Steige und anspruchsvolle Gipfelbesteigungen beschrieben. Und dann gibt es noch die \u00bbGrandes Randonn\u00e9es\u00ab: Drei atemberaubende Mehrtagestouren im hochalpinen Gel\u00e4nde mit allem, was das Bergsteiger-Herz begehrt.<\/span><\/p>\n<p>F\u00fcr ein gelungenes Drumherum sorgen Tipps f\u00fcr Veranstaltungen und lohnende Stadtbesichtigungen, wie das freundliche St\u00e4dtchen Gruy\u00e8res. Und weil Wandern hungrig macht, gilt ein besonderes Augenmerk auch den kulinarischen Gen\u00fcssen \u2013 allen voran nat\u00fcrlich K\u00e4se und Wein.<\/p>\n<p>Jede Wanderung wird mit einer zuverl\u00e4ssigen Wegbeschreibung, einem Wanderk\u00e4rtchen mit eingezeichnetem Routenverlauf und einem H\u00f6henprofil vorgestellt. GPS-Tracks stehen zudem zum Download bereit. Die Autoren Bernd Jung und Daniel Anker liefern neben den Wanderbeschreibungen auch viele Tipps zu Sehenswertem, zu Einkehr, Unterk\u00fcnften und \u00f6ffentlichen Verkehrsmitteln. Und nicht zuletzt wecken die Fotos die Vorfreude auf den Wander- (und Gourmet-)Urlaub in der Westschweiz. Bon app\u00e9tit!<\/p>\n<\/div>\n<div><\/div>\n<div class=\"d-inline-block\">60 Touren<\/div>\n<\/div>\n<div class=\"col-12 col-md-6\">\n<div class=\"d-inline-block\">2., erweiterte und vollst\u00e4ndig \u00fcberarbeitete Auflage 2022<\/div>\n<\/div>\n<div class=\"col-12 col-md-6\">\n<div class=\"d-inline-block strong mr-1\">Seiten: 216<\/div>\n<\/div>\n<div class=\"col-12 col-md-6\">\n<div class=\"d-inline-block strong mr-1\">Anzahl der Bilder: 155<\/div>\n<\/div>\n<div class=\"col-12 col-md-6\">\n<div class=\"d-inline-block\">60 H\u00f6henprofile, 60 Wanderk\u00e4rtchen im Ma\u00dfstab 1:50.000, 1:75.000 und 1:100.000, zwei \u00dcbersichtskarten, GPS-Tracks zum Download<\/div>\n<\/div>","protected":false},"excerpt":{"rendered":"<p>Gruy\u00e8re ist Feinschmeckern ein Begriff \u2013 schlie\u00dflich kommt aus diesem Gebiet im Schweizer Kanton Freiburg der ber\u00fchmte gleichnamige K\u00e4se. Gruy\u00e8re ist jedoch nicht nur etwas f\u00fcr Gourmands. Wanderern und Bergsteigern wird beim Anblick der gr\u00fcnen Almwiesen in der Alpregion, der Weinberge im Rhonetal und der spektakul\u00e4ren Dreitausender von Les Diablerets das Wasser im Mund zusammenlaufen. [&#8230;]\n","protected":false},"featured_media":160962,"template":"","meta":[],"product_brand":[],"product_cat":[21605],"product_tag":[],"class_list":{"0":"post-152992","1":"product","2":"type-product","3":"status-publish","4":"has-post-thumbnail","6":"product_cat-wanderfuehrer-trekking","7":"pa_autor-anker-jung","8":"pa_erscheinungsjahr-27013","9":"pa_region-schweiz","10":"pa_sprache-de","12":"first","13":"instock","14":"taxable","15":"shipping-taxable","16":"purchasable","17":"product-type-simple"},"_links":{"self":[{"href":"https:\/\/pizbube.ch\/en\/wp-json\/wp\/v2\/product\/152992","targetHints":{"allow":["GET"]}}],"collection":[{"href":"https:\/\/pizbube.ch\/en\/wp-json\/wp\/v2\/product"}],"about":[{"href":"https:\/\/pizbube.ch\/en\/wp-json\/wp\/v2\/types\/product"}],"wp:featuredmedia":[{"embeddable":true,"href":"https:\/\/pizbube.ch\/en\/wp-json\/wp\/v2\/media\/160962"}],"wp:attachment":[{"href":"https:\/\/pizbube.ch\/en\/wp-json\/wp\/v2\/media?parent=152992"}],"wp:term":[{"taxonomy":"product_brand","embeddable":true,"href":"https:\/\/pizbube.ch\/en\/wp-json\/wp\/v2\/product_brand?post=152992"},{"taxonomy":"product_cat","embeddable":true,"href":"https:\/\/pizbube.ch\/en\/wp-json\/wp\/v2\/product_cat?post=152992"},{"taxonomy":"product_tag","embeddable":true,"href":"https:\/\/pizbube.ch\/en\/wp-json\/wp\/v2\/product_tag?post=152992"}],"curies":[{"name":"wp","href":"https:\/\/api.w.org\/{rel}","templated":true}]}}