{"id":152993,"date":"2021-01-15T12:34:05","date_gmt":"2021-01-15T12:34:05","guid":{"rendered":"https:\/\/codengine3.ch\/?product=import-placeholder-for-202364"},"modified":"2021-01-15T12:35:40","modified_gmt":"2021-01-15T12:35:40","slug":"randonnees-en-montagne-jura-fribourg-vaud","status":"publish","type":"product","link":"https:\/\/pizbube.ch\/en\/shop\/randonnees-en-montagne-jura-fribourg-vaud\/","title":{"rendered":"Randonn\u00e9es en montagne Jura &#8211; Fribourg &#8211; Vaud"},"content":{"rendered":"<p>Randonn\u00e9es en montagne<br \/>\nJura &#8211; Fribourg &#8211; Vaud<br \/>\nRandonn\u00e9e alpine  <\/p>\n<p>Version pr\u00e9sent\u00e9e dans une mise en page noufelle, plus attrayante \u00e0 l`oeil et<br \/>\nplus facile \u00e0 consulter, avec 70 nouvelles photos et de nombreux textes<br \/>\nculturels. Ce guide a \u00e9t\u00e9 enti\u00e8rement contr\u00f4l\u00e9 et mis \u00e0 jour avec adaptation<br \/>\nde plusieurs itin\u00e9raires aux conditions actuelles climatiques ou de terrain.<br \/>\nCette \u00e9dition plus compl\u00e8te d\u00e9crit 125 randonn\u00e9es, contre 112 dans l`\u00e9dition<br \/>\noriginale.  <\/p>\n<p>336 pages, 133 photos en couleur, 125 inforgraphies, 6 cartes de situations  <\/p>","protected":false},"excerpt":{"rendered":"<p>Randonn\u00e9es en montagne Jura &#8211; Fribourg &#8211; Vaud Randonn\u00e9e alpine Version pr\u00e9sent\u00e9e dans une mise en page noufelle, plus attrayante \u00e0 l`oeil et plus facile \u00e0 consulter, avec 70 nouvelles photos et de nombreux textes culturels. Ce guide a \u00e9t\u00e9 enti\u00e8rement contr\u00f4l\u00e9 et mis \u00e0 jour avec adaptation de plusieurs itin\u00e9raires aux conditions actuelles climatiques [&#8230;]\n","protected":false},"featured_media":29745,"template":"","meta":[],"product_brand":[],"product_cat":[21605],"product_tag":[],"class_list":{"0":"post-152993","1":"product","2":"type-product","3":"status-publish","4":"has-post-thumbnail","6":"product_cat-wanderfuehrer-trekking","7":"pa_autor-metzker","8":"pa_erscheinungsjahr-21591","9":"pa_region-schweiz","10":"pa_sprache-de","12":"first","13":"instock","14":"taxable","15":"shipping-taxable","16":"purchasable","17":"product-type-simple"},"_links":{"self":[{"href":"https:\/\/pizbube.ch\/en\/wp-json\/wp\/v2\/product\/152993","targetHints":{"allow":["GET"]}}],"collection":[{"href":"https:\/\/pizbube.ch\/en\/wp-json\/wp\/v2\/product"}],"about":[{"href":"https:\/\/pizbube.ch\/en\/wp-json\/wp\/v2\/types\/product"}],"wp:featuredmedia":[{"embeddable":true,"href":"https:\/\/pizbube.ch\/en\/wp-json\/wp\/v2\/media\/29745"}],"wp:attachment":[{"href":"https:\/\/pizbube.ch\/en\/wp-json\/wp\/v2\/media?parent=152993"}],"wp:term":[{"taxonomy":"product_brand","embeddable":true,"href":"https:\/\/pizbube.ch\/en\/wp-json\/wp\/v2\/product_brand?post=152993"},{"taxonomy":"product_cat","embeddable":true,"href":"https:\/\/pizbube.ch\/en\/wp-json\/wp\/v2\/product_cat?post=152993"},{"taxonomy":"product_tag","embeddable":true,"href":"https:\/\/pizbube.ch\/en\/wp-json\/wp\/v2\/product_tag?post=152993"}],"curies":[{"name":"wp","href":"https:\/\/api.w.org\/{rel}","templated":true}]}}