{"id":152996,"date":"2021-01-15T12:34:05","date_gmt":"2021-01-15T12:34:05","guid":{"rendered":"https:\/\/codengine3.ch\/?product=import-placeholder-for-204413"},"modified":"2021-01-15T14:32:55","modified_gmt":"2021-01-15T14:32:55","slug":"encantado-escalade-au-pays-des-gauchos-dvd","status":"publish","type":"product","link":"https:\/\/pizbube.ch\/en\/shop\/encantado-escalade-au-pays-des-gauchos-dvd\/","title":{"rendered":"ENCANTADO Escalade au pays des Gauchos DVD"},"content":{"rendered":"<p>Patagonie, ce nom sonne comme un irr\u00e9sistible chant des sir\u00e8nes pour les<br \/>\namoureux de la nature et les pratiquants de sports outdoor.  <\/p>\n<p>Les grimpeurs n&#8217;\u00e9chappent pas \u00e0 la r\u00e8gle.  <\/p>\n<p>\u00c0 la recherche de la falaise parfaite, ils ont parcouru la r\u00e9gion des grands<br \/>\nlacs en raft, en kayak, \u00e0 pied ou \u00e0 cheval pour impressionner la pellicule des<br \/>\npaysages les plus somptueux.<br \/>\nUn voyage sportif \u00e0 travers la Patagonie.<br \/>\nFilm: 126 minutes; Bonus: 26 minutes DVD<\/p>","protected":false},"excerpt":{"rendered":"<p>Patagonie, ce nom sonne comme un irr\u00e9sistible chant des sir\u00e8nes pour les amoureux de la nature et les pratiquants de sports outdoor. Les grimpeurs n&#8217;\u00e9chappent pas \u00e0 la r\u00e8gle. \u00c0 la recherche de la falaise parfaite, ils ont parcouru la r\u00e9gion des grands lacs en raft, en kayak, \u00e0 pied ou \u00e0 cheval pour impressionner [&#8230;]\n","protected":false},"featured_media":32278,"template":"","meta":[],"product_brand":[],"product_cat":[21628],"product_tag":[],"class_list":{"0":"post-152996","1":"product","2":"type-product","3":"status-publish","4":"has-post-thumbnail","6":"product_cat-video-dvd-multimedia","7":"pa_autor-kairn","8":"pa_erscheinungsjahr-21763","9":"pa_region-amerika-sued","10":"pa_sprache-e","11":"pa_sprache-f","12":"pa_sprache-sp","14":"first","15":"instock","16":"taxable","17":"shipping-taxable","18":"purchasable","19":"product-type-simple"},"_links":{"self":[{"href":"https:\/\/pizbube.ch\/en\/wp-json\/wp\/v2\/product\/152996","targetHints":{"allow":["GET"]}}],"collection":[{"href":"https:\/\/pizbube.ch\/en\/wp-json\/wp\/v2\/product"}],"about":[{"href":"https:\/\/pizbube.ch\/en\/wp-json\/wp\/v2\/types\/product"}],"wp:featuredmedia":[{"embeddable":true,"href":"https:\/\/pizbube.ch\/en\/wp-json\/wp\/v2\/media\/32278"}],"wp:attachment":[{"href":"https:\/\/pizbube.ch\/en\/wp-json\/wp\/v2\/media?parent=152996"}],"wp:term":[{"taxonomy":"product_brand","embeddable":true,"href":"https:\/\/pizbube.ch\/en\/wp-json\/wp\/v2\/product_brand?post=152996"},{"taxonomy":"product_cat","embeddable":true,"href":"https:\/\/pizbube.ch\/en\/wp-json\/wp\/v2\/product_cat?post=152996"},{"taxonomy":"product_tag","embeddable":true,"href":"https:\/\/pizbube.ch\/en\/wp-json\/wp\/v2\/product_tag?post=152996"}],"curies":[{"name":"wp","href":"https:\/\/api.w.org\/{rel}","templated":true}]}}