{"id":152999,"date":"2021-01-15T12:34:06","date_gmt":"2021-01-15T12:34:06","guid":{"rendered":"https:\/\/codengine3.ch\/?product=import-placeholder-for-202191"},"modified":"2021-01-15T12:34:10","modified_gmt":"2021-01-15T12:34:10","slug":"dans-le-secret-des-galciers-du-mont-blanc","status":"publish","type":"product","link":"https:\/\/pizbube.ch\/en\/shop\/dans-le-secret-des-galciers-du-mont-blanc\/","title":{"rendered":"dans le secret des galciers du Mont Blanc"},"content":{"rendered":"<p>Afin de r\u00e9pondre aux nombreuses questions que l&#8217;on se pose sur les glaciers,<br \/>\nLuc Moreau et Robert Vivian nous entra\u00eenent dans le massif du Mont-Blanc,<br \/>\nberceau de la glaciologie, avec ses 101 glaciers, dont le plus grand et le<br \/>\nplus fameux des Alpes Occidentales, la Mer de Glace, approch\u00e9e par des<br \/>\nmilliers de touristes chaque ann\u00e9e.<br \/>\nLes glaciers captivent les hommes car ils sont des ph\u00e9nom\u00e8nes naturels<br \/>\nextr\u00eames et des \u00e9l\u00e9ments vivants dont les fluctuations sont visibles \u00e0<br \/>\nl&#8217;\u00e9chelle d&#8217;une vie. On sait les dangers qu&#8217;ils repr\u00e9sentent, mais on conna\u00eet<br \/>\naussi d\u00e9sormais les bienfaits qu&#8217;ils procurent (ressources en eau et en<br \/>\n\u00e9nergie hydro\u00e9lecrique, attraction touristique, \u00e9tude des climat,etc.), et<br \/>\nleur contemplation suscite toujo urs la m\u00eame \u00e9motion.  <\/p>\n<p>Des explications simples, appuy\u00e9es sur les faits historiques et les mesures<br \/>\nscientifiques de terrain, nous permettent de mieux appr\u00e9cier le fascinant<br \/>\nspectacle de la montagne en p\u00e9n\u00e9trant un instant dans le secret des glaciers<br \/>\ndu Mont-Blanc.  <\/p>","protected":false},"excerpt":{"rendered":"<p>Afin de r\u00e9pondre aux nombreuses questions que l&#8217;on se pose sur les glaciers, Luc Moreau et Robert Vivian nous entra\u00eenent dans le massif du Mont-Blanc, berceau de la glaciologie, avec ses 101 glaciers, dont le plus grand et le plus fameux des Alpes Occidentales, la Mer de Glace, approch\u00e9e par des milliers de touristes chaque [&#8230;]\n","protected":false},"featured_media":29582,"template":"","meta":[],"product_brand":[],"product_cat":[21542],"product_tag":[],"class_list":{"0":"post-152999","1":"product","2":"type-product","3":"status-publish","4":"has-post-thumbnail","6":"product_cat-sachbuecher-dokumentationen","7":"pa_autor-moreau-vivian","8":"pa_erscheinungsjahr-21750","9":"pa_region-frankreich","10":"pa_sprache-fr","12":"first","13":"instock","14":"taxable","15":"shipping-taxable","16":"purchasable","17":"product-type-simple"},"_links":{"self":[{"href":"https:\/\/pizbube.ch\/en\/wp-json\/wp\/v2\/product\/152999","targetHints":{"allow":["GET"]}}],"collection":[{"href":"https:\/\/pizbube.ch\/en\/wp-json\/wp\/v2\/product"}],"about":[{"href":"https:\/\/pizbube.ch\/en\/wp-json\/wp\/v2\/types\/product"}],"wp:featuredmedia":[{"embeddable":true,"href":"https:\/\/pizbube.ch\/en\/wp-json\/wp\/v2\/media\/29582"}],"wp:attachment":[{"href":"https:\/\/pizbube.ch\/en\/wp-json\/wp\/v2\/media?parent=152999"}],"wp:term":[{"taxonomy":"product_brand","embeddable":true,"href":"https:\/\/pizbube.ch\/en\/wp-json\/wp\/v2\/product_brand?post=152999"},{"taxonomy":"product_cat","embeddable":true,"href":"https:\/\/pizbube.ch\/en\/wp-json\/wp\/v2\/product_cat?post=152999"},{"taxonomy":"product_tag","embeddable":true,"href":"https:\/\/pizbube.ch\/en\/wp-json\/wp\/v2\/product_tag?post=152999"}],"curies":[{"name":"wp","href":"https:\/\/api.w.org\/{rel}","templated":true}]}}