{"id":153000,"date":"2021-01-15T12:34:06","date_gmt":"2021-01-15T12:34:06","guid":{"rendered":"https:\/\/codengine3.ch\/?product=import-placeholder-for-205136"},"modified":"2021-01-15T14:38:59","modified_gmt":"2021-01-15T14:38:59","slug":"glaciers","status":"publish","type":"product","link":"https:\/\/pizbube.ch\/en\/shop\/glaciers\/","title":{"rendered":"Glaciers"},"content":{"rendered":"<p>Forces et Fragilit\u00e9s  <\/p>\n<p>Un beau livre superbe et \u00e9tonnant avec des photographies majestueuses pour<br \/>\nappr\u00e9hender les beaut\u00e9s des glaciers de la plan\u00e8te et comprendre les enjeux de<br \/>\nleur survie face \u00e0 l&#8217;\u00e9preuve du climat.  <\/p>\n<p>Quel avenir pour les glaciers? \u00c0 l&#8217;aube du bouleversement climatique<br \/>\nmaintenant clairement annonc\u00e9, cette question n&#8217;a jamais \u00e9t\u00e9 autant<br \/>\nd&#8217;actualit\u00e9. Pourtant que repr\u00e9sentent ces menaces lorsqu&#8217;on sait qu&#8217;un<br \/>\nglacier tout au long de sa vie gagne ou perd en volume? comment croire \u00e0 une<br \/>\ndisparition lorsqu&#8217;on voit de telles splendeurs?<br \/>\nDe l&#8217;Alaska \u00e0 la Patagonie, des Alpes \u00e0 l&#8217;Himalaya et \u00e0 la cordill\u00e8re des<br \/>\nAndes, cet ouvrage permet de d\u00e9couvrir les glaciers dans toute leur majest\u00e9<br \/>\ngr\u00e2ce aux superbes photographies, et aide \u00e0 comprendre les m\u00e9canismes de<br \/>\nformation et les dynamiques de ces masses gel\u00e9es avec des textes au contenu<br \/>\naccessible. Les glaciers bougent, s&#8217;alimentent, interf\u00e8rent avec l&#8217;atmosph\u00e8re.<br \/>\nEmpreintes du temps, ils regorgent d&#8217;information sur les climats pass\u00e9s.<br \/>\nConstamment surveill\u00e9s et mesur\u00e9s par les scientifiques ils sont des<br \/>\nindicateurs tr\u00e8s performants des variations climatiques. Ils sont \u00e0 la fois<br \/>\nressource pour l&#8217;homme mais aussi risque.<br \/>\nUn fabuleux voyage au coeur de continents glac\u00e9s, un livre pour voir et pour<br \/>\ncomprendre.<\/p>","protected":false},"excerpt":{"rendered":"<p>Forces et Fragilit\u00e9s Un beau livre superbe et \u00e9tonnant avec des photographies majestueuses pour appr\u00e9hender les beaut\u00e9s des glaciers de la plan\u00e8te et comprendre les enjeux de leur survie face \u00e0 l&#8217;\u00e9preuve du climat. Quel avenir pour les glaciers? \u00c0 l&#8217;aube du bouleversement climatique maintenant clairement annonc\u00e9, cette question n&#8217;a jamais \u00e9t\u00e9 autant d&#8217;actualit\u00e9. Pourtant [&#8230;]\n","protected":false},"featured_media":33753,"template":"","meta":[],"product_brand":[],"product_cat":[21542],"product_tag":[],"class_list":{"0":"post-153000","1":"product","2":"type-product","3":"status-publish","4":"has-post-thumbnail","6":"product_cat-sachbuecher-dokumentationen","7":"pa_autor-wagnon-vincent-six-francou","8":"pa_erscheinungsjahr-21842","9":"pa_region-frankreich","10":"pa_sprache-fr","12":"first","13":"instock","14":"taxable","15":"shipping-taxable","16":"purchasable","17":"product-type-simple"},"_links":{"self":[{"href":"https:\/\/pizbube.ch\/en\/wp-json\/wp\/v2\/product\/153000","targetHints":{"allow":["GET"]}}],"collection":[{"href":"https:\/\/pizbube.ch\/en\/wp-json\/wp\/v2\/product"}],"about":[{"href":"https:\/\/pizbube.ch\/en\/wp-json\/wp\/v2\/types\/product"}],"wp:featuredmedia":[{"embeddable":true,"href":"https:\/\/pizbube.ch\/en\/wp-json\/wp\/v2\/media\/33753"}],"wp:attachment":[{"href":"https:\/\/pizbube.ch\/en\/wp-json\/wp\/v2\/media?parent=153000"}],"wp:term":[{"taxonomy":"product_brand","embeddable":true,"href":"https:\/\/pizbube.ch\/en\/wp-json\/wp\/v2\/product_brand?post=153000"},{"taxonomy":"product_cat","embeddable":true,"href":"https:\/\/pizbube.ch\/en\/wp-json\/wp\/v2\/product_cat?post=153000"},{"taxonomy":"product_tag","embeddable":true,"href":"https:\/\/pizbube.ch\/en\/wp-json\/wp\/v2\/product_tag?post=153000"}],"curies":[{"name":"wp","href":"https:\/\/api.w.org\/{rel}","templated":true}]}}