{"id":153001,"date":"2021-01-15T12:34:06","date_gmt":"2021-01-15T12:34:06","guid":{"rendered":"https:\/\/codengine3.ch\/?product=import-placeholder-for-206716"},"modified":"2021-01-15T14:51:08","modified_gmt":"2021-01-15T14:51:08","slug":"les-glaciers","status":"publish","type":"product","link":"https:\/\/pizbube.ch\/en\/shop\/les-glaciers\/","title":{"rendered":"Les glaciers"},"content":{"rendered":"<p>Quoi de plus fascinant et de plus utile qu&#8217;un glacier ? Pr\u00e8s de 90 % des<br \/>\nr\u00e9serves d&#8217;eau douce de notre plan\u00e8te se trouve sous forme solide. Si cette<br \/>\nincroyable masse d&#8217;eau venait \u00e0 fondre, le niveau des mers s&#8217;\u00e9l\u00e8verait d&#8217;une<br \/>\ncentaine de m\u00e8tres ! Les glaciers de montagne repr\u00e9sentent \u00e0 peine 2 % de la<br \/>\nglace terrestre. lis ont cependant une influence d\u00e9terminante sur les<br \/>\nactivit\u00e9s humaines et la soci\u00e9t\u00e9 montagnarde. Leur proximit\u00e9 parfois<br \/>\ndangereuse, leur action sur le relief, leur apport \u00e9conomique aussi, ont<br \/>\nfa\u00e7onn\u00e9 notre environnement et notre culture.<\/p>\n<p>Le Valais, \u00e0 lui seul, poss\u00e8de le tiers des glaces de la cha\u00eene des Alpes :<br \/>\nc&#8217;est dire si les trente-trois principaux glaciers valaisans \u00e9tudi\u00e9s dans cet<br \/>\nouvrage sont significatifs pour comprendre les m\u00e9canismes et le comportement<br \/>\ndes glaciers alpins. L&#8217;auteur en d\u00e9crit avec simplicit\u00e9 l&#8217;\u00e9volution, de la<br \/>\nderni\u00e8re \u00e9poque glaciaire jusqu&#8217;\u00e0 nos jours. Il abord\u00e9 aussi les rapports de<br \/>\nl&#8217;homme avec les glaciers, sources d&#8217;eau n\u00e9cessaires \u00e0 sa survie, mais causes<br \/>\nde catastrophes terribles aussi. Richement illustr\u00e9 par des photographies et<br \/>\ndes sch\u00e9mas en couleurs, cet ouvrage est accessible \u00e0 un large public, du<br \/>\npromeneur qui y apprendra \u00e0 d\u00e9couvrir la nature avec un oeil attentif au<br \/>\npassionn\u00e9 de sciences naturelles.  <\/p>\n<p>Ouvrage scientifique de 325 pages , accessible \u00e0 un large public, richement<br \/>\nillustr\u00e9 de photographies et de sch\u00e9mas en couleurs.<\/p>","protected":false},"excerpt":{"rendered":"<p>Quoi de plus fascinant et de plus utile qu&#8217;un glacier ? Pr\u00e8s de 90 % des r\u00e9serves d&#8217;eau douce de notre plan\u00e8te se trouve sous forme solide. Si cette incroyable masse d&#8217;eau venait \u00e0 fondre, le niveau des mers s&#8217;\u00e9l\u00e8verait d&#8217;une centaine de m\u00e8tres ! Les glaciers de montagne repr\u00e9sentent \u00e0 peine 2 % de [&#8230;]\n","protected":false},"featured_media":35918,"template":"","meta":[],"product_brand":[],"product_cat":[21542],"product_tag":[],"class_list":{"0":"post-153001","1":"product","2":"type-product","3":"status-publish","4":"has-post-thumbnail","6":"product_cat-sachbuecher-dokumentationen","7":"pa_autor-zryd","8":"pa_erscheinungsjahr-22242","9":"pa_region-fauna-flora-geologie-glaziologie","10":"pa_sprache-fr","12":"first","13":"instock","14":"taxable","15":"shipping-taxable","16":"purchasable","17":"product-type-simple"},"_links":{"self":[{"href":"https:\/\/pizbube.ch\/en\/wp-json\/wp\/v2\/product\/153001","targetHints":{"allow":["GET"]}}],"collection":[{"href":"https:\/\/pizbube.ch\/en\/wp-json\/wp\/v2\/product"}],"about":[{"href":"https:\/\/pizbube.ch\/en\/wp-json\/wp\/v2\/types\/product"}],"wp:featuredmedia":[{"embeddable":true,"href":"https:\/\/pizbube.ch\/en\/wp-json\/wp\/v2\/media\/35918"}],"wp:attachment":[{"href":"https:\/\/pizbube.ch\/en\/wp-json\/wp\/v2\/media?parent=153001"}],"wp:term":[{"taxonomy":"product_brand","embeddable":true,"href":"https:\/\/pizbube.ch\/en\/wp-json\/wp\/v2\/product_brand?post=153001"},{"taxonomy":"product_cat","embeddable":true,"href":"https:\/\/pizbube.ch\/en\/wp-json\/wp\/v2\/product_cat?post=153001"},{"taxonomy":"product_tag","embeddable":true,"href":"https:\/\/pizbube.ch\/en\/wp-json\/wp\/v2\/product_tag?post=153001"}],"curies":[{"name":"wp","href":"https:\/\/api.w.org\/{rel}","templated":true}]}}