{"id":153002,"date":"2021-01-15T12:34:06","date_gmt":"2021-01-15T12:34:06","guid":{"rendered":"https:\/\/codengine3.ch\/?product=import-placeholder-for-207642"},"modified":"2021-01-15T16:05:31","modified_gmt":"2021-01-15T16:05:31","slug":"adieu-glaciers-sublimes","status":"publish","type":"product","link":"https:\/\/pizbube.ch\/en\/shop\/adieu-glaciers-sublimes\/","title":{"rendered":"Adieu Glaciers sublimes"},"content":{"rendered":"<p>&#171;Adieu glaciers sublimes\u00bb est le cri lanc\u00e9 par Charly Wuilloud, exchef de la<br \/>\nsection des dangers naturels du Valais.<br \/>\nLe constat \u00ab 90% du volume de glace aura fondu d\u2019ici 2100 \u00bb et de gros dangers<br \/>\n\u00e0 venir : avalanches, chutes de s\u00e9racs menacent voies de communications,<br \/>\nam\u00e9nagements hydro\u00e9lectrique et habitations.  <\/p>\n<p>Devant ces dangers, le canton a mis sur pied, d\u00e8s 1965, date de la catastrophe<br \/>\nde Mattmark, un inventaire des glaciers : r\u00e9pertori\u00e9s, surveill\u00e9s de pr\u00e8s,<br \/>\ncertains par des cam\u00e9ras permettant de prendre des mesures rapides, telles que<br \/>\nla fermeture des voies de communications menac\u00e9es.<br \/>\nMoins de glace \u00e9gal moins d\u2019eau et moins d\u2019\u00e9nergie : l\u2019\u00e9valuation des r\u00e9serves<br \/>\nd\u2019eau a \u00e9t\u00e9 conduite sur 11 glaciers et va permettre \u00e0 l\u2019Etat d\u2019adopter une<br \/>\npolitique de gestion et d\u00e9finir une strat\u00e9gie.  <\/p>\n<p>Le livre rappelle \u00e9galement \u00e0 quel point l\u2019histoire du Valais et de ses<br \/>\nhabitants a depuis toujours \u00e9t\u00e9 li\u00e9e \u00e0 celle des glaciers, d\u2019o\u00f9 le<br \/>\nqualificatif de sublimes.<br \/>\nLe livre est ponctu\u00e9 de l\u00e9gendes illustr\u00e9es par l\u2019artiste Pierre Zufferey.<\/p>","protected":false},"excerpt":{"rendered":"<p>&#171;Adieu glaciers sublimes\u00bb est le cri lanc\u00e9 par Charly Wuilloud, exchef de la section des dangers naturels du Valais. Le constat \u00ab 90% du volume de glace aura fondu d\u2019ici 2100 \u00bb et de gros dangers \u00e0 venir : avalanches, chutes de s\u00e9racs menacent voies de communications, am\u00e9nagements hydro\u00e9lectrique et habitations. Devant ces dangers, le [&#8230;]\n","protected":false},"featured_media":38013,"template":"","meta":[],"product_brand":[],"product_cat":[21542],"product_tag":[],"class_list":{"0":"post-153002","1":"product","2":"type-product","3":"status-publish","4":"has-post-thumbnail","6":"product_cat-sachbuecher-dokumentationen","7":"pa_autor-funk-salami-wuilloud","8":"pa_erscheinungsjahr-21568","9":"pa_region-fauna-flora-geologie-glaziologie","10":"pa_sprache-fr","12":"first","13":"instock","14":"taxable","15":"shipping-taxable","16":"purchasable","17":"product-type-simple"},"_links":{"self":[{"href":"https:\/\/pizbube.ch\/en\/wp-json\/wp\/v2\/product\/153002","targetHints":{"allow":["GET"]}}],"collection":[{"href":"https:\/\/pizbube.ch\/en\/wp-json\/wp\/v2\/product"}],"about":[{"href":"https:\/\/pizbube.ch\/en\/wp-json\/wp\/v2\/types\/product"}],"wp:featuredmedia":[{"embeddable":true,"href":"https:\/\/pizbube.ch\/en\/wp-json\/wp\/v2\/media\/38013"}],"wp:attachment":[{"href":"https:\/\/pizbube.ch\/en\/wp-json\/wp\/v2\/media?parent=153002"}],"wp:term":[{"taxonomy":"product_brand","embeddable":true,"href":"https:\/\/pizbube.ch\/en\/wp-json\/wp\/v2\/product_brand?post=153002"},{"taxonomy":"product_cat","embeddable":true,"href":"https:\/\/pizbube.ch\/en\/wp-json\/wp\/v2\/product_cat?post=153002"},{"taxonomy":"product_tag","embeddable":true,"href":"https:\/\/pizbube.ch\/en\/wp-json\/wp\/v2\/product_tag?post=153002"}],"curies":[{"name":"wp","href":"https:\/\/api.w.org\/{rel}","templated":true}]}}