{"id":153005,"date":"2021-01-15T12:34:12","date_gmt":"2021-01-15T12:34:12","guid":{"rendered":"https:\/\/codengine3.ch\/?product=import-placeholder-for-202930"},"modified":"2021-01-15T12:52:34","modified_gmt":"2021-01-15T12:52:34","slug":"escales-roca-caliente-en-los-pirineos-vol-1","status":"publish","type":"product","link":"https:\/\/pizbube.ch\/en\/shop\/escales-roca-caliente-en-los-pirineos-vol-1\/","title":{"rendered":"Escales, Roca Caliente en los Pirineos Vol. 1"},"content":{"rendered":"<p>Gu\u00eda de escalada que refleja un conjunto de zonas a caballo entre Catalu\u00f1a y<br \/>\nArag\u00f3n, aunque es en esta \u00faltima regi\u00f3n donde se incluyen la mayor\u00eda: Sopeira,<br \/>\nSerra de Sant Gerv\u00e0s, Serra de Ller\u00e0s, Santorens, Tossal de la Creu, Roques de<br \/>\nCosdevia, Viuet, Forcat, Valle de Is\u00e1bena-Sierra de Sis. Encontraremos una<br \/>\ngran variedad de escaladas -tanto deportivas como de pared- con distintas<br \/>\norientaciones y tipos de roca, principalmente caliza.  <\/p>\n<p>A topo-guide to climbing in the ruggedly beautiful Catalan pre-Pyrenees in<br \/>\nNorth-East Spain. The climbing here is interesting and very varied, from<br \/>\nsingle-pitch sport climbs to multi-pitch, traditionally protected routes on<br \/>\ngenerally excellent limestone.<\/p>","protected":false},"excerpt":{"rendered":"<p>Gu\u00eda de escalada que refleja un conjunto de zonas a caballo entre Catalu\u00f1a y Arag\u00f3n, aunque es en esta \u00faltima regi\u00f3n donde se incluyen la mayor\u00eda: Sopeira, Serra de Sant Gerv\u00e0s, Serra de Ller\u00e0s, Santorens, Tossal de la Creu, Roques de Cosdevia, Viuet, Forcat, Valle de Is\u00e1bena-Sierra de Sis. Encontraremos una gran variedad de escaladas [&#8230;]\n","protected":false},"featured_media":30418,"template":"","meta":[],"product_brand":[],"product_cat":[21539],"product_tag":[],"class_list":{"0":"post-153005","1":"product","2":"type-product","3":"status-publish","4":"has-post-thumbnail","6":"product_cat-fuehrerliteratur-sportklettern-bouldern","7":"pa_autor-alfonso-buxo","8":"pa_erscheinungsjahr-22292","9":"pa_region-spanien","10":"pa_sprache-sp","12":"first","13":"instock","14":"taxable","15":"shipping-taxable","16":"purchasable","17":"product-type-simple"},"_links":{"self":[{"href":"https:\/\/pizbube.ch\/en\/wp-json\/wp\/v2\/product\/153005","targetHints":{"allow":["GET"]}}],"collection":[{"href":"https:\/\/pizbube.ch\/en\/wp-json\/wp\/v2\/product"}],"about":[{"href":"https:\/\/pizbube.ch\/en\/wp-json\/wp\/v2\/types\/product"}],"wp:featuredmedia":[{"embeddable":true,"href":"https:\/\/pizbube.ch\/en\/wp-json\/wp\/v2\/media\/30418"}],"wp:attachment":[{"href":"https:\/\/pizbube.ch\/en\/wp-json\/wp\/v2\/media?parent=153005"}],"wp:term":[{"taxonomy":"product_brand","embeddable":true,"href":"https:\/\/pizbube.ch\/en\/wp-json\/wp\/v2\/product_brand?post=153005"},{"taxonomy":"product_cat","embeddable":true,"href":"https:\/\/pizbube.ch\/en\/wp-json\/wp\/v2\/product_cat?post=153005"},{"taxonomy":"product_tag","embeddable":true,"href":"https:\/\/pizbube.ch\/en\/wp-json\/wp\/v2\/product_tag?post=153005"}],"curies":[{"name":"wp","href":"https:\/\/api.w.org\/{rel}","templated":true}]}}