{"id":153006,"date":"2021-01-15T12:34:13","date_gmt":"2021-01-15T12:34:13","guid":{"rendered":"https:\/\/codengine3.ch\/?product=import-placeholder-for-206815"},"modified":"2021-01-15T14:52:18","modified_gmt":"2021-01-15T14:52:18","slug":"der-berg-ruft-wir-auch","status":"publish","type":"product","link":"https:\/\/pizbube.ch\/en\/shop\/der-berg-ruft-wir-auch\/","title":{"rendered":"Der Berg ruft. Wir auch."},"content":{"rendered":"<p>Echos aus dem Randgebiet  <\/p>\n<p>Das Buch ist eine Kultur-, Wirtschafts- und Technikgeschichte zur Eroberung<br \/>\ndes Berges. \u00dcber 20 Autoren zeichnen die Entwicklung der Tourismusdestination<br \/>\nFlims Laax Falera in allen ihren Facetten nach. Im Fokus stehen die Menschen<br \/>\nund die Natur. Texte von Erwin Koch, Ludwig Hasler, David Bosshart, Philip<br \/>\nJodidio oder K\u00f6bi Gantenbein zeigen, was es heisst, Pioniertum zu leben und<br \/>\neigene Wege zu gehen. Grossformatige Bilder von Gaudenz Danuser machen das<br \/>\nLeben am und auf dem Berg sichtbar. \u00abDer Berg ruft. Wir auch.\u00bb ist ein<br \/>\nsinnliches Bilder- und spannendes Textbuch, das vom Gl\u00fccksgef\u00fchl des Schauens<br \/>\nund der Bewegung erz\u00e4hlt. Die Publikation erscheint anl\u00e4sslich des Jubil\u00e4ums<br \/>\n\u00ab50 Jahre Crap Sogn Gion\u00bb.<\/p>\n<p>Weisse Arena AG (Hrsg.): Der Berg ruft. Wir auch. Echos aus dem Randgebiet.<br \/>\n440 Seiten, rund 200 Abbildungen, Hardcover gebunden, 31 x 31 cm.<\/p>","protected":false},"excerpt":{"rendered":"<p>Echos aus dem Randgebiet Das Buch ist eine Kultur-, Wirtschafts- und Technikgeschichte zur Eroberung des Berges. \u00dcber 20 Autoren zeichnen die Entwicklung der Tourismusdestination Flims Laax Falera in allen ihren Facetten nach. Im Fokus stehen die Menschen und die Natur. Texte von Erwin Koch, Ludwig Hasler, David Bosshart, Philip Jodidio oder K\u00f6bi Gantenbein zeigen, was [&#8230;]\n","protected":false},"featured_media":36208,"template":"","meta":[],"product_brand":[],"product_cat":[21542],"product_tag":[],"class_list":{"0":"post-153006","1":"product","2":"type-product","3":"status-publish","4":"has-post-thumbnail","6":"product_cat-sachbuecher-dokumentationen","7":"pa_autor-attinger-danuser","8":"pa_erscheinungsjahr-21621","9":"pa_region-schweiz","10":"pa_sprache-de","12":"first","13":"instock","14":"taxable","15":"shipping-taxable","16":"purchasable","17":"product-type-simple"},"_links":{"self":[{"href":"https:\/\/pizbube.ch\/en\/wp-json\/wp\/v2\/product\/153006","targetHints":{"allow":["GET"]}}],"collection":[{"href":"https:\/\/pizbube.ch\/en\/wp-json\/wp\/v2\/product"}],"about":[{"href":"https:\/\/pizbube.ch\/en\/wp-json\/wp\/v2\/types\/product"}],"wp:featuredmedia":[{"embeddable":true,"href":"https:\/\/pizbube.ch\/en\/wp-json\/wp\/v2\/media\/36208"}],"wp:attachment":[{"href":"https:\/\/pizbube.ch\/en\/wp-json\/wp\/v2\/media?parent=153006"}],"wp:term":[{"taxonomy":"product_brand","embeddable":true,"href":"https:\/\/pizbube.ch\/en\/wp-json\/wp\/v2\/product_brand?post=153006"},{"taxonomy":"product_cat","embeddable":true,"href":"https:\/\/pizbube.ch\/en\/wp-json\/wp\/v2\/product_cat?post=153006"},{"taxonomy":"product_tag","embeddable":true,"href":"https:\/\/pizbube.ch\/en\/wp-json\/wp\/v2\/product_tag?post=153006"}],"curies":[{"name":"wp","href":"https:\/\/api.w.org\/{rel}","templated":true}]}}