{"id":153008,"date":"2021-01-15T12:34:13","date_gmt":"2021-01-15T12:34:13","guid":{"rendered":"https:\/\/codengine3.ch\/?product=import-placeholder-for-203235"},"modified":"2021-01-15T12:55:23","modified_gmt":"2021-01-15T12:55:23","slug":"klettern-am-rande-des-menschenmoeglichen-dvd","status":"publish","type":"product","link":"https:\/\/pizbube.ch\/en\/shop\/klettern-am-rande-des-menschenmoeglichen-dvd\/","title":{"rendered":"KLETTERN AM RANDE DES MENSCHENM\u00d6GLICHEN (DVD)"},"content":{"rendered":"<p>N\u00e4her kann man dem KLETTERN AM RANDE DES MENSCHENM\u00d6GLICHEN nicht kommen! Udo<br \/>\nNeumanns neuer Film zeigt die gemeinsame Arbeit am Buch DER XI. GRAD mit Klem<br \/>\nLoskot. Wir erfahren alles \u00fcber die Idee, Motivation und Vision dieses Buchs.<br \/>\nGanz nebenbei ist KLETTERN AM RANDE&#8230; aber auch ein Lehrfilm \u00fcber das<br \/>\nKlettern am individuellen Limit. Zum ersten Mal werden Routen und Boulder<br \/>\nnicht nur \u00fcber ihren Schwierigkeitsgrad definiert, sondern an zahlreichen<br \/>\nBeispielen analysiert, was diesen Zug oder diese Durchsteigung denn nun so<br \/>\nschwierig macht. Das Spektrum reicht dabei von one-move-wonder- bouldern bis<br \/>\nzu 40m Hausmauern &#8230;und wenn Klem die Winzgriffe eines 40 Meter langen neuen<br \/>\nProjekts im Detail vorf\u00fchrt, ist es, wie wenn der Folterknecht die Instrumente<br \/>\nzeigt. &#8211; Wer sich f\u00fcr schwieriges Klettern interessiert mu\u00df diese DVD gesehen<br \/>\nhaben! 65 min.  <\/p>","protected":false},"excerpt":{"rendered":"<p>N\u00e4her kann man dem KLETTERN AM RANDE DES MENSCHENM\u00d6GLICHEN nicht kommen! Udo Neumanns neuer Film zeigt die gemeinsame Arbeit am Buch DER XI. GRAD mit Klem Loskot. Wir erfahren alles \u00fcber die Idee, Motivation und Vision dieses Buchs. Ganz nebenbei ist KLETTERN AM RANDE&#8230; aber auch ein Lehrfilm \u00fcber das Klettern am individuellen Limit. Zum [&#8230;]\n","protected":false},"featured_media":30801,"template":"","meta":[],"product_brand":[],"product_cat":[21628],"product_tag":[],"class_list":{"0":"post-153008","1":"product","2":"type-product","3":"status-publish","4":"has-post-thumbnail","6":"product_cat-video-dvd-multimedia","7":"pa_autor-neumann","8":"pa_erscheinungsjahr-22144","9":"pa_region-deutschland","10":"pa_sprache-de","12":"first","13":"outofstock","14":"taxable","15":"shipping-taxable","16":"purchasable","17":"product-type-simple"},"_links":{"self":[{"href":"https:\/\/pizbube.ch\/en\/wp-json\/wp\/v2\/product\/153008","targetHints":{"allow":["GET"]}}],"collection":[{"href":"https:\/\/pizbube.ch\/en\/wp-json\/wp\/v2\/product"}],"about":[{"href":"https:\/\/pizbube.ch\/en\/wp-json\/wp\/v2\/types\/product"}],"wp:featuredmedia":[{"embeddable":true,"href":"https:\/\/pizbube.ch\/en\/wp-json\/wp\/v2\/media\/30801"}],"wp:attachment":[{"href":"https:\/\/pizbube.ch\/en\/wp-json\/wp\/v2\/media?parent=153008"}],"wp:term":[{"taxonomy":"product_brand","embeddable":true,"href":"https:\/\/pizbube.ch\/en\/wp-json\/wp\/v2\/product_brand?post=153008"},{"taxonomy":"product_cat","embeddable":true,"href":"https:\/\/pizbube.ch\/en\/wp-json\/wp\/v2\/product_cat?post=153008"},{"taxonomy":"product_tag","embeddable":true,"href":"https:\/\/pizbube.ch\/en\/wp-json\/wp\/v2\/product_tag?post=153008"}],"curies":[{"name":"wp","href":"https:\/\/api.w.org\/{rel}","templated":true}]}}