{"id":153011,"date":"2021-01-15T12:34:14","date_gmt":"2021-01-15T12:34:14","guid":{"rendered":"https:\/\/codengine3.ch\/?product=import-placeholder-for-206255"},"modified":"2024-06-21T10:40:59","modified_gmt":"2024-06-21T08:40:59","slug":"giuseppe-zan-zanini-e-la-valle-di-foioi","status":"publish","type":"product","link":"https:\/\/pizbube.ch\/en\/shop\/giuseppe-zan-zanini-e-la-valle-di-foioi\/","title":{"rendered":"Giuseppe Zan Zanini e la Valle di Foi\u00f2i"},"content":{"rendered":"<p>Il libro dedicato a Giuseppe Zan Zanini (Giuseppe Brenna 2010, ) sta<br \/>\nriscuotendo un grande interesse sia da parte del visitatore che dagli abitanti<br \/>\ndella Valle Bavona, a testimonianza della forza trasmessa dalla vita e<br \/>\ndall&#8217;operato di questo personaggio, simbolo di un passato che continua ad<br \/>\naffascinare e a stupire. Cogliamo l&#8217;occasione per segnalare che il sentiero<br \/>\nche porta all&#8217;alpe Foi\u00f2i \u00e8 difficilmente praticabile per gente non esperta del<br \/>\nluogo! La Fondazione Valle Bavona invita tutti alla massima prudenza ed \u00e8 a<br \/>\ndisposizione per qualsiasi informazione in merito.<\/p>\n<p>1794 in Cavergno geboren und fr\u00fch nach Rom ausgewandert, kehrte Zan Zanini um<br \/>\n1829 ins Tessin zur\u00fcck, um eines der absch\u00fcssigsten Tobel der Schweiz zu<br \/>\nerschliessen: das Valle di Foi\u00f2i. Mit ingeni\u00f6ser Wegf\u00fchrung und aufwendigen<br \/>\nKunstbauten gelang es ihm, fast senkrechte Felsw\u00e4nde und Bachst\u00fcrze zu<br \/>\n\u00fcberwinden. Der Weg ist immer noch begehbar \u2013 was f\u00fcr dessen Baukunst spricht.<br \/>\nUnglaublich, dass der ausgesetzte, nach heutiger Wanderskala mit T5 bewertete<br \/>\nPfad auch von Zan Zaninis K\u00fchen begangen wurde, wie auf einer Inschrift an<br \/>\neiner Felswand zu lesen ist. Im ersten Teil des Buchs zeichnet Brenna die<br \/>\nGeschichte Zan Zaninis lebendig nach, um dann ausf\u00fchrlich die Zug\u00e4nge zur Alpe<br \/>\nFoi\u00f2i zu beschreiben. Schliesslich l\u00e4sst er drei Menschen zu Wort kommen, die<br \/>\nje ein pers\u00f6nliches Erlebnis in dieser abgeschiedenen Welt schildern. Eine<br \/>\neinf\u00fchlsame Hommage an Zan Zanini. (Nur in Italienisch erh\u00e4ltlich)<\/p>\n<p>224 pagine,<br \/>\n134 fotografie<br \/>\nlingua itlaiana<br \/>\n1. ristampa 2024<\/p>","protected":false},"excerpt":{"rendered":"<p>Il libro dedicato a Giuseppe Zan Zanini (Giuseppe Brenna 2010, ) sta riscuotendo un grande interesse sia da parte del visitatore che dagli abitanti della Valle Bavona, a testimonianza della forza trasmessa dalla vita e dall&#8217;operato di questo personaggio, simbolo di un passato che continua ad affascinare e a stupire. Cogliamo l&#8217;occasione per segnalare che [&#8230;]\n","protected":false},"featured_media":173505,"template":"","meta":[],"product_brand":[],"product_cat":[21542],"product_tag":[],"class_list":{"0":"post-153011","1":"product","2":"type-product","3":"status-publish","4":"has-post-thumbnail","6":"product_cat-sachbuecher-dokumentationen","7":"pa_autor-brenna","8":"pa_erscheinungsjahr-27339","9":"pa_region-schweiz","10":"pa_sprache-it","12":"first","13":"instock","14":"taxable","15":"shipping-taxable","16":"purchasable","17":"product-type-simple"},"_links":{"self":[{"href":"https:\/\/pizbube.ch\/en\/wp-json\/wp\/v2\/product\/153011","targetHints":{"allow":["GET"]}}],"collection":[{"href":"https:\/\/pizbube.ch\/en\/wp-json\/wp\/v2\/product"}],"about":[{"href":"https:\/\/pizbube.ch\/en\/wp-json\/wp\/v2\/types\/product"}],"wp:featuredmedia":[{"embeddable":true,"href":"https:\/\/pizbube.ch\/en\/wp-json\/wp\/v2\/media\/173505"}],"wp:attachment":[{"href":"https:\/\/pizbube.ch\/en\/wp-json\/wp\/v2\/media?parent=153011"}],"wp:term":[{"taxonomy":"product_brand","embeddable":true,"href":"https:\/\/pizbube.ch\/en\/wp-json\/wp\/v2\/product_brand?post=153011"},{"taxonomy":"product_cat","embeddable":true,"href":"https:\/\/pizbube.ch\/en\/wp-json\/wp\/v2\/product_cat?post=153011"},{"taxonomy":"product_tag","embeddable":true,"href":"https:\/\/pizbube.ch\/en\/wp-json\/wp\/v2\/product_tag?post=153011"}],"curies":[{"name":"wp","href":"https:\/\/api.w.org\/{rel}","templated":true}]}}