{"id":153012,"date":"2021-01-15T12:34:14","date_gmt":"2021-01-15T12:34:14","guid":{"rendered":"https:\/\/codengine3.ch\/?product=import-placeholder-for-207113"},"modified":"2021-01-15T14:55:14","modified_gmt":"2021-01-15T14:55:14","slug":"valle-bavona-ein-hauch-vergangener-tage","status":"publish","type":"product","link":"https:\/\/pizbube.ch\/en\/shop\/valle-bavona-ein-hauch-vergangener-tage\/","title":{"rendered":"Valle Bavona &#8211; Ein Hauch vergangener Tage"},"content":{"rendered":"<p>Ein Hauch vergangener Tage &#8211; Einen treffenderen Untertitel h\u00e4tte man f\u00fcr den<br \/>\nvorliegenden Bildband nicht finden k\u00f6nnen, der nun erstmals auch in deutscher<br \/>\n\u00dcbersetzung vorliegt. Er enth\u00e4lt Federico Ballis Schrift &#8218;Valle Bavona&#8216;, die<br \/>\nvor \u00fcber 100 Jahren in Turin erschien und die Natursch\u00f6nheiten des damals<br \/>\n&#8218;entlegenen und nahezu vergessenen&#8216; Tals in den h\u00f6chsten T\u00f6nen lobt.<\/p>\n<p>Der Bildteil mit den Aufnahmen ber\u00fchmter Reisender erweckt die Vergagenheit<br \/>\nwieder zum Leben, waren doch R. Zinggeler, die Gebr\u00fcder Wehrli und andere<br \/>\nFotografen aufmerksame Betrachter der Landstriche und des Alltags in unseren<br \/>\nT\u00e4lern zur Zeit der Jahrhundertwende. Beim Lesen der begeisterten<br \/>\nLandschaftsbeschreibungen und beim Betrachten der eindr\u00fccklichen Fotografien<br \/>\nstreift uns wahrhaftig &#8218;ein Hauch vergangener Tage&#8216;.  <\/p>","protected":false},"excerpt":{"rendered":"<p>Ein Hauch vergangener Tage &#8211; Einen treffenderen Untertitel h\u00e4tte man f\u00fcr den vorliegenden Bildband nicht finden k\u00f6nnen, der nun erstmals auch in deutscher \u00dcbersetzung vorliegt. Er enth\u00e4lt Federico Ballis Schrift &#8218;Valle Bavona&#8216;, die vor \u00fcber 100 Jahren in Turin erschien und die Natursch\u00f6nheiten des damals &#8218;entlegenen und nahezu vergessenen&#8216; Tals in den h\u00f6chsten T\u00f6nen lobt. [&#8230;]\n","protected":false},"featured_media":36721,"template":"","meta":[],"product_brand":[],"product_cat":[21542],"product_tag":[],"class_list":{"0":"post-153012","1":"product","2":"type-product","3":"status-publish","4":"has-post-thumbnail","6":"product_cat-sachbuecher-dokumentationen","7":"pa_autor-balli-martini","8":"pa_erscheinungsjahr-22144","9":"pa_region-schweiz","10":"pa_sprache-de","12":"first","13":"outofstock","14":"taxable","15":"shipping-taxable","16":"purchasable","17":"product-type-simple"},"_links":{"self":[{"href":"https:\/\/pizbube.ch\/en\/wp-json\/wp\/v2\/product\/153012","targetHints":{"allow":["GET"]}}],"collection":[{"href":"https:\/\/pizbube.ch\/en\/wp-json\/wp\/v2\/product"}],"about":[{"href":"https:\/\/pizbube.ch\/en\/wp-json\/wp\/v2\/types\/product"}],"wp:featuredmedia":[{"embeddable":true,"href":"https:\/\/pizbube.ch\/en\/wp-json\/wp\/v2\/media\/36721"}],"wp:attachment":[{"href":"https:\/\/pizbube.ch\/en\/wp-json\/wp\/v2\/media?parent=153012"}],"wp:term":[{"taxonomy":"product_brand","embeddable":true,"href":"https:\/\/pizbube.ch\/en\/wp-json\/wp\/v2\/product_brand?post=153012"},{"taxonomy":"product_cat","embeddable":true,"href":"https:\/\/pizbube.ch\/en\/wp-json\/wp\/v2\/product_cat?post=153012"},{"taxonomy":"product_tag","embeddable":true,"href":"https:\/\/pizbube.ch\/en\/wp-json\/wp\/v2\/product_tag?post=153012"}],"curies":[{"name":"wp","href":"https:\/\/api.w.org\/{rel}","templated":true}]}}