{"id":153016,"date":"2021-01-15T12:34:14","date_gmt":"2021-01-15T12:34:14","guid":{"rendered":"https:\/\/codengine3.ch\/?product=import-placeholder-for-202207"},"modified":"2021-01-15T12:34:19","modified_gmt":"2021-01-15T12:34:19","slug":"die-welt-der-sherpas","status":"publish","type":"product","link":"https:\/\/pizbube.ch\/en\/shop\/die-welt-der-sherpas\/","title":{"rendered":"Die Welt der Sherpas"},"content":{"rendered":"<p>Schauplatz von Trag\u00f6dien und Triumphen westlicher Extrembergsteiger auf der<br \/>\nSuche nach &#8218;vaterl\u00e4ndischem&#8216; Ruhm, Abenteurer und Selbstverwirklichung. Die<br \/>\nSherpas sind ihre Diener, Kameraden, Vertrauten und Lebensretter. Sie f\u00fchren<br \/>\nihr Leben im komplexen Spannungsfeld zwischen Ehre und \u00dcberleben,<br \/>\nSpiritualit\u00e4t und Kommerz.<\/p>","protected":false},"excerpt":{"rendered":"<p>Schauplatz von Trag\u00f6dien und Triumphen westlicher Extrembergsteiger auf der Suche nach &#8218;vaterl\u00e4ndischem&#8216; Ruhm, Abenteurer und Selbstverwirklichung. Die Sherpas sind ihre Diener, Kameraden, Vertrauten und Lebensretter. Sie f\u00fchren ihr Leben im komplexen Spannungsfeld zwischen Ehre und \u00dcberleben, Spiritualit\u00e4t und Kommerz.<\/p>","protected":false},"featured_media":29595,"template":"","meta":[],"product_brand":[],"product_cat":[21542],"product_tag":[],"class_list":{"0":"post-153016","1":"product","2":"type-product","3":"status-publish","4":"has-post-thumbnail","6":"product_cat-sachbuecher-dokumentationen","7":"pa_autor-ortner","8":"pa_erscheinungsjahr-21750","9":"pa_region-asien","10":"pa_sprache-de","12":"first","13":"outofstock","14":"taxable","15":"shipping-taxable","16":"purchasable","17":"product-type-simple"},"_links":{"self":[{"href":"https:\/\/pizbube.ch\/en\/wp-json\/wp\/v2\/product\/153016","targetHints":{"allow":["GET"]}}],"collection":[{"href":"https:\/\/pizbube.ch\/en\/wp-json\/wp\/v2\/product"}],"about":[{"href":"https:\/\/pizbube.ch\/en\/wp-json\/wp\/v2\/types\/product"}],"wp:featuredmedia":[{"embeddable":true,"href":"https:\/\/pizbube.ch\/en\/wp-json\/wp\/v2\/media\/29595"}],"wp:attachment":[{"href":"https:\/\/pizbube.ch\/en\/wp-json\/wp\/v2\/media?parent=153016"}],"wp:term":[{"taxonomy":"product_brand","embeddable":true,"href":"https:\/\/pizbube.ch\/en\/wp-json\/wp\/v2\/product_brand?post=153016"},{"taxonomy":"product_cat","embeddable":true,"href":"https:\/\/pizbube.ch\/en\/wp-json\/wp\/v2\/product_cat?post=153016"},{"taxonomy":"product_tag","embeddable":true,"href":"https:\/\/pizbube.ch\/en\/wp-json\/wp\/v2\/product_tag?post=153016"}],"curies":[{"name":"wp","href":"https:\/\/api.w.org\/{rel}","templated":true}]}}