{"id":153026,"date":"2021-01-15T12:34:20","date_gmt":"2021-01-15T12:34:20","guid":{"rendered":"https:\/\/codengine3.ch\/?product=import-placeholder-for-208558"},"modified":"2021-01-15T17:55:19","modified_gmt":"2021-01-15T17:55:19","slug":"der-berg-ruft-2","status":"publish","type":"product","link":"https:\/\/pizbube.ch\/en\/shop\/der-berg-ruft-2\/","title":{"rendered":"Der Berg ruft"},"content":{"rendered":"<p>\nBerge. Lebensraum der Extreme, Herausforderung f\u00fcr Abenteurer und Eroberer,<br \/>\nHeimst\u00e4tten der G\u00f6tter, Zufluchtsort f\u00fcr Mystiker und M\u00f6nche, Sehnsuchtsort<br \/>\nf\u00fcr Romantiker, f\u00fcr Wanderer und Bewunderer der Natur.  <\/p>\n<p>&#171;Der Berg ruft&#187; hei\u00dft der Katalog zur gleichnamigen Ausstellung im Gasometer<br \/>\nOberhausen, die vom 16. M\u00e4rz 2018 &#8211; 27. Oktober 2019 stattfindet. Er zeigt die<br \/>\nVielfalt dieser au\u00dfergew\u00f6hnlichen Welt und erz\u00e4hlt von der Faszination der<br \/>\nBerge. Legend\u00e4re Erstbesteigungen und jahrtausendealte Ehrerbietung,<br \/>\ngro\u00dfartige Triumphe, aber auch dramatische Niederlagen pr\u00e4gen das Verh\u00e4ltnis<br \/>\nder Menschen zu Gebirgen und Gipfeln.  <\/p>\n<p>Atemberaubende Fotografien machen diese Erfahrung und &#171;einige der<br \/>\nbeeindruckendsten und erhabensten Lebensr\u00e4ume unseres Planeten erlebbar&#187;, so<br \/>\nder Kurator der Ausstellung, Prof. Peter Pachnicke, der damit thematisch an<br \/>\ndie Vorg\u00e4ngerausstellung &#171;Wunder der Natur&#187; ankn\u00fcpft.  <\/p>","protected":false},"excerpt":{"rendered":"<ul>\n<li><a href=\"https:\/\/youtu.be\/TfCkApC6v6c\" target=\"_blank\" rel=\"noopener\">Video: TEMPLATE PIZ Attachment > Webvideo > Youtube [KOPIE]<\/a><\/li>\n<\/ul>\n","protected":false},"featured_media":40548,"template":"","meta":[],"product_brand":[],"product_cat":[21542],"product_tag":[],"class_list":{"0":"post-153026","1":"product","2":"type-product","3":"status-publish","4":"has-post-thumbnail","6":"product_cat-sachbuecher-dokumentationen","7":"pa_autor-pachnicke","8":"pa_erscheinungsjahr-21546","9":"pa_region-deutschland","10":"pa_sprache-de","12":"first","13":"instock","14":"taxable","15":"shipping-taxable","16":"purchasable","17":"product-type-simple"},"_links":{"self":[{"href":"https:\/\/pizbube.ch\/en\/wp-json\/wp\/v2\/product\/153026","targetHints":{"allow":["GET"]}}],"collection":[{"href":"https:\/\/pizbube.ch\/en\/wp-json\/wp\/v2\/product"}],"about":[{"href":"https:\/\/pizbube.ch\/en\/wp-json\/wp\/v2\/types\/product"}],"wp:featuredmedia":[{"embeddable":true,"href":"https:\/\/pizbube.ch\/en\/wp-json\/wp\/v2\/media\/40548"}],"wp:attachment":[{"href":"https:\/\/pizbube.ch\/en\/wp-json\/wp\/v2\/media?parent=153026"}],"wp:term":[{"taxonomy":"product_brand","embeddable":true,"href":"https:\/\/pizbube.ch\/en\/wp-json\/wp\/v2\/product_brand?post=153026"},{"taxonomy":"product_cat","embeddable":true,"href":"https:\/\/pizbube.ch\/en\/wp-json\/wp\/v2\/product_cat?post=153026"},{"taxonomy":"product_tag","embeddable":true,"href":"https:\/\/pizbube.ch\/en\/wp-json\/wp\/v2\/product_tag?post=153026"}],"curies":[{"name":"wp","href":"https:\/\/api.w.org\/{rel}","templated":true}]}}