{"id":153027,"date":"2021-01-15T12:34:21","date_gmt":"2021-01-15T12:34:21","guid":{"rendered":"https:\/\/codengine3.ch\/?product=import-placeholder-for-204242"},"modified":"2025-02-01T09:30:16","modified_gmt":"2025-02-01T08:30:16","slug":"berge-huetten-und-kristalle","status":"publish","type":"product","link":"https:\/\/pizbube.ch\/en\/shop\/berge-huetten-und-kristalle\/","title":{"rendered":"Berge, H\u00fctten und Kristalle"},"content":{"rendered":"<p>Die Entdeckung und Erschliessung der Urner Bergwelt: Was Clubh\u00fctten seit dem<br \/>\nausgehenden 19. Jahrhundert erst erm\u00f6glichten, hat sich zum boomenden<br \/>\nBergtourismus entwickelt. Die Unterk\u00fcnfte in den Bergen passten und passen<br \/>\nsich diesem Wandel an, was hier am Urner Clubh\u00fcttenbau exemplarisch aufgezeigt<br \/>\nwird.<\/p>\n<p>Historisches Neujahrsblatt 2005.<br \/>\n16.5 x 22.5 cm; 108 Seiten mit vielen farbigen Abbildungen.<\/p>","protected":false},"excerpt":{"rendered":"<p>Die Entdeckung und Erschliessung der Urner Bergwelt: Was Clubh\u00fctten seit dem ausgehenden 19. Jahrhundert erst erm\u00f6glichten, hat sich zum boomenden Bergtourismus entwickelt. Die Unterk\u00fcnfte in den Bergen passten und passen sich diesem Wandel an, was hier am Urner Clubh\u00fcttenbau exemplarisch aufgezeigt wird. Historisches Neujahrsblatt 2005. 16.5 x 22.5 cm; 108 Seiten mit vielen farbigen Abbildungen.<\/p>","protected":false},"featured_media":32045,"template":"","meta":[],"product_brand":[],"product_cat":[21542],"product_tag":[],"class_list":{"0":"post-153027","1":"product","2":"type-product","3":"status-publish","4":"has-post-thumbnail","6":"product_cat-sachbuecher-dokumentationen","7":"pa_autor-hist-verein-uri","8":"pa_erscheinungsjahr-21763","9":"pa_region-schweiz","10":"pa_sprache-de","12":"first","13":"outofstock","14":"taxable","15":"shipping-taxable","16":"purchasable","17":"product-type-simple"},"_links":{"self":[{"href":"https:\/\/pizbube.ch\/en\/wp-json\/wp\/v2\/product\/153027","targetHints":{"allow":["GET"]}}],"collection":[{"href":"https:\/\/pizbube.ch\/en\/wp-json\/wp\/v2\/product"}],"about":[{"href":"https:\/\/pizbube.ch\/en\/wp-json\/wp\/v2\/types\/product"}],"wp:featuredmedia":[{"embeddable":true,"href":"https:\/\/pizbube.ch\/en\/wp-json\/wp\/v2\/media\/32045"}],"wp:attachment":[{"href":"https:\/\/pizbube.ch\/en\/wp-json\/wp\/v2\/media?parent=153027"}],"wp:term":[{"taxonomy":"product_brand","embeddable":true,"href":"https:\/\/pizbube.ch\/en\/wp-json\/wp\/v2\/product_brand?post=153027"},{"taxonomy":"product_cat","embeddable":true,"href":"https:\/\/pizbube.ch\/en\/wp-json\/wp\/v2\/product_cat?post=153027"},{"taxonomy":"product_tag","embeddable":true,"href":"https:\/\/pizbube.ch\/en\/wp-json\/wp\/v2\/product_tag?post=153027"}],"curies":[{"name":"wp","href":"https:\/\/api.w.org\/{rel}","templated":true}]}}