{"id":153029,"date":"2021-01-15T12:34:21","date_gmt":"2021-01-15T12:34:21","guid":{"rendered":"https:\/\/codengine3.ch\/?product=import-placeholder-for-202756"},"modified":"2021-01-15T12:39:03","modified_gmt":"2021-01-15T12:39:03","slug":"der-alpentourismus","status":"publish","type":"product","link":"https:\/\/pizbube.ch\/en\/shop\/der-alpentourismus\/","title":{"rendered":"Der Alpentourismus"},"content":{"rendered":"<p>Der Band gibt vielstimmig den aktuellen Forschungs- und Diskussionsstand zum<br \/>\nAlpentourismus wieder. Der Bogen wird dabei von einer kulturhistorischen<br \/>\nBetrachtungsweise seiner Anf\u00e4nge \u00fcber Befunde und Analysen bis zu Konzepten<br \/>\ngespannt, die als zukunftsf\u00e4hig betrachtet werden. Einig sind sich viele<br \/>\nAutoren darin, dass \u00b4nachhaltiger Tourismus\u00b4 zugleich \u00b4kulturell vertr\u00e4glich,<br \/>\nsozial ausgewogen, \u00f6kologisch tragf\u00e4hig sowie wirtschaftlich sinnvoll und<br \/>\nergiebig\u00b4 sein muss.<\/p>","protected":false},"excerpt":{"rendered":"<p>Der Band gibt vielstimmig den aktuellen Forschungs- und Diskussionsstand zum Alpentourismus wieder. Der Bogen wird dabei von einer kulturhistorischen Betrachtungsweise seiner Anf\u00e4nge \u00fcber Befunde und Analysen bis zu Konzepten gespannt, die als zukunftsf\u00e4hig betrachtet werden. Einig sind sich viele Autoren darin, dass \u00b4nachhaltiger Tourismus\u00b4 zugleich \u00b4kulturell vertr\u00e4glich, sozial ausgewogen, \u00f6kologisch tragf\u00e4hig sowie wirtschaftlich sinnvoll und [&#8230;]\n","protected":false},"featured_media":30200,"template":"","meta":[],"product_brand":[],"product_cat":[21542],"product_tag":[],"class_list":{"0":"post-153029","1":"product","2":"type-product","3":"status-publish","4":"has-post-thumbnail","6":"product_cat-sachbuecher-dokumentationen","7":"pa_autor-luger","8":"pa_autor-rest","9":"pa_erscheinungsjahr-22144","10":"pa_region-oesterreich","11":"pa_sprache-de","13":"first","14":"instock","15":"taxable","16":"shipping-taxable","17":"purchasable","18":"product-type-simple"},"_links":{"self":[{"href":"https:\/\/pizbube.ch\/en\/wp-json\/wp\/v2\/product\/153029","targetHints":{"allow":["GET"]}}],"collection":[{"href":"https:\/\/pizbube.ch\/en\/wp-json\/wp\/v2\/product"}],"about":[{"href":"https:\/\/pizbube.ch\/en\/wp-json\/wp\/v2\/types\/product"}],"wp:featuredmedia":[{"embeddable":true,"href":"https:\/\/pizbube.ch\/en\/wp-json\/wp\/v2\/media\/30200"}],"wp:attachment":[{"href":"https:\/\/pizbube.ch\/en\/wp-json\/wp\/v2\/media?parent=153029"}],"wp:term":[{"taxonomy":"product_brand","embeddable":true,"href":"https:\/\/pizbube.ch\/en\/wp-json\/wp\/v2\/product_brand?post=153029"},{"taxonomy":"product_cat","embeddable":true,"href":"https:\/\/pizbube.ch\/en\/wp-json\/wp\/v2\/product_cat?post=153029"},{"taxonomy":"product_tag","embeddable":true,"href":"https:\/\/pizbube.ch\/en\/wp-json\/wp\/v2\/product_tag?post=153029"}],"curies":[{"name":"wp","href":"https:\/\/api.w.org\/{rel}","templated":true}]}}