{"id":153032,"date":"2021-01-15T12:34:21","date_gmt":"2021-01-15T12:34:21","guid":{"rendered":"https:\/\/codengine3.ch\/?product=import-placeholder-for-202221"},"modified":"2021-01-15T12:34:26","modified_gmt":"2021-01-15T12:34:26","slug":"die-schoensten-schneeschuhtouren-zwischen-lechtaler-und-kitzbuehler-alpen","status":"publish","type":"product","link":"https:\/\/pizbube.ch\/en\/shop\/die-schoensten-schneeschuhtouren-zwischen-lechtaler-und-kitzbuehler-alpen\/","title":{"rendered":"Die sch\u00f6nsten Schneeschuhtouren zwischen Lechtaler und Kitzb\u00fchler Alpen"},"content":{"rendered":"<p>Mit Abfahrtsvarianten f\u00fcr Snowboarder.  <\/p>\n<p>Schneeschuhwandern in den Alpen liegt voll im Trend, vor allem bei j\u00fcngeren<br \/>\nAltersgruppen. Dieser handliche Schneeschuh-F\u00fchrer erm\u00f6glicht einen Einstieg<br \/>\nin die neue Trendsportart und stellt \u00fcber 40 sorgf\u00e4ltig ausgew\u00e4hlte<br \/>\nRoutenvorschl\u00e4ge zwischen Lechtaler und Kitzb\u00fcheler Alpen f\u00fcr leichte \u00fcber<br \/>\nmittelschwere bis zu schwierigen Schneeschuhtouren vor. F\u00fcr Snowboader wurden<br \/>\nextra rassige Abfahrtsvarianten hinzugef\u00fcgt!<br \/>\n144 Seiten, ca. 120 Abbildungen, Format 12,0 x 18,5 cm, Broschur mit<br \/>\nFadenheftung  <\/p>\n<p>Neu bearbeitete Ausgabe<\/p>","protected":false},"excerpt":{"rendered":"<p>Mit Abfahrtsvarianten f\u00fcr Snowboarder. Schneeschuhwandern in den Alpen liegt voll im Trend, vor allem bei j\u00fcngeren Altersgruppen. Dieser handliche Schneeschuh-F\u00fchrer erm\u00f6glicht einen Einstieg in die neue Trendsportart und stellt \u00fcber 40 sorgf\u00e4ltig ausgew\u00e4hlte Routenvorschl\u00e4ge zwischen Lechtaler und Kitzb\u00fcheler Alpen f\u00fcr leichte \u00fcber mittelschwere bis zu schwierigen Schneeschuhtouren vor. F\u00fcr Snowboader wurden extra rassige Abfahrtsvarianten hinzugef\u00fcgt! [&#8230;]\n","protected":false},"featured_media":29606,"template":"","meta":[],"product_brand":[],"product_cat":[21540],"product_tag":[],"class_list":{"0":"post-153032","1":"product","2":"type-product","3":"status-publish","4":"has-post-thumbnail","6":"product_cat-fuehrerliteratur-alpin-winter","7":"pa_autor-schneeweiss","8":"pa_erscheinungsjahr-21920","9":"pa_region-deutschland","10":"pa_sprache-de","12":"first","13":"instock","14":"taxable","15":"shipping-taxable","16":"purchasable","17":"product-type-simple"},"_links":{"self":[{"href":"https:\/\/pizbube.ch\/en\/wp-json\/wp\/v2\/product\/153032","targetHints":{"allow":["GET"]}}],"collection":[{"href":"https:\/\/pizbube.ch\/en\/wp-json\/wp\/v2\/product"}],"about":[{"href":"https:\/\/pizbube.ch\/en\/wp-json\/wp\/v2\/types\/product"}],"wp:featuredmedia":[{"embeddable":true,"href":"https:\/\/pizbube.ch\/en\/wp-json\/wp\/v2\/media\/29606"}],"wp:attachment":[{"href":"https:\/\/pizbube.ch\/en\/wp-json\/wp\/v2\/media?parent=153032"}],"wp:term":[{"taxonomy":"product_brand","embeddable":true,"href":"https:\/\/pizbube.ch\/en\/wp-json\/wp\/v2\/product_brand?post=153032"},{"taxonomy":"product_cat","embeddable":true,"href":"https:\/\/pizbube.ch\/en\/wp-json\/wp\/v2\/product_cat?post=153032"},{"taxonomy":"product_tag","embeddable":true,"href":"https:\/\/pizbube.ch\/en\/wp-json\/wp\/v2\/product_tag?post=153032"}],"curies":[{"name":"wp","href":"https:\/\/api.w.org\/{rel}","templated":true}]}}