{"id":153033,"date":"2021-01-15T12:34:22","date_gmt":"2021-01-15T12:34:22","guid":{"rendered":"https:\/\/codengine3.ch\/?product=import-placeholder-for-202445"},"modified":"2021-01-15T12:36:20","modified_gmt":"2021-01-15T12:36:20","slug":"winterwandern-bayrische-alpen","status":"publish","type":"product","link":"https:\/\/pizbube.ch\/en\/shop\/winterwandern-bayrische-alpen\/","title":{"rendered":"Winterwandern Bayrische Alpen"},"content":{"rendered":"<p>50 Wander- und Schneeschuhtouren &#8211; mit Tipps zum Rodeln. 70 farb. Abb., 50<br \/>\nWanderktn. 1 : 50 000, H\u00f6hendiagramme. Wandern durch frischen Schnee,<br \/>\nGipfelerlebnisse mit verbl\u00fcffender Fernsicht, gem\u00fctliche Almen mit warmen<br \/>\nWirtsstuben und rasante Rodelbahnen. Alle Touren sind so gew\u00e4hlt, da\u00df sie<br \/>\nabseits des Pistenrummels und ohne lange Latten an den F\u00fc\u00dfen zu bew\u00e4ltigen<br \/>\nsind. Vorgestellt werden Winterwanderungen auf ger\u00e4umten Wegen ebenso wie<br \/>\nSchneeschuhtouren durch unber\u00fchrte Schneefelder; au\u00dferdem gibt es Tipps zu<br \/>\nhei\u00dfen Schlittenpartien. Dazu bieten gerade die Bayerischen Alpen und die<br \/>\nebenfalls vorgestellten angrenzenden Tiroler Gebiete im Karwendel und Rofan<br \/>\nvielf\u00e4ltige M\u00f6glichkeiten.  <\/p>","protected":false},"excerpt":{"rendered":"<p>50 Wander- und Schneeschuhtouren &#8211; mit Tipps zum Rodeln. 70 farb. Abb., 50 Wanderktn. 1 : 50 000, H\u00f6hendiagramme. Wandern durch frischen Schnee, Gipfelerlebnisse mit verbl\u00fcffender Fernsicht, gem\u00fctliche Almen mit warmen Wirtsstuben und rasante Rodelbahnen. Alle Touren sind so gew\u00e4hlt, da\u00df sie abseits des Pistenrummels und ohne lange Latten an den F\u00fc\u00dfen zu bew\u00e4ltigen sind. [&#8230;]\n","protected":false},"featured_media":29833,"template":"","meta":[],"product_brand":[],"product_cat":[21605],"product_tag":[],"class_list":{"0":"post-153033","1":"product","2":"type-product","3":"status-publish","4":"has-post-thumbnail","6":"product_cat-wanderfuehrer-trekking","7":"pa_autor-gelder","8":"pa_erscheinungsjahr-22144","9":"pa_region-deutschland","10":"pa_sprache-de","12":"first","13":"instock","14":"taxable","15":"shipping-taxable","16":"purchasable","17":"product-type-simple"},"_links":{"self":[{"href":"https:\/\/pizbube.ch\/en\/wp-json\/wp\/v2\/product\/153033","targetHints":{"allow":["GET"]}}],"collection":[{"href":"https:\/\/pizbube.ch\/en\/wp-json\/wp\/v2\/product"}],"about":[{"href":"https:\/\/pizbube.ch\/en\/wp-json\/wp\/v2\/types\/product"}],"wp:featuredmedia":[{"embeddable":true,"href":"https:\/\/pizbube.ch\/en\/wp-json\/wp\/v2\/media\/29833"}],"wp:attachment":[{"href":"https:\/\/pizbube.ch\/en\/wp-json\/wp\/v2\/media?parent=153033"}],"wp:term":[{"taxonomy":"product_brand","embeddable":true,"href":"https:\/\/pizbube.ch\/en\/wp-json\/wp\/v2\/product_brand?post=153033"},{"taxonomy":"product_cat","embeddable":true,"href":"https:\/\/pizbube.ch\/en\/wp-json\/wp\/v2\/product_cat?post=153033"},{"taxonomy":"product_tag","embeddable":true,"href":"https:\/\/pizbube.ch\/en\/wp-json\/wp\/v2\/product_tag?post=153033"}],"curies":[{"name":"wp","href":"https:\/\/api.w.org\/{rel}","templated":true}]}}