{"id":153036,"date":"2021-01-15T12:34:27","date_gmt":"2021-01-15T12:34:27","guid":{"rendered":"https:\/\/codengine3.ch\/?product=import-placeholder-for-206526"},"modified":"2021-01-15T14:49:35","modified_gmt":"2021-01-15T14:49:35","slug":"trekking-traumziele","status":"publish","type":"product","link":"https:\/\/pizbube.ch\/en\/shop\/trekking-traumziele\/","title":{"rendered":"Trekking Traumziele"},"content":{"rendered":"<p>Trekken, wo die Welt noch wild ist \u2013 Abenteuertouren auf allen Kontinenten  <\/p>\n<p>Dieses Sehnsuchtsbuch motiviert kreative Trekker. Oder es l\u00e4sst Neugierige von<br \/>\nder weiten, wilden Welt tr\u00e4umen. Vogeley erz\u00e4hlt und beschreibt mehr als zwei<br \/>\nDutzend un- gew\u00f6hnliche Trekking-H\u00f6hepunkte rund um die Welt. Von &#8218;Vor der<br \/>\nHaust\u00fcr&#8216; bis &#8218;far away&#8216;. Dieser kreative Appetitmacher der etwas anderen Art<br \/>\nformt Bilder und lebendige Texte zu einem spannenden Lesebuch und Bildband.<br \/>\nDie Treks stimulieren Kenner zum Nachvollziehen, oder sie bringen Neugierige<br \/>\nzum Tr\u00e4umen.<br \/>\nUngew\u00f6hnliche, oft unbekannte Touren sind der Sehnsuchtsinhalt. Das Abenteuer<br \/>\nsteht im Vordergrund, und keine der Touren findet man in einem 08\/15<br \/>\nReisekatalog. Den Sinn des Lebens finden. Wirkliche Entdeckungen aus eigener<br \/>\nKraft machen. Und die Einfachheit des Lebens in der Natur wieder erleben. Ein<br \/>\nFeuerwerk ungew\u00f6hnlicher Trekkingm\u00f6glichkeiten rund um die oft noch so wilde<br \/>\nWelt. Meist auf &#8218;Wegen&#8216; ohne Farbkleckse, da, wo noch niemand f\u00fcr einen<br \/>\ngedacht hat. Es wartet eine erstaunliche Vielfalt an Trekkingformen: Wandern,<br \/>\nKanu, Skitouren, Reisen mit Hunden, Rentieren und Eseln, Langlaufen,<br \/>\nKlettern&#8230;<br \/>\nDer Fantasie des Trekkers sind keine Grenzen gesetzt. Von &#8218;leicht&#8216; bis &#8217;sehr<br \/>\nschwer&#8216; wird eine breite Auswahl in diesem Buch beschrieben. Solche Reisen<br \/>\nsind mehr als nur touristischer Konsum. Trekker sind Individualisten. Dieses<br \/>\nBuch wurde f\u00fcr sie geschrieben. Oder f\u00fcr Neugierige, die spannende Berichte<br \/>\nlieben. &#8218;Der Weg ist das Ziel&#8216;. Wer mit aktivem Einsatz seiner k\u00f6rperlichen<br \/>\nund mentalen Kr\u00e4fte die beschriebenen Trekkingrouten nachvollzieht oder durch<br \/>\nsie angeregt neue Wege geht, wird erkennen, dass &#8218;Primitivit\u00e4t&#8216; im High-Tech-<br \/>\nZeitalter Erholung bedeutet. Alles scheint m\u00f6glich und erreichbar.  <\/p>","protected":false},"excerpt":{"rendered":"<p>Trekken, wo die Welt noch wild ist \u2013 Abenteuertouren auf allen Kontinenten Dieses Sehnsuchtsbuch motiviert kreative Trekker. Oder es l\u00e4sst Neugierige von der weiten, wilden Welt tr\u00e4umen. Vogeley erz\u00e4hlt und beschreibt mehr als zwei Dutzend un- gew\u00f6hnliche Trekking-H\u00f6hepunkte rund um die Welt. Von &#8218;Vor der Haust\u00fcr&#8216; bis &#8218;far away&#8216;. Dieser kreative Appetitmacher der etwas anderen [&#8230;]\n","protected":false},"featured_media":35579,"template":"","meta":[],"product_brand":[],"product_cat":[21542],"product_tag":[],"class_list":{"0":"post-153036","1":"product","2":"type-product","3":"status-publish","4":"has-post-thumbnail","6":"product_cat-sachbuecher-dokumentationen","7":"pa_autor-vogeley","8":"pa_erscheinungsjahr-21610","9":"pa_region-schweiz","10":"pa_sprache-de","12":"first","13":"instock","14":"taxable","15":"shipping-taxable","16":"purchasable","17":"product-type-simple"},"_links":{"self":[{"href":"https:\/\/pizbube.ch\/en\/wp-json\/wp\/v2\/product\/153036","targetHints":{"allow":["GET"]}}],"collection":[{"href":"https:\/\/pizbube.ch\/en\/wp-json\/wp\/v2\/product"}],"about":[{"href":"https:\/\/pizbube.ch\/en\/wp-json\/wp\/v2\/types\/product"}],"wp:featuredmedia":[{"embeddable":true,"href":"https:\/\/pizbube.ch\/en\/wp-json\/wp\/v2\/media\/35579"}],"wp:attachment":[{"href":"https:\/\/pizbube.ch\/en\/wp-json\/wp\/v2\/media?parent=153036"}],"wp:term":[{"taxonomy":"product_brand","embeddable":true,"href":"https:\/\/pizbube.ch\/en\/wp-json\/wp\/v2\/product_brand?post=153036"},{"taxonomy":"product_cat","embeddable":true,"href":"https:\/\/pizbube.ch\/en\/wp-json\/wp\/v2\/product_cat?post=153036"},{"taxonomy":"product_tag","embeddable":true,"href":"https:\/\/pizbube.ch\/en\/wp-json\/wp\/v2\/product_tag?post=153036"}],"curies":[{"name":"wp","href":"https:\/\/api.w.org\/{rel}","templated":true}]}}