{"id":153037,"date":"2021-01-15T12:34:27","date_gmt":"2021-01-15T12:34:27","guid":{"rendered":"https:\/\/codengine3.ch\/?product=import-placeholder-for-205497"},"modified":"2022-01-04T11:14:43","modified_gmt":"2022-01-04T10:14:43","slug":"expedition-antarctica","status":"publish","type":"product","link":"https:\/\/pizbube.ch\/en\/shop\/expedition-antarctica\/","title":{"rendered":"Expedition Antarctica"},"content":{"rendered":"<p>484 Tage bis ans Ende der Welt<\/p>\n<div>\n<p>\u00bbLieber bei der Verwirklichung eines Traums sterben als kurz vor dessen Verwirklichung scheitern\u00ab, das schrieb Evelyne Binsack am 23. Dezember 2007 in ihr Tagebuch, setzte den Stift ab und kurz darauf nochmals an: \u00bbEs ist\u00ab, schrieb sie weiter, \u00bbals \u00fcbern\u00e4hme eine andere Kraft das Zepter.\u00ab Kurz vor ihrem gro\u00dfen Ziel f\u00fchlte sich Evelyne Binsack am Ende ihrer Kr\u00e4fte. Die letzten tausend Kilometer zu Fu\u00df durch die K\u00e4lte und die St\u00fcrme der Antarktis setzten ihr zu. Dass sie am eisig kalten Ende der Welt ankam, verdankte sie vor allem ihren mentalen Kr\u00e4ften. Aber auch ihrer Flexibilit\u00e4t, Ausdauer und Demut.<\/p>\n<p>484 Tage zuvor war sie gestartet. Im Berner Oberland. Mit dem Fahrrad. Die 27 000 Kilometer lange Strecke bis zum S\u00fcdpol f\u00fchrte sie durch sechzehn L\u00e4nder, durch Europa, Nordamerika, S\u00fcdamerika und die Antarktis. Auf dem Fahrrad bis zum S\u00fcdzipfel S\u00fcdamerikas begegnete sie der atemberaubenden Sch\u00f6nheit unserer Erde mit all ihren Launen, musste aber auch mit Dieben und aggressiven Hunden fertig werden. Nicht lange, da machte sie gro\u00dfe B\u00f6gen ums Dickicht der St\u00e4dte und \u00fcbernachtete in Verstecken. Sie lernte, auf ihre Instinkte zu achten, und fand in der Wildnis eine Heimat.<\/p>\n<p>Markus Maeder hat die Tagebuchaufzeichnungen und die angeregten Gespr\u00e4che mit Evelyne Binsack zu einem Buch zusammengef\u00fcgt, das uns mit der Tatsache konfrontiert, dass unser Wille eine Kraft ist, die wir viel zu oft untersch\u00e4tzen. Ein Buch, das aufzeigt, wie der Glaube an uns selbst und die Machbarkeit der Dinge Berge versetzen kann.<\/p>\n<\/div>","protected":false},"excerpt":{"rendered":"<p>484 Tage bis ans Ende der Welt \u00bbLieber bei der Verwirklichung eines Traums sterben als kurz vor dessen Verwirklichung scheitern\u00ab, das schrieb Evelyne Binsack am 23. Dezember 2007 in ihr Tagebuch, setzte den Stift ab und kurz darauf nochmals an: \u00bbEs ist\u00ab, schrieb sie weiter, \u00bbals \u00fcbern\u00e4hme eine andere Kraft das Zepter.\u00ab Kurz vor ihrem [&#8230;]\n","protected":false},"featured_media":160260,"template":"","meta":[],"product_brand":[],"product_cat":[21542],"product_tag":[],"class_list":{"0":"post-153037","1":"product","2":"type-product","3":"status-publish","4":"has-post-thumbnail","6":"product_cat-sachbuecher-dokumentationen","7":"pa_autor-binsack","8":"pa_erscheinungsjahr-21591","9":"pa_region-schweiz","10":"pa_sprache-de","12":"first","13":"onbackorder","14":"taxable","15":"shipping-taxable","16":"purchasable","17":"product-type-simple"},"_links":{"self":[{"href":"https:\/\/pizbube.ch\/en\/wp-json\/wp\/v2\/product\/153037","targetHints":{"allow":["GET"]}}],"collection":[{"href":"https:\/\/pizbube.ch\/en\/wp-json\/wp\/v2\/product"}],"about":[{"href":"https:\/\/pizbube.ch\/en\/wp-json\/wp\/v2\/types\/product"}],"wp:featuredmedia":[{"embeddable":true,"href":"https:\/\/pizbube.ch\/en\/wp-json\/wp\/v2\/media\/160260"}],"wp:attachment":[{"href":"https:\/\/pizbube.ch\/en\/wp-json\/wp\/v2\/media?parent=153037"}],"wp:term":[{"taxonomy":"product_brand","embeddable":true,"href":"https:\/\/pizbube.ch\/en\/wp-json\/wp\/v2\/product_brand?post=153037"},{"taxonomy":"product_cat","embeddable":true,"href":"https:\/\/pizbube.ch\/en\/wp-json\/wp\/v2\/product_cat?post=153037"},{"taxonomy":"product_tag","embeddable":true,"href":"https:\/\/pizbube.ch\/en\/wp-json\/wp\/v2\/product_tag?post=153037"}],"curies":[{"name":"wp","href":"https:\/\/api.w.org\/{rel}","templated":true}]}}