{"id":153039,"date":"2021-01-15T12:34:28","date_gmt":"2021-01-15T12:34:28","guid":{"rendered":"https:\/\/codengine3.ch\/?product=import-placeholder-for-208524"},"modified":"2021-01-15T17:54:55","modified_gmt":"2021-01-15T17:54:55","slug":"bas-valais-150000-supertrail-map","status":"publish","type":"product","link":"https:\/\/pizbube.ch\/en\/shop\/bas-valais-150000-supertrail-map\/","title":{"rendered":"Bas-Valais 1:50&#8217;000 Supertrail Map"},"content":{"rendered":"<p>Die Supertrail Map verzeichnet die besten Singletrails in Bas-Valais.<br \/>\nBasierend auf dem Wissen von Locals und eigens recherchiert von daf\u00fcr<br \/>\nausgebildeten Kartenautoren enth\u00e4lt die Supertrail Map Singletrails in f\u00fcnf<br \/>\nverschiedenen Schwierigkeitsgraden. Die Karte im Ma\u00dfstab 1:50 000 ist auf<br \/>\nrei\u00df- und wasserfeste Folie gedruckt und durch ihr praktisches Format von<br \/>\n10&#215;15 cm in jeder Tasche gut verstaubar.<\/p>\n<p>Einheitlich \u2013 eigens geschulte MTB-Experten gew\u00e4hrleisten eine einheitliche<br \/>\nBewertung der selbst gefahrenen Trails<br \/>\nNutzerfreundlich \u2013 Highlight-Trails sind speziell markiert<\/p>\n<p>Detailliert \u2013 Massstab 1:25.000\/1:50.000 liefert alle Infos<br \/>\nRobust \u2013 gedruckt auf reiss- und wasserfester Folie<br \/>\nKompakt \u2013 Format 10 x 15 cm passt in jede Jacken- oder Hosentasche<\/p>","protected":false},"excerpt":{"rendered":"<p>Die Supertrail Map verzeichnet die besten Singletrails in Bas-Valais. Basierend auf dem Wissen von Locals und eigens recherchiert von daf\u00fcr ausgebildeten Kartenautoren enth\u00e4lt die Supertrail Map Singletrails in f\u00fcnf verschiedenen Schwierigkeitsgraden. Die Karte im Ma\u00dfstab 1:50 000 ist auf rei\u00df- und wasserfeste Folie gedruckt und durch ihr praktisches Format von 10&#215;15 cm in jeder Tasche [&#8230;]\n","protected":false},"featured_media":40446,"template":"","meta":[],"product_brand":[],"product_cat":[21543],"product_tag":[],"class_list":{"0":"post-153039","1":"product","2":"type-product","3":"status-publish","4":"has-post-thumbnail","6":"product_cat-landkarten","7":"pa_autor-stm","8":"pa_erscheinungsjahr-21571","9":"pa_region-schweiz","10":"pa_sprache-de-fr-en","12":"first","13":"instock","14":"taxable","15":"shipping-taxable","16":"purchasable","17":"product-type-simple"},"_links":{"self":[{"href":"https:\/\/pizbube.ch\/en\/wp-json\/wp\/v2\/product\/153039","targetHints":{"allow":["GET"]}}],"collection":[{"href":"https:\/\/pizbube.ch\/en\/wp-json\/wp\/v2\/product"}],"about":[{"href":"https:\/\/pizbube.ch\/en\/wp-json\/wp\/v2\/types\/product"}],"wp:featuredmedia":[{"embeddable":true,"href":"https:\/\/pizbube.ch\/en\/wp-json\/wp\/v2\/media\/40446"}],"wp:attachment":[{"href":"https:\/\/pizbube.ch\/en\/wp-json\/wp\/v2\/media?parent=153039"}],"wp:term":[{"taxonomy":"product_brand","embeddable":true,"href":"https:\/\/pizbube.ch\/en\/wp-json\/wp\/v2\/product_brand?post=153039"},{"taxonomy":"product_cat","embeddable":true,"href":"https:\/\/pizbube.ch\/en\/wp-json\/wp\/v2\/product_cat?post=153039"},{"taxonomy":"product_tag","embeddable":true,"href":"https:\/\/pizbube.ch\/en\/wp-json\/wp\/v2\/product_tag?post=153039"}],"curies":[{"name":"wp","href":"https:\/\/api.w.org\/{rel}","templated":true}]}}