{"id":153043,"date":"2021-01-15T12:34:28","date_gmt":"2021-01-15T12:34:28","guid":{"rendered":"https:\/\/codengine3.ch\/?product=import-placeholder-for-205302"},"modified":"2021-10-08T17:41:44","modified_gmt":"2021-10-08T15:41:44","slug":"bodensee-raetikon","status":"publish","type":"product","link":"https:\/\/pizbube.ch\/en\/shop\/bodensee-raetikon\/","title":{"rendered":"Bodensee &#8211; R\u00e4tikon"},"content":{"rendered":"<p class=\"mt-3\">Bregenz \u2013 Dornbirn \u2013 Feldkirch \u2013 Liechtenstein<\/p>\n<p><span class=\"value\">Naturgenuss steht hier im Mittelpunkt! Am Bodensee, im Gebiet von Vorarlberg, Liechtenstein und R\u00e4tikon, k\u00f6nnte die Landschaft nicht abwechslungsreicher sein: Vom mediterran anmutenden Bodensee-Strand bis fast zum Gletschereis der Schesaplana ist die Vielfalt gro\u00df. 50 ausgew\u00e4hlte Touren in dieser herrlichen Region stellt der Rother Wanderf\u00fchrer \u00bbBodensee \u2013 R\u00e4tikon\u00ab vor.<\/span><\/p>\n<p>Die Tourenvorschl\u00e4ge bieten alles, was das Wander-Herz begehrt: Strandspazierg\u00e4nge am Bodensee, kurze Wanderungen auf Aussichtsberge, abenteuerliche Exkursionen in Schluchten und traumhafte H\u00f6henwanderungen. Auch einige luftige Felsgipfel, auf Leitern und schmalen Steigen zug\u00e4nglich, bereichern das Programm. Wer sich eine l\u00e4ngere Auszeit g\u00f6nnen m\u00f6chte, dem sei der R\u00e4tikon-H\u00f6henweg Nord empfohlen: in vier Tagen f\u00fchrt er durch die romantische Liechtensteiner Bergwelt, mit weiten Ausblicken auf die umliegende Bergwelt.<\/p>\n<p>Jede Tour im Rother Wanderf\u00fchrer \u00bbBodensee \u2013 R\u00e4tikon\u00ab wird mit zuverl\u00e4ssigen Wegbeschreibungen, detaillierten Wanderkarten mit eingezeichnetem Routenverlauf und aussagekr\u00e4ftigen H\u00f6henprofilen vorgestellt. Zudem stehen GPS-Daten zum Download von der Website des Rother Bergverlags bereit. Viele Einkehrtipps komplettieren das Angebot.<\/p>\n<p>50 H\u00f6henprofile, 50 Wanderk\u00e4rtchen im Ma\u00dfstab 1:50.000 und 1:75.000 sowie zwei \u00dcbersichtskarten im Ma\u00dfstab 1:500.000 und 1:800.000<br \/>\n7., aktualisierte Auflage 2021<\/p>","protected":false},"excerpt":{"rendered":"<p>Bregenz \u2013 Dornbirn \u2013 Feldkirch \u2013 Liechtenstein Naturgenuss steht hier im Mittelpunkt! Am Bodensee, im Gebiet von Vorarlberg, Liechtenstein und R\u00e4tikon, k\u00f6nnte die Landschaft nicht abwechslungsreicher sein: Vom mediterran anmutenden Bodensee-Strand bis fast zum Gletschereis der Schesaplana ist die Vielfalt gro\u00df. 50 ausgew\u00e4hlte Touren in dieser herrlichen Region stellt der Rother Wanderf\u00fchrer \u00bbBodensee \u2013 R\u00e4tikon\u00ab [&#8230;]\n","protected":false},"featured_media":159127,"template":"","meta":[],"product_brand":[],"product_cat":[21605],"product_tag":[],"class_list":{"0":"post-153043","1":"product","2":"type-product","3":"status-publish","4":"has-post-thumbnail","6":"product_cat-wanderfuehrer-trekking","7":"pa_autor-mayr","8":"pa_erscheinungsjahr-25440","9":"pa_region-schweiz","10":"pa_sprache-de","12":"first","13":"instock","14":"taxable","15":"shipping-taxable","16":"purchasable","17":"product-type-simple"},"_links":{"self":[{"href":"https:\/\/pizbube.ch\/en\/wp-json\/wp\/v2\/product\/153043","targetHints":{"allow":["GET"]}}],"collection":[{"href":"https:\/\/pizbube.ch\/en\/wp-json\/wp\/v2\/product"}],"about":[{"href":"https:\/\/pizbube.ch\/en\/wp-json\/wp\/v2\/types\/product"}],"wp:featuredmedia":[{"embeddable":true,"href":"https:\/\/pizbube.ch\/en\/wp-json\/wp\/v2\/media\/159127"}],"wp:attachment":[{"href":"https:\/\/pizbube.ch\/en\/wp-json\/wp\/v2\/media?parent=153043"}],"wp:term":[{"taxonomy":"product_brand","embeddable":true,"href":"https:\/\/pizbube.ch\/en\/wp-json\/wp\/v2\/product_brand?post=153043"},{"taxonomy":"product_cat","embeddable":true,"href":"https:\/\/pizbube.ch\/en\/wp-json\/wp\/v2\/product_cat?post=153043"},{"taxonomy":"product_tag","embeddable":true,"href":"https:\/\/pizbube.ch\/en\/wp-json\/wp\/v2\/product_tag?post=153043"}],"curies":[{"name":"wp","href":"https:\/\/api.w.org\/{rel}","templated":true}]}}