{"id":153045,"date":"2021-01-15T12:34:34","date_gmt":"2021-01-15T12:34:34","guid":{"rendered":"https:\/\/codengine3.ch\/?product=import-placeholder-for-202574"},"modified":"2021-01-15T12:37:29","modified_gmt":"2021-01-15T12:37:29","slug":"rettet-die-alpen","status":"publish","type":"product","link":"https:\/\/pizbube.ch\/en\/shop\/rettet-die-alpen\/","title":{"rendered":"Rettet die Alpen"},"content":{"rendered":"<p>Als die ersten Touristen die Alpen entdeckten, fanden sie eine einzigartige<br \/>\nund unber\u00fchrte Natur vor. Dies hat sich grundlegend ge\u00e4ndert: Parkpl\u00e4tze,<br \/>\nSkilifte und ausgebaute Strassen pr\u00e4gen das Erscheinungsbild der Berge. Der<br \/>\nber\u00fchmte Bergsteiger und Abenteurer Reinhold Messner setzt sich f\u00fcr einen<br \/>\numweltvertr\u00e4glichen Umgang mit der alpinen Gebirgswelt ein. Denn jeder<br \/>\neinzelne kann dazu beitragen, die Urlandschaft dieser Erde wieder mit<br \/>\nfundamentalen Werten zu f\u00fcllen &#8211; Weite, Stille und Erhabenheit.<\/p>","protected":false},"excerpt":{"rendered":"<p>Als die ersten Touristen die Alpen entdeckten, fanden sie eine einzigartige und unber\u00fchrte Natur vor. Dies hat sich grundlegend ge\u00e4ndert: Parkpl\u00e4tze, Skilifte und ausgebaute Strassen pr\u00e4gen das Erscheinungsbild der Berge. Der ber\u00fchmte Bergsteiger und Abenteurer Reinhold Messner setzt sich f\u00fcr einen umweltvertr\u00e4glichen Umgang mit der alpinen Gebirgswelt ein. Denn jeder einzelne kann dazu beitragen, die [&#8230;]\n","protected":false},"featured_media":29979,"template":"","meta":[],"product_brand":[],"product_cat":[21542],"product_tag":[],"class_list":{"0":"post-153045","1":"product","2":"type-product","3":"status-publish","4":"has-post-thumbnail","6":"product_cat-sachbuecher-dokumentationen","7":"pa_autor-messner","8":"pa_erscheinungsjahr-22144","9":"pa_region-deutschland","10":"pa_sprache-de","12":"first","13":"instock","14":"taxable","15":"shipping-taxable","16":"purchasable","17":"product-type-simple"},"_links":{"self":[{"href":"https:\/\/pizbube.ch\/en\/wp-json\/wp\/v2\/product\/153045","targetHints":{"allow":["GET"]}}],"collection":[{"href":"https:\/\/pizbube.ch\/en\/wp-json\/wp\/v2\/product"}],"about":[{"href":"https:\/\/pizbube.ch\/en\/wp-json\/wp\/v2\/types\/product"}],"wp:featuredmedia":[{"embeddable":true,"href":"https:\/\/pizbube.ch\/en\/wp-json\/wp\/v2\/media\/29979"}],"wp:attachment":[{"href":"https:\/\/pizbube.ch\/en\/wp-json\/wp\/v2\/media?parent=153045"}],"wp:term":[{"taxonomy":"product_brand","embeddable":true,"href":"https:\/\/pizbube.ch\/en\/wp-json\/wp\/v2\/product_brand?post=153045"},{"taxonomy":"product_cat","embeddable":true,"href":"https:\/\/pizbube.ch\/en\/wp-json\/wp\/v2\/product_cat?post=153045"},{"taxonomy":"product_tag","embeddable":true,"href":"https:\/\/pizbube.ch\/en\/wp-json\/wp\/v2\/product_tag?post=153045"}],"curies":[{"name":"wp","href":"https:\/\/api.w.org\/{rel}","templated":true}]}}