{"id":153046,"date":"2021-01-15T12:34:34","date_gmt":"2021-01-15T12:34:34","guid":{"rendered":"https:\/\/codengine3.ch\/?product=import-placeholder-for-205778"},"modified":"2021-10-07T16:41:04","modified_gmt":"2021-10-07T14:41:04","slug":"hinter-den-bergen-2","status":"publish","type":"product","link":"https:\/\/pizbube.ch\/en\/shop\/hinter-den-bergen-2\/","title":{"rendered":"Hinter den Bergen"},"content":{"rendered":"<p>Eine Heimatkunde<br \/>\nWeiden und Vieh auf der einen Seite. Apr\u00e8s-Ski-H\u00fctten und Reklametafeln auf<br \/>\nder anderen. Der Ort des Geschehens ist derselbe: Die Alpen. Nur wenige<br \/>\nJahrzehnte trennen die alte Welt von der neuen &#8211; und doch eine ganze \u00c4ra. Das<br \/>\nb\u00e4uerliche Leben in einer intakten Natur, dokumentiert in alten Schwarz-Wei\u00df-<br \/>\nFotografien, ist pass\u00e9. Lois Hechenblaikner zeigt uns die frappierenden Folgen<br \/>\nder Alpenbewirtschaftungsindustrie: In Gegen\u00fcberstellungen pr\u00e4sentiert er<br \/>\njeweils ein altes Schwarz-Wei\u00df-Foto neben einem aktuellen, selbst<br \/>\nfotografierten Farbbild und bezieht zwei formal analoge Szenerien aufeinander.<br \/>\nDie \u00c4hnlichkeiten sind grotesk. Heute bl\u00fcht nicht die Landschaft, sondern der<br \/>\nMassentourismus. Anstelle von Feldfr\u00fcchten harkt man jetzt das Weggeworfene<br \/>\nder Freizeitmaschinerie, die den Wunsch der Zugereisten nach Zeitvertreib auf<br \/>\njedwede Art zu erf\u00fcllen sucht. Jede Doppelseite konfrontiert den Betrachter<br \/>\nmit einer neuen, bitterb\u00f6sen, tragikomischen Pointe der Region &#8218;Hinter den<br \/>\nBergen&#8216;.<\/p>\n<p>Lois Hechenblaikner findet in der vorliegenden Arbeit einen individuellen<br \/>\nAnsatz im Bereich dokumentarischer Fotografie, in dem er eine<br \/>\nGegen\u00fcberstellung historischer Aufnahmen mit seinen eigenen Bildern<br \/>\nkonstruiert. Zwischen den verschiedenen Fotografietypen entsteht eine<br \/>\nfurchtbare Spannung, die pures visuelles Vergn\u00fcgen mit analytischer<br \/>\nBetrachtung verbindet.<\/p>\n<p>Einen Viehmarkt stellt er einem Autoparkplatz gegen\u00fcber, Feldarbeiter den<br \/>\nGolfspielern, einen Traktor der Pistenmaschine &#8211; Symbole der Arbeitswelt gegen<br \/>\nSymbole der Freizeitgesellschaft, deren Erscheinungsbild von den Zeichen der<br \/>\nWerbeindustrie durchsetzt ist.<\/p>","protected":false},"excerpt":{"rendered":"<p>Eine Heimatkunde Weiden und Vieh auf der einen Seite. Apr\u00e8s-Ski-H\u00fctten und Reklametafeln auf der anderen. Der Ort des Geschehens ist derselbe: Die Alpen. Nur wenige Jahrzehnte trennen die alte Welt von der neuen &#8211; und doch eine ganze \u00c4ra. Das b\u00e4uerliche Leben in einer intakten Natur, dokumentiert in alten Schwarz-Wei\u00df- Fotografien, ist pass\u00e9. Lois Hechenblaikner [&#8230;]\n","protected":false},"featured_media":34597,"template":"","meta":[],"product_brand":[],"product_cat":[21580],"product_tag":[],"class_list":{"0":"post-153046","1":"product","2":"type-product","3":"status-publish","4":"has-post-thumbnail","6":"product_cat-kunst-kultur","7":"pa_autor-hechenblaikner","8":"pa_erscheinungsjahr-21693","9":"pa_region-deutschland","10":"pa_sprache-de","12":"first","13":"outofstock","14":"taxable","15":"shipping-taxable","16":"purchasable","17":"product-type-simple"},"_links":{"self":[{"href":"https:\/\/pizbube.ch\/en\/wp-json\/wp\/v2\/product\/153046","targetHints":{"allow":["GET"]}}],"collection":[{"href":"https:\/\/pizbube.ch\/en\/wp-json\/wp\/v2\/product"}],"about":[{"href":"https:\/\/pizbube.ch\/en\/wp-json\/wp\/v2\/types\/product"}],"wp:featuredmedia":[{"embeddable":true,"href":"https:\/\/pizbube.ch\/en\/wp-json\/wp\/v2\/media\/34597"}],"wp:attachment":[{"href":"https:\/\/pizbube.ch\/en\/wp-json\/wp\/v2\/media?parent=153046"}],"wp:term":[{"taxonomy":"product_brand","embeddable":true,"href":"https:\/\/pizbube.ch\/en\/wp-json\/wp\/v2\/product_brand?post=153046"},{"taxonomy":"product_cat","embeddable":true,"href":"https:\/\/pizbube.ch\/en\/wp-json\/wp\/v2\/product_cat?post=153046"},{"taxonomy":"product_tag","embeddable":true,"href":"https:\/\/pizbube.ch\/en\/wp-json\/wp\/v2\/product_tag?post=153046"}],"curies":[{"name":"wp","href":"https:\/\/api.w.org\/{rel}","templated":true}]}}