{"id":153047,"date":"2021-01-15T12:34:35","date_gmt":"2021-01-15T12:34:35","guid":{"rendered":"https:\/\/codengine3.ch\/?product=import-placeholder-for-204766"},"modified":"2025-06-05T09:24:45","modified_gmt":"2025-06-05T07:24:45","slug":"hinter-den-bergen","status":"publish","type":"product","link":"https:\/\/pizbube.ch\/en\/shop\/hinter-den-bergen\/","title":{"rendered":"Hinter den Bergen"},"content":{"rendered":"<p>Berge, K\u00fche, traditionelle Arbeitsweisen auf der einen Seite, Reklametafeln,<br \/>\nSki-H\u00fctten und die Exzesse einer enthemmten Freizeitgesellschaft auf der<br \/>\nanderen: All das haben die Alpen zu bieten.<\/p>\n<p>In seinem neuen Buch zeigt Lois Hechenblaikner, auf welch dramatische Art und<br \/>\nWeise sich die Alpen in den letzten zwei Generationen ver\u00e4ndert haben. Seine<br \/>\nFarbfotografien stellt er den Schwarzwei\u00dffotografien des bereits verstorbenen<br \/>\nAgraringenieurs Armin Kniely gegen\u00fcber und konfrontiert den Betrachter so mit<br \/>\nzwei gegens\u00e4tzlichen Szenarien, zwischen denen bis zu sechzig Jahre liegen.<br \/>\nDie Doppelb\u00f6digkeit der entstehenden Pendants f\u00fchrt bisweilen zu ungl\u00e4ubigem<br \/>\nKopfsch\u00fctteln: Heute bl\u00fcht in den Alpen nicht mehr der Enzian, sondern der<br \/>\nMassentourismus, und die K\u00fche sind aus lila Plastik. Nicht Heuballen, sondern<br \/>\nGolftrolleys werden im Konvoi \u00fcber die Wiesen gezogen. Treffend analysiert<br \/>\nHechenblaikner die Umfunktionierung einer agrarwirtschaftlichen Nutzlandschaft<br \/>\nin eine benutzte Freizeitlandschaft \u2013 und h\u00e4lt damit unserer Gesellschaft<br \/>\neinen Spiegel vor.<\/p>\n<p>144 Seiten; Paperback \/ softback, 19.5 x 14.2 cm<\/p>","protected":false},"excerpt":{"rendered":"<p><strong>NEUAUFLAGE LAUT VERLAG JUNI 2025<\/strong><\/p>","protected":false},"featured_media":179948,"template":"","meta":[],"product_brand":[],"product_cat":[21580],"product_tag":[],"class_list":{"0":"post-153047","1":"product","2":"type-product","3":"status-publish","4":"has-post-thumbnail","6":"product_cat-kunst-kultur","7":"pa_autor-hechenblaikner","8":"pa_erscheinungsjahr-27415","9":"pa_region-deutschland","10":"pa_sprache-de","12":"first","13":"onbackorder","14":"taxable","15":"shipping-taxable","16":"purchasable","17":"product-type-simple"},"_links":{"self":[{"href":"https:\/\/pizbube.ch\/en\/wp-json\/wp\/v2\/product\/153047","targetHints":{"allow":["GET"]}}],"collection":[{"href":"https:\/\/pizbube.ch\/en\/wp-json\/wp\/v2\/product"}],"about":[{"href":"https:\/\/pizbube.ch\/en\/wp-json\/wp\/v2\/types\/product"}],"wp:featuredmedia":[{"embeddable":true,"href":"https:\/\/pizbube.ch\/en\/wp-json\/wp\/v2\/media\/179948"}],"wp:attachment":[{"href":"https:\/\/pizbube.ch\/en\/wp-json\/wp\/v2\/media?parent=153047"}],"wp:term":[{"taxonomy":"product_brand","embeddable":true,"href":"https:\/\/pizbube.ch\/en\/wp-json\/wp\/v2\/product_brand?post=153047"},{"taxonomy":"product_cat","embeddable":true,"href":"https:\/\/pizbube.ch\/en\/wp-json\/wp\/v2\/product_cat?post=153047"},{"taxonomy":"product_tag","embeddable":true,"href":"https:\/\/pizbube.ch\/en\/wp-json\/wp\/v2\/product_tag?post=153047"}],"curies":[{"name":"wp","href":"https:\/\/api.w.org\/{rel}","templated":true}]}}