{"id":153049,"date":"2021-01-15T12:34:35","date_gmt":"2021-01-15T12:34:35","guid":{"rendered":"https:\/\/codengine3.ch\/?product=import-placeholder-for-208060"},"modified":"2021-01-15T17:49:45","modified_gmt":"2021-01-15T17:49:45","slug":"winter-wonderland","status":"publish","type":"product","link":"https:\/\/pizbube.ch\/en\/shop\/winter-wonderland\/","title":{"rendered":"Winter Wonderland"},"content":{"rendered":"<p>Wir sehen Massen in grellen Anoraks vor Liftanlagen; Snowboarder auf einer<br \/>\nHalfpipe, die gigantische Zuschauermenge von bunten Lichtkegeln angestrahlt;<br \/>\nein Gletscherfeuerwerk \u2013 und dann pl\u00f6tzlich Leere: Verwaiste Schneebars im<br \/>\nApr\u00e8s- Ski-Dekor, M\u00fcllberge am Ende eines Skitags und schrundige<br \/>\nPistenlandschaften im Sommer. Lois Hechenblaikner zeigt wie die Kommerzkultur<br \/>\ndie Berge in Besitz genommen hat, wie sie die Natur zerfurcht, mit technischer<br \/>\nInfrastruktur \u00fcberzieht und dabei Tiroler Traditionen bis zur Unkenntlichkeit<br \/>\npervertiert. Das alles ist aus einem einzigen Bild herauszulesen, wenn unter<br \/>\neiner Zapfanlage, deren Ausma\u00dfe an die Schaltzentrale eines Kraftwerks<br \/>\nerinnern, ein kleines Schild mit der Aufschrift: `Gl\u00fchwein` zu sehen ist. Was<br \/>\nHechenblaikner beim Fotografieren seiner Heimat Tirol antreibt, ist ein<br \/>\n\u00e4u\u00dferst fruchtbarer Humor der Verzweiflung.  <\/p>\n<p>Hechenblaikner`s intimate knowledge of the subject, the great perseverance and<br \/>\npatience he brings to bear when pursuing how event culture and mass tourism<br \/>\nhave mutilated the former mountain farmers` country, make him the most<br \/>\nexpressive documentarian of today`s Alpine reality. Tobia Bezzola Have fun<br \/>\nreads a sign on a ski run, a photograph of which opens Winter Wonderland. And<br \/>\nfun we have exploring these images of Hechenblaikner`s native Tyrol including<br \/>\nmasses of fans at a ski event, fireworks illuminating slopes at night, ski<br \/>\nlifts in the off-season navigating rocky outcrops, and rubbish in the snow<br \/>\nafter a day of revelry. This book is a documentation of this landscape and an<br \/>\nironic look at the perversion of Alpine culture that shapes it in the interest<br \/>\nof commerce. Lois Hechenblaikner was born in 1958 in Tyrol where he lives and<br \/>\nworks today. After nearly two decades working in Asia as a travel<br \/>\nphotographer, Hechenblaikner returned to Tyrol and began exploring the impact<br \/>\nof tourism on its landscape.  <\/p>","protected":false},"excerpt":{"rendered":"<p>Wir sehen Massen in grellen Anoraks vor Liftanlagen; Snowboarder auf einer Halfpipe, die gigantische Zuschauermenge von bunten Lichtkegeln angestrahlt; ein Gletscherfeuerwerk \u2013 und dann pl\u00f6tzlich Leere: Verwaiste Schneebars im Apr\u00e8s- Ski-Dekor, M\u00fcllberge am Ende eines Skitags und schrundige Pistenlandschaften im Sommer. Lois Hechenblaikner zeigt wie die Kommerzkultur die Berge in Besitz genommen hat, wie sie [&#8230;]\n","protected":false},"featured_media":39236,"template":"","meta":[],"product_brand":[],"product_cat":[21580],"product_tag":[],"class_list":{"0":"post-153049","1":"product","2":"type-product","3":"status-publish","4":"has-post-thumbnail","6":"product_cat-kunst-kultur","7":"pa_autor-hechenblaikner","8":"pa_erscheinungsjahr-21621","9":"pa_region-deutschland","10":"pa_sprache-de","11":"pa_sprache-en","13":"first","14":"instock","15":"taxable","16":"shipping-taxable","17":"purchasable","18":"product-type-simple"},"_links":{"self":[{"href":"https:\/\/pizbube.ch\/en\/wp-json\/wp\/v2\/product\/153049","targetHints":{"allow":["GET"]}}],"collection":[{"href":"https:\/\/pizbube.ch\/en\/wp-json\/wp\/v2\/product"}],"about":[{"href":"https:\/\/pizbube.ch\/en\/wp-json\/wp\/v2\/types\/product"}],"wp:featuredmedia":[{"embeddable":true,"href":"https:\/\/pizbube.ch\/en\/wp-json\/wp\/v2\/media\/39236"}],"wp:attachment":[{"href":"https:\/\/pizbube.ch\/en\/wp-json\/wp\/v2\/media?parent=153049"}],"wp:term":[{"taxonomy":"product_brand","embeddable":true,"href":"https:\/\/pizbube.ch\/en\/wp-json\/wp\/v2\/product_brand?post=153049"},{"taxonomy":"product_cat","embeddable":true,"href":"https:\/\/pizbube.ch\/en\/wp-json\/wp\/v2\/product_cat?post=153049"},{"taxonomy":"product_tag","embeddable":true,"href":"https:\/\/pizbube.ch\/en\/wp-json\/wp\/v2\/product_tag?post=153049"}],"curies":[{"name":"wp","href":"https:\/\/api.w.org\/{rel}","templated":true}]}}