{"id":153050,"date":"2021-01-15T12:34:35","date_gmt":"2021-01-15T12:34:35","guid":{"rendered":"https:\/\/codengine3.ch\/?product=import-placeholder-for-208342"},"modified":"2022-02-01T14:57:43","modified_gmt":"2022-02-01T13:57:43","slug":"jenseits-der-ansichtskarte-die-alpen-in-der-fotografie","status":"publish","type":"product","link":"https:\/\/pizbube.ch\/en\/shop\/jenseits-der-ansichtskarte-die-alpen-in-der-fotografie\/","title":{"rendered":"Jenseits der Ansichtskarte &#8211; Die Alpen in der Fotografie"},"content":{"rendered":"<p>Seit D\u00fcrers Italienreise spielt die Darstellung der Alpen in der bildenden<br \/>\nKunst eine bedeutende Rolle. Erstmals stehen nun vor allem zeitgen\u00f6ssische<br \/>\nFotografien zu den Alpen im Fokus.<\/p>\n<p>Von der Fr\u00fchzeit der Fotografie in der zweiten H\u00e4lfte des 19. Jahrhunderts an<br \/>\nbesch\u00e4ftigten sich Fotografen mit der alpinen Bergwelt. Nach einem R\u00fcckblick<br \/>\nauf die Pioniere der Alpenfotografie widmet sich der vorliegende Band<br \/>\ninsbesondere der zeitgen\u00f6ssischen Fotografie, die sich durch eine spannende<br \/>\nVielfalt an Kernthemen auszeichnet. Sie betreffen die Erhabenheit und<br \/>\nMonumentalit\u00e4t der Alpen ebenso wie die teils unspektakul\u00e4re Sch\u00f6nheit der<br \/>\nGebirgslandschaft, Eingriffe des Menschen in die alpine Natur sowie die<br \/>\nAuseinandersetzung mit dem Klischeebild der Alpen. Jenseits der<br \/>\nAnsichtskarten-Idylle werden faszinierende, manchmal \u00fcberraschende Blicke auf<br \/>\ndie Alpen geworfen und zugleich Tendenzen der zeitgen\u00f6ssischen k\u00fcnstlerischen<br \/>\nLandschaftsfotografie vorgestellt.<\/p>\n<p>Beitr\u00e4ge von M. Arnold, W. B\u00e4tzing, V. Hammerbacher, U. Pfanner, Z. Reckermann<br \/>\nund I.-S. Hoffmann<br \/>\n144 Seiten, 86 Tafeln und 19 Abbildungen, \u00fcberwiegend in Farbe<br \/>\n26 \u00d7 21,5 cm, gebunden<\/p>","protected":false},"excerpt":{"rendered":"<p>Seit D\u00fcrers Italienreise spielt die Darstellung der Alpen in der bildenden Kunst eine bedeutende Rolle. Erstmals stehen nun vor allem zeitgen\u00f6ssische Fotografien zu den Alpen im Fokus. Von der Fr\u00fchzeit der Fotografie in der zweiten H\u00e4lfte des 19. Jahrhunderts an besch\u00e4ftigten sich Fotografen mit der alpinen Bergwelt. Nach einem R\u00fcckblick auf die Pioniere der Alpenfotografie [&#8230;]\n","protected":false},"featured_media":41098,"template":"","meta":[],"product_brand":[],"product_cat":[21580],"product_tag":[],"class_list":{"0":"post-153050","1":"product","2":"type-product","3":"status-publish","4":"has-post-thumbnail","6":"product_cat-kunst-kultur","7":"pa_autor-galerie-stihl-waiblingen-und-vorarlberg-museum-bregenz-hrsg","8":"pa_autor-stadt-waiblingen","9":"pa_erscheinungsjahr-21568","10":"pa_region-deutschland","11":"pa_sprache-de","13":"first","14":"outofstock","15":"taxable","16":"shipping-taxable","17":"purchasable","18":"product-type-simple"},"_links":{"self":[{"href":"https:\/\/pizbube.ch\/en\/wp-json\/wp\/v2\/product\/153050","targetHints":{"allow":["GET"]}}],"collection":[{"href":"https:\/\/pizbube.ch\/en\/wp-json\/wp\/v2\/product"}],"about":[{"href":"https:\/\/pizbube.ch\/en\/wp-json\/wp\/v2\/types\/product"}],"wp:featuredmedia":[{"embeddable":true,"href":"https:\/\/pizbube.ch\/en\/wp-json\/wp\/v2\/media\/41098"}],"wp:attachment":[{"href":"https:\/\/pizbube.ch\/en\/wp-json\/wp\/v2\/media?parent=153050"}],"wp:term":[{"taxonomy":"product_brand","embeddable":true,"href":"https:\/\/pizbube.ch\/en\/wp-json\/wp\/v2\/product_brand?post=153050"},{"taxonomy":"product_cat","embeddable":true,"href":"https:\/\/pizbube.ch\/en\/wp-json\/wp\/v2\/product_cat?post=153050"},{"taxonomy":"product_tag","embeddable":true,"href":"https:\/\/pizbube.ch\/en\/wp-json\/wp\/v2\/product_tag?post=153050"}],"curies":[{"name":"wp","href":"https:\/\/api.w.org\/{rel}","templated":true}]}}