{"id":153051,"date":"2021-01-15T12:34:35","date_gmt":"2021-01-15T12:34:35","guid":{"rendered":"https:\/\/codengine3.ch\/?product=import-placeholder-for-208375"},"modified":"2021-02-03T22:00:41","modified_gmt":"2021-02-03T21:00:41","slug":"letzte-bergfahrt","status":"publish","type":"product","link":"https:\/\/pizbube.ch\/en\/shop\/letzte-bergfahrt\/","title":{"rendered":"Letzte Bergfahrt"},"content":{"rendered":"<p>\nAufgegebene Skigebiete in der Schweiz und ihre touristische Neuausrichtung<\/p>\n<p>In den Alpen gibt es Zeugnisse der Ver\u00f6dung und des Zerfalls, Monumente einer<br \/>\nheute nicht mehr als zeitgem\u00e4\u00df erachteten Infrastruktur: Skigebiete, die meist<br \/>\nin der Boomphase des alpinen Wintertourismus in den 1970er- und 1980er-Jahren<br \/>\nentstanden, sich jedoch nach einigen Jahrzehnten des Betriebs als unrentabel<br \/>\nerwiesen und stillgelegt wurden.<\/p>\n<p>Doch wie kam es dazu, dass diese Skigebiete geschlossen werden mussten? Fehlte<br \/>\nes an den n\u00f6tigen Modernisierungen oder war es der Klimawandel mit der<br \/>\nmangelnden Schneesicherheit und den ausbleibenden Touristen? Und welche neuen<br \/>\nChancen und Perspektiven bieten sich den betroffenen Gemeinden?<\/p>\n<p>Das Buch beleuchtet den Strukturwandel in den schweizerischen Skigebieten am<br \/>\nBeispiel der Gebiete Winterhorn (UR), Hungerberg (VS), Erner Galen (VS) und<br \/>\nSan Bernadino\/Confin (GR). Die Emotionalit\u00e4t des Themas &#8211; die Melancholie,<br \/>\naber auch die Aussicht auf einen \u00f6kologischen und \u00f6konomischen Neubeginn &#8211;<br \/>\nkommt in gro\u00dfformatigen Fotografien der Relikte skialpiner Vergangenheit zum<br \/>\nAusdruck.  <\/p>\n<p>Gebunden. 240 Seiten<\/p>","protected":false},"excerpt":{"rendered":"<p>Aufgegebene Skigebiete in der Schweiz und ihre touristische Neuausrichtung In den Alpen gibt es Zeugnisse der Ver\u00f6dung und des Zerfalls, Monumente einer heute nicht mehr als zeitgem\u00e4\u00df erachteten Infrastruktur: Skigebiete, die meist in der Boomphase des alpinen Wintertourismus in den 1970er- und 1980er-Jahren entstanden, sich jedoch nach einigen Jahrzehnten des Betriebs als unrentabel erwiesen und [&#8230;]\n","protected":false},"featured_media":41167,"template":"","meta":[],"product_brand":[],"product_cat":[21542],"product_tag":[],"class_list":{"0":"post-153051","1":"product","2":"type-product","3":"status-publish","4":"has-post-thumbnail","6":"product_cat-sachbuecher-dokumentationen","7":"pa_autor-schuck-heise","8":"pa_erscheinungsjahr-21558","9":"pa_region-schweiz","10":"pa_sprache-de","12":"first","13":"instock","14":"taxable","15":"shipping-taxable","16":"purchasable","17":"product-type-simple"},"_links":{"self":[{"href":"https:\/\/pizbube.ch\/en\/wp-json\/wp\/v2\/product\/153051","targetHints":{"allow":["GET"]}}],"collection":[{"href":"https:\/\/pizbube.ch\/en\/wp-json\/wp\/v2\/product"}],"about":[{"href":"https:\/\/pizbube.ch\/en\/wp-json\/wp\/v2\/types\/product"}],"wp:featuredmedia":[{"embeddable":true,"href":"https:\/\/pizbube.ch\/en\/wp-json\/wp\/v2\/media\/41167"}],"wp:attachment":[{"href":"https:\/\/pizbube.ch\/en\/wp-json\/wp\/v2\/media?parent=153051"}],"wp:term":[{"taxonomy":"product_brand","embeddable":true,"href":"https:\/\/pizbube.ch\/en\/wp-json\/wp\/v2\/product_brand?post=153051"},{"taxonomy":"product_cat","embeddable":true,"href":"https:\/\/pizbube.ch\/en\/wp-json\/wp\/v2\/product_cat?post=153051"},{"taxonomy":"product_tag","embeddable":true,"href":"https:\/\/pizbube.ch\/en\/wp-json\/wp\/v2\/product_tag?post=153051"}],"curies":[{"name":"wp","href":"https:\/\/api.w.org\/{rel}","templated":true}]}}