{"id":153052,"date":"2021-01-15T12:34:35","date_gmt":"2021-01-15T12:34:35","guid":{"rendered":"https:\/\/codengine3.ch\/?product=import-placeholder-for-208503"},"modified":"2021-04-13T11:29:01","modified_gmt":"2021-04-13T09:29:01","slug":"alp-die-alpen-eine-faszinierende-landschaft-zwischen-erhabenheit-und-nutzung","status":"publish","type":"product","link":"https:\/\/pizbube.ch\/en\/shop\/alp-die-alpen-eine-faszinierende-landschaft-zwischen-erhabenheit-und-nutzung\/","title":{"rendered":"ALP &#8211; Die Alpen, eine faszinierende Landschaft zwischen Erhabenheit und Nutzung"},"content":{"rendered":"<p>Die Bergwelt im Wandel &#8211; dokumentiert auf h\u00f6chstem k\u00fcnstlerischem Niveau<\/p>\n<p>Die atemberaubende Landschaft der Alpen \u00fcbte schon auf die Pioniere der<br \/>\nFotografie eine unwiderstehliche Anziehungskraft aus. Seit den 60er-Jahren des<br \/>\n19. Jahrhunderts nahmen Fotografen die Strapazen einer Gipfelbesteigung mit<br \/>\nSteigeisen und einer viele Kilogramm schweren Fotoausr\u00fcstung auf sich, um<br \/>\n&#171;die glanzvolle und einzig sch\u00f6ne Firnenwelt ins Flachland hinunter zu<br \/>\nzaubern&#187;. Diese einzigartige Bergwelt hat bis heute nichts von ihrer<br \/>\nFaszination verloren. ALP vereint drei Serien des Fotografen Olaf Unverzart,<br \/>\ndie in den letzten zw\u00f6lf Jahren im gesamten Alpenraum entstanden sind.<\/p>\n<p>Dabei nimmt er auch die M\u00fchsal des Aufstiegs mit einer analogen<br \/>\nGro\u00dfformatkamera auf sich, um neben der \u00fcberw\u00e4ltigenden Sch\u00f6nheit der<br \/>\nLandschaft auch die Ver\u00e4nderungen durch Klimawandel und stetig zunehmenden<br \/>\nTourismus zu dokumentieren. In feinf\u00fchligen, farblich reduzierten und<br \/>\nunpr\u00e4tenti\u00f6sen Fotografien erfasst Olaf Unverzart die fragile Balance zwischen<br \/>\nder zeitlosen Erhabenheit der alpinen Gipfel und den von Menschen verursachten<br \/>\nEingriffen und Zerst\u00f6rungen dieser Landschaft.<\/p>\n<p>Die Bilder von Olaf Unverzart haben nichts von der romantisch-touristischen<br \/>\nVerkl\u00e4rung der Alpen. Sein Blick auf die Berge ist n\u00fcchtern, asketisch,<br \/>\nstreng. Die Bilder, die dabei entstehen, sind von puritanischer Sch\u00f6nheit.<\/p>","protected":false},"excerpt":{"rendered":"<ul>\n<li><a href=\"https:\/\/pizbube.ch\/wp-content\/uploads\/attachments\/a_030\/E40E57F3A1DC4878B7F2CEB9255CF732.pdf\" target=\"_blank\" rel=\"noopener\">PDF: Leseprobe ALP<\/a><\/li>\n<\/ul>","protected":false},"featured_media":40378,"template":"","meta":[],"product_brand":[],"product_cat":[21580],"product_tag":[],"class_list":{"0":"post-153052","1":"product","2":"type-product","3":"status-publish","4":"has-post-thumbnail","6":"product_cat-kunst-kultur","7":"pa_autor-unverzart-dauer-greiff","8":"pa_erscheinungsjahr-21550","9":"pa_region-deutschland","10":"pa_sprache-de","12":"first","13":"instock","14":"taxable","15":"shipping-taxable","16":"purchasable","17":"product-type-simple"},"_links":{"self":[{"href":"https:\/\/pizbube.ch\/en\/wp-json\/wp\/v2\/product\/153052","targetHints":{"allow":["GET"]}}],"collection":[{"href":"https:\/\/pizbube.ch\/en\/wp-json\/wp\/v2\/product"}],"about":[{"href":"https:\/\/pizbube.ch\/en\/wp-json\/wp\/v2\/types\/product"}],"wp:featuredmedia":[{"embeddable":true,"href":"https:\/\/pizbube.ch\/en\/wp-json\/wp\/v2\/media\/40378"}],"wp:attachment":[{"href":"https:\/\/pizbube.ch\/en\/wp-json\/wp\/v2\/media?parent=153052"}],"wp:term":[{"taxonomy":"product_brand","embeddable":true,"href":"https:\/\/pizbube.ch\/en\/wp-json\/wp\/v2\/product_brand?post=153052"},{"taxonomy":"product_cat","embeddable":true,"href":"https:\/\/pizbube.ch\/en\/wp-json\/wp\/v2\/product_cat?post=153052"},{"taxonomy":"product_tag","embeddable":true,"href":"https:\/\/pizbube.ch\/en\/wp-json\/wp\/v2\/product_tag?post=153052"}],"curies":[{"name":"wp","href":"https:\/\/api.w.org\/{rel}","templated":true}]}}