{"id":153053,"date":"2021-01-15T12:34:35","date_gmt":"2021-01-15T12:34:35","guid":{"rendered":"https:\/\/codengine3.ch\/?product=import-placeholder-for-202240"},"modified":"2025-11-05T09:25:31","modified_gmt":"2025-11-05T08:25:31","slug":"steile-welt","status":"publish","type":"product","link":"https:\/\/pizbube.ch\/en\/shop\/steile-welt\/","title":{"rendered":"Steile Welt"},"content":{"rendered":"<p>Mathis und Schwenkmeier f\u00fchren mit stimmungsvollen Bildern und gleicherma\u00dfen<br \/>\nfundierten wie unterhaltsamen Texten durch die Alpen, vom Schneeberg bei Wien<br \/>\nbis zur Montagne St. Victoire in der Provence. Roeper zeigt, wie und wohin<br \/>\nsich der Alpinismus in den letzten Jahrzehnten entwickelt hat. Gebirge sind<br \/>\nUrlandschaften: herb, gro\u00dfartig, beeindruckend, vielfach unbez\u00e4hmbar wie<br \/>\nOzeane und W\u00fcsten. Sie sind Gebilde aus Stein und Eis, hoch droben<br \/>\nmenschenfeindlich und fast unnahbar.<\/p>\n<p>Da, wo es m\u00f6glich war, haben es Menschen seit Jahrtausenden verstanden, diese<br \/>\nLandschaften zu nutzen und ihnen Lebensgrundlagen abzuringen. Die Alpen wurden<br \/>\nso zu einem einzigartigen Kultur- und Lebensraum. Heute ziehen die Alpen jedes<br \/>\nJahr Millionen von Touristen in ihren Bann &#8211; Wanderer, Bergsteiger, Kletterer,<br \/>\nSkifahrer und Trendsportler gleicherma\u00dfen.<\/p>","protected":false},"excerpt":{"rendered":"<p>Mathis und Schwenkmeier f\u00fchren mit stimmungsvollen Bildern und gleicherma\u00dfen fundierten wie unterhaltsamen Texten durch die Alpen, vom Schneeberg bei Wien bis zur Montagne St. Victoire in der Provence. Roeper zeigt, wie und wohin sich der Alpinismus in den letzten Jahrzehnten entwickelt hat. Gebirge sind Urlandschaften: herb, gro\u00dfartig, beeindruckend, vielfach unbez\u00e4hmbar wie Ozeane und W\u00fcsten. Sie [&#8230;]\n","protected":false},"featured_media":182037,"template":"","meta":[],"product_brand":[],"product_cat":[21542],"product_tag":[],"class_list":{"0":"post-153053","1":"product","2":"type-product","3":"status-publish","4":"has-post-thumbnail","6":"product_cat-sachbuecher-dokumentationen","7":"pa_autor-mathis-roeper-messner","8":"pa_erscheinungsjahr-21750","9":"pa_region-deutschland","10":"pa_sprache-de","12":"first","13":"instock","14":"taxable","15":"shipping-taxable","16":"purchasable","17":"product-type-simple"},"_links":{"self":[{"href":"https:\/\/pizbube.ch\/en\/wp-json\/wp\/v2\/product\/153053","targetHints":{"allow":["GET"]}}],"collection":[{"href":"https:\/\/pizbube.ch\/en\/wp-json\/wp\/v2\/product"}],"about":[{"href":"https:\/\/pizbube.ch\/en\/wp-json\/wp\/v2\/types\/product"}],"wp:featuredmedia":[{"embeddable":true,"href":"https:\/\/pizbube.ch\/en\/wp-json\/wp\/v2\/media\/182037"}],"wp:attachment":[{"href":"https:\/\/pizbube.ch\/en\/wp-json\/wp\/v2\/media?parent=153053"}],"wp:term":[{"taxonomy":"product_brand","embeddable":true,"href":"https:\/\/pizbube.ch\/en\/wp-json\/wp\/v2\/product_brand?post=153053"},{"taxonomy":"product_cat","embeddable":true,"href":"https:\/\/pizbube.ch\/en\/wp-json\/wp\/v2\/product_cat?post=153053"},{"taxonomy":"product_tag","embeddable":true,"href":"https:\/\/pizbube.ch\/en\/wp-json\/wp\/v2\/product_tag?post=153053"}],"curies":[{"name":"wp","href":"https:\/\/api.w.org\/{rel}","templated":true}]}}