{"id":153054,"date":"2021-01-15T12:34:35","date_gmt":"2021-01-15T12:34:35","guid":{"rendered":"https:\/\/codengine3.ch\/?product=import-placeholder-for-202354"},"modified":"2021-01-15T12:35:34","modified_gmt":"2021-01-15T12:35:34","slug":"klettersteigfuehrer-dolomiten","status":"publish","type":"product","link":"https:\/\/pizbube.ch\/en\/shop\/klettersteigfuehrer-dolomiten\/","title":{"rendered":"Klettersteigf\u00fchrer Dolomiten"},"content":{"rendered":"<p>Alle Vie ferrate zwischen Brixen und Belluno.<br \/>\nDer warme Kalkfels \u00fcber den gr\u00fcnen T\u00e4lern der Dolomiten \u00fcbt auf die<br \/>\nzahlreichen Ferratisti einen besonders starken Reiz aus. Rund 100 gesicherte<br \/>\nSteige z\u00e4hlt man in den Bleichen Bergen zwischen Eisack und Piave. Und das<br \/>\ngarantiert jede Menge Klettersteigspa\u00df &#8211; vor einer Kulisse, die seit bald<br \/>\nanderthalb Jahrhunderten alle Besucher fasziniert. Der F\u00fchrer f\u00fcr das<br \/>\nKlettersteigrevier schlechthin, mit allen Informationen auch zu den neuesten<br \/>\nRouten. Detaillierte Infok\u00e4sten, 120 farb. Fotos, 30 Tourenskizzen,<br \/>\n\u00dcbersichtskarte. Ueberarb. Neuauflage 2006; 224 S.<\/p>","protected":false},"excerpt":{"rendered":"<p>Alle Vie ferrate zwischen Brixen und Belluno. Der warme Kalkfels \u00fcber den gr\u00fcnen T\u00e4lern der Dolomiten \u00fcbt auf die zahlreichen Ferratisti einen besonders starken Reiz aus. Rund 100 gesicherte Steige z\u00e4hlt man in den Bleichen Bergen zwischen Eisack und Piave. Und das garantiert jede Menge Klettersteigspa\u00df &#8211; vor einer Kulisse, die seit bald anderthalb Jahrhunderten [&#8230;]\n","protected":false},"featured_media":29731,"template":"","meta":[],"product_brand":[],"product_cat":[21544],"product_tag":[],"class_list":{"0":"post-153054","1":"product","2":"type-product","3":"status-publish","4":"has-post-thumbnail","6":"product_cat-fuehrerliteratur-alpin-sommer","7":"pa_autor-huesler","8":"pa_erscheinungsjahr-21763","9":"pa_region-italien","10":"pa_sprache-de","12":"first","13":"outofstock","14":"taxable","15":"shipping-taxable","16":"purchasable","17":"product-type-simple"},"_links":{"self":[{"href":"https:\/\/pizbube.ch\/en\/wp-json\/wp\/v2\/product\/153054","targetHints":{"allow":["GET"]}}],"collection":[{"href":"https:\/\/pizbube.ch\/en\/wp-json\/wp\/v2\/product"}],"about":[{"href":"https:\/\/pizbube.ch\/en\/wp-json\/wp\/v2\/types\/product"}],"wp:featuredmedia":[{"embeddable":true,"href":"https:\/\/pizbube.ch\/en\/wp-json\/wp\/v2\/media\/29731"}],"wp:attachment":[{"href":"https:\/\/pizbube.ch\/en\/wp-json\/wp\/v2\/media?parent=153054"}],"wp:term":[{"taxonomy":"product_brand","embeddable":true,"href":"https:\/\/pizbube.ch\/en\/wp-json\/wp\/v2\/product_brand?post=153054"},{"taxonomy":"product_cat","embeddable":true,"href":"https:\/\/pizbube.ch\/en\/wp-json\/wp\/v2\/product_cat?post=153054"},{"taxonomy":"product_tag","embeddable":true,"href":"https:\/\/pizbube.ch\/en\/wp-json\/wp\/v2\/product_tag?post=153054"}],"curies":[{"name":"wp","href":"https:\/\/api.w.org\/{rel}","templated":true}]}}