{"id":153057,"date":"2021-01-15T12:34:36","date_gmt":"2021-01-15T12:34:36","guid":{"rendered":"https:\/\/codengine3.ch\/?product=import-placeholder-for-206607"},"modified":"2024-10-07T13:15:52","modified_gmt":"2024-10-07T11:15:52","slug":"marcher-sur-un-glacier","status":"publish","type":"product","link":"https:\/\/pizbube.ch\/en\/shop\/marcher-sur-un-glacier\/","title":{"rendered":"MARCHER sur un GLACIER"},"content":{"rendered":"<p>MOUNTAIN ESSENTIALS &#8211; Niveau 1 Initiation<\/p>\n<p>Ce manuel s&#8217;adresse \u00e0 tout montagnard d\u00e9sireux de d\u00e9buter dans ce milieu<br \/>\nd&#8217;activit\u00e9 : randonn\u00e9e glaciaire, alpinisme facile, voies normales.<br \/>\nL&#8217;objectif est de vous permettre dans le cadre d&#8217;une pratique autonome de<br \/>\nprendre des d\u00e9cisions simples. Enfin un manuel pour les amateurs facile \u00e0<br \/>\ncomprendre.<\/p>\n<p>Livre reli\u00e9 au format A5, superbe finition avec couverture souple aspect toil\u00e9<br \/>\net coins arrondis, 64 pages (110 g)<br \/>\ntout en couleur, 138 croquis et 155 illustrations\/photos, 15 scenarios.<\/p>","protected":false},"excerpt":{"rendered":"<p>MOUNTAIN ESSENTIALS &#8211; Niveau 1 Initiation Ce manuel s&#8217;adresse \u00e0 tout montagnard d\u00e9sireux de d\u00e9buter dans ce milieu d&#8217;activit\u00e9 : randonn\u00e9e glaciaire, alpinisme facile, voies normales. L&#8217;objectif est de vous permettre dans le cadre d&#8217;une pratique autonome de prendre des d\u00e9cisions simples. Enfin un manuel pour les amateurs facile \u00e0 comprendre. Livre reli\u00e9 au format [&#8230;]\n","protected":false},"featured_media":35698,"template":"","meta":[],"product_brand":[],"product_cat":[21538],"product_tag":[],"class_list":{"0":"post-153057","1":"product","2":"type-product","3":"status-publish","4":"has-post-thumbnail","6":"product_cat-lehrbuecher","7":"pa_autor-constant","8":"pa_erscheinungsjahr-21610","9":"pa_region-alpin-sommer","10":"pa_sprache-fr","12":"first","13":"onbackorder","14":"taxable","15":"shipping-taxable","16":"purchasable","17":"product-type-simple"},"_links":{"self":[{"href":"https:\/\/pizbube.ch\/en\/wp-json\/wp\/v2\/product\/153057","targetHints":{"allow":["GET"]}}],"collection":[{"href":"https:\/\/pizbube.ch\/en\/wp-json\/wp\/v2\/product"}],"about":[{"href":"https:\/\/pizbube.ch\/en\/wp-json\/wp\/v2\/types\/product"}],"wp:featuredmedia":[{"embeddable":true,"href":"https:\/\/pizbube.ch\/en\/wp-json\/wp\/v2\/media\/35698"}],"wp:attachment":[{"href":"https:\/\/pizbube.ch\/en\/wp-json\/wp\/v2\/media?parent=153057"}],"wp:term":[{"taxonomy":"product_brand","embeddable":true,"href":"https:\/\/pizbube.ch\/en\/wp-json\/wp\/v2\/product_brand?post=153057"},{"taxonomy":"product_cat","embeddable":true,"href":"https:\/\/pizbube.ch\/en\/wp-json\/wp\/v2\/product_cat?post=153057"},{"taxonomy":"product_tag","embeddable":true,"href":"https:\/\/pizbube.ch\/en\/wp-json\/wp\/v2\/product_tag?post=153057"}],"curies":[{"name":"wp","href":"https:\/\/api.w.org\/{rel}","templated":true}]}}