{"id":153058,"date":"2021-01-15T12:34:36","date_gmt":"2021-01-15T12:34:36","guid":{"rendered":"https:\/\/codengine3.ch\/?product=import-placeholder-for-206317"},"modified":"2021-01-15T14:48:03","modified_gmt":"2021-01-15T14:48:03","slug":"montagnes-sacrees-2","status":"publish","type":"product","link":"https:\/\/pizbube.ch\/en\/shop\/montagnes-sacrees-2\/","title":{"rendered":"Montagnes sacr\u00e9es"},"content":{"rendered":"<p>Avec leur silhouette puissante et leurs cimes inaccessibles, les montagnes ont<br \/>\nfa\u00e7onn\u00e9 l\u2019imaginaire des hommes.  <\/p>\n<p>Demeure des dieux, des esprits, des g\u00e9nies et des f\u00e9es, si\u00e8ge ou manifestation<br \/>\nde la volont\u00e9 divine, s\u00e9jour des morts, centre de l\u2019univers, axe du monde ou<br \/>\nsource de vie\u2026 Innombrables sont les montagnes qui d\u00e9tiennent un pouvoir<br \/>\nmagique ou spirituel, une fonction, une vocation, religieuse ou merveilleuse.  <\/p>\n<p>Lieu de la R\u00e9v\u00e9lation, berceau du mythe, creuset de la l\u00e9gende, voire de la<br \/>\nparabole, les montagnes font l\u2019objet de mille et mille r\u00e9cits, tiss\u00e9s de vrai<br \/>\net de merveilleux, parfois de contradictions : chaque sommet himalayen n\u2019est-<br \/>\nil pas, peu ou prou, la demeure de Shiva? Nga\u00ef, le dieu des Massa\u00ef n\u2019a-t-il<br \/>\npas \u00e9lu domicile \u00e0 la fois au sommet du Kilimandjaro, du mont Kenya et de l\u2019Ol<br \/>\nDoinyo Lenga\u00ef?  <\/p>\n<p>Voici le portrait de quelques-unes de ces montagnes &#8218;magiques&#8216; et sacr\u00e9es,<br \/>\nparmi les plus extraordinaires\u2026  <\/p>","protected":false},"excerpt":{"rendered":"<p>Avec leur silhouette puissante et leurs cimes inaccessibles, les montagnes ont fa\u00e7onn\u00e9 l\u2019imaginaire des hommes. Demeure des dieux, des esprits, des g\u00e9nies et des f\u00e9es, si\u00e8ge ou manifestation de la volont\u00e9 divine, s\u00e9jour des morts, centre de l\u2019univers, axe du monde ou source de vie\u2026 Innombrables sont les montagnes qui d\u00e9tiennent un pouvoir magique ou [&#8230;]\n","protected":false},"featured_media":35312,"template":"","meta":[],"product_brand":[],"product_cat":[21542],"product_tag":[],"class_list":{"0":"post-153058","1":"product","2":"type-product","3":"status-publish","4":"has-post-thumbnail","6":"product_cat-sachbuecher-dokumentationen","7":"pa_autor-boileve","8":"pa_erscheinungsjahr-21830","9":"pa_region-frankreich","10":"pa_sprache-fr","12":"first","13":"instock","14":"taxable","15":"shipping-taxable","16":"purchasable","17":"product-type-simple"},"_links":{"self":[{"href":"https:\/\/pizbube.ch\/en\/wp-json\/wp\/v2\/product\/153058","targetHints":{"allow":["GET"]}}],"collection":[{"href":"https:\/\/pizbube.ch\/en\/wp-json\/wp\/v2\/product"}],"about":[{"href":"https:\/\/pizbube.ch\/en\/wp-json\/wp\/v2\/types\/product"}],"wp:featuredmedia":[{"embeddable":true,"href":"https:\/\/pizbube.ch\/en\/wp-json\/wp\/v2\/media\/35312"}],"wp:attachment":[{"href":"https:\/\/pizbube.ch\/en\/wp-json\/wp\/v2\/media?parent=153058"}],"wp:term":[{"taxonomy":"product_brand","embeddable":true,"href":"https:\/\/pizbube.ch\/en\/wp-json\/wp\/v2\/product_brand?post=153058"},{"taxonomy":"product_cat","embeddable":true,"href":"https:\/\/pizbube.ch\/en\/wp-json\/wp\/v2\/product_cat?post=153058"},{"taxonomy":"product_tag","embeddable":true,"href":"https:\/\/pizbube.ch\/en\/wp-json\/wp\/v2\/product_tag?post=153058"}],"curies":[{"name":"wp","href":"https:\/\/api.w.org\/{rel}","templated":true}]}}