{"id":153059,"date":"2021-01-15T12:34:36","date_gmt":"2021-01-15T12:34:36","guid":{"rendered":"https:\/\/codengine3.ch\/?product=import-placeholder-for-206673"},"modified":"2021-01-15T14:50:42","modified_gmt":"2021-01-15T14:50:42","slug":"tanzplatz-der-goetter","status":"publish","type":"product","link":"https:\/\/pizbube.ch\/en\/shop\/tanzplatz-der-goetter\/","title":{"rendered":"Tanzplatz der G\u00f6tter"},"content":{"rendered":"<p>\nVon jeher waren Berge den Menschen heilig. Sie waren \u00bbTanzpl\u00e4tze der G\u00f6tter\u00ab,<br \/>\nzu denen kein Sterblicher Zugang hatte.<\/p>\n<p>Auch f\u00fcr Reinhold Messner war die Bergwelt immer mehr als H\u00f6henrausch und<br \/>\nsportliche Herausforderung. Sein Leben lang ist er der Spiritualit\u00e4t der Berge<br \/>\nnachgegangen und erz\u00e4hlt in diesem Buch von Orten, an denen sie sich<br \/>\nverdichtet \u2013 vom Mosesberg auf dem Sinai, vom Kailash im Himalaya, vom<br \/>\nLicanc\u00e1bur in S\u00fcdamerika, vom Fujiyama, vom Ayers Rock und vielen anderen<br \/>\nmythischen Gipfeln.  <\/p>\n<p>Ihre Erg\u00e4nzung finden Messners sehr pers\u00f6nliche Texte in den<br \/>\nkulturgeschichtlichen Erkundungen des Historikers Ralf-Peter M\u00e4rtin. Er<br \/>\nerkl\u00e4rt anschaulich, warum gerade die hier vorgestellten Gipfel als Sitz der<br \/>\nG\u00f6tter oder magische Orte gelten und was ihren besonderen Zauber ausmacht. Im<br \/>\nZusammenspiel mit den beeindruckenden Fotografien \u00f6ffnet sich ein Fenster in<br \/>\neine geheimnisvolle Welt.<\/p>\n<p>256 Seiten<br \/>\n\u00dcberarbeitete Neuausgabe des Titels &#171;Meine Heiligen Berge&#187;, erschienen 2013  <\/p>","protected":false},"excerpt":{"rendered":"<p>Von jeher waren Berge den Menschen heilig. Sie waren \u00bbTanzpl\u00e4tze der G\u00f6tter\u00ab, zu denen kein Sterblicher Zugang hatte. Auch f\u00fcr Reinhold Messner war die Bergwelt immer mehr als H\u00f6henrausch und sportliche Herausforderung. Sein Leben lang ist er der Spiritualit\u00e4t der Berge nachgegangen und erz\u00e4hlt in diesem Buch von Orten, an denen sie sich verdichtet \u2013 [&#8230;]\n","protected":false},"featured_media":35800,"template":"","meta":[],"product_brand":[],"product_cat":[21542],"product_tag":[],"class_list":{"0":"post-153059","1":"product","2":"type-product","3":"status-publish","4":"has-post-thumbnail","6":"product_cat-sachbuecher-dokumentationen","7":"pa_autor-maertin-messner","8":"pa_erscheinungsjahr-21558","9":"pa_region-asien","10":"pa_sprache-de","12":"first","13":"instock","14":"taxable","15":"shipping-taxable","16":"purchasable","17":"product-type-simple"},"_links":{"self":[{"href":"https:\/\/pizbube.ch\/en\/wp-json\/wp\/v2\/product\/153059","targetHints":{"allow":["GET"]}}],"collection":[{"href":"https:\/\/pizbube.ch\/en\/wp-json\/wp\/v2\/product"}],"about":[{"href":"https:\/\/pizbube.ch\/en\/wp-json\/wp\/v2\/types\/product"}],"wp:featuredmedia":[{"embeddable":true,"href":"https:\/\/pizbube.ch\/en\/wp-json\/wp\/v2\/media\/35800"}],"wp:attachment":[{"href":"https:\/\/pizbube.ch\/en\/wp-json\/wp\/v2\/media?parent=153059"}],"wp:term":[{"taxonomy":"product_brand","embeddable":true,"href":"https:\/\/pizbube.ch\/en\/wp-json\/wp\/v2\/product_brand?post=153059"},{"taxonomy":"product_cat","embeddable":true,"href":"https:\/\/pizbube.ch\/en\/wp-json\/wp\/v2\/product_cat?post=153059"},{"taxonomy":"product_tag","embeddable":true,"href":"https:\/\/pizbube.ch\/en\/wp-json\/wp\/v2\/product_tag?post=153059"}],"curies":[{"name":"wp","href":"https:\/\/api.w.org\/{rel}","templated":true}]}}