{"id":153062,"date":"2021-01-15T12:34:36","date_gmt":"2021-01-15T12:34:36","guid":{"rendered":"https:\/\/codengine3.ch\/?product=import-placeholder-for-207152"},"modified":"2021-01-15T14:55:37","modified_gmt":"2021-01-15T14:55:37","slug":"zugspitze-und-umgebung","status":"publish","type":"product","link":"https:\/\/pizbube.ch\/en\/shop\/zugspitze-und-umgebung\/","title":{"rendered":"Zugspitze und Umgebung"},"content":{"rendered":"<p>Die 40 sch\u00f6nsten Wanderungen \u0096 GPS-Tracks zum Download \u0096 alle vier Zugspitz-<br \/>\nAnstiege \u0096 Tipps zu Sehensw\u00fcrdigkeiten am Berg \u0096 Highlights der Region  <\/p>\n<p>Stolze 2.962 Meter ist sie hoch, die Zugspitze. Klar, dass jeder<br \/>\nleidenschaftliche Bergsteiger diesen Gipfel einmal im Leben erklimmen muss.<br \/>\nAber die Berge um Garmisch-Partenkirchen haben viel mehr als nur Deutschlands<br \/>\nh\u00f6chsten Punkt zu bieten: Vom gem\u00fctlichen Bergwandern \u00fcber den spannenden<br \/>\nH\u00f6llentalklammdurchstieg bis zum zackigen Gipfelsprint f\u00fcr ge\u00fcbte Bergfexen<br \/>\nempfiehlt dieser Wanderf\u00fchrer die 40 sch\u00f6nsten Touren in der Zugspitzregion.<br \/>\n192 Seiten, ca. 200 Abbildungen, Format 12,0 x 18,5 cm, Klappenbroschur mit<br \/>\nFadenheftung  <\/p>","protected":false},"excerpt":{"rendered":"<p>Die 40 sch\u00f6nsten Wanderungen \u0096 GPS-Tracks zum Download \u0096 alle vier Zugspitz- Anstiege \u0096 Tipps zu Sehensw\u00fcrdigkeiten am Berg \u0096 Highlights der Region Stolze 2.962 Meter ist sie hoch, die Zugspitze. Klar, dass jeder leidenschaftliche Bergsteiger diesen Gipfel einmal im Leben erklimmen muss. Aber die Berge um Garmisch-Partenkirchen haben viel mehr als nur Deutschlands h\u00f6chsten [&#8230;]\n","protected":false},"featured_media":39823,"template":"","meta":[],"product_brand":[],"product_cat":[21605],"product_tag":[],"class_list":{"0":"post-153062","1":"product","2":"type-product","3":"status-publish","4":"has-post-thumbnail","6":"product_cat-wanderfuehrer-trekking","7":"pa_autor-meier","8":"pa_erscheinungsjahr-21546","9":"pa_region-deutschland","10":"pa_sprache-de","12":"first","13":"instock","14":"taxable","15":"shipping-taxable","16":"purchasable","17":"product-type-simple"},"_links":{"self":[{"href":"https:\/\/pizbube.ch\/en\/wp-json\/wp\/v2\/product\/153062","targetHints":{"allow":["GET"]}}],"collection":[{"href":"https:\/\/pizbube.ch\/en\/wp-json\/wp\/v2\/product"}],"about":[{"href":"https:\/\/pizbube.ch\/en\/wp-json\/wp\/v2\/types\/product"}],"wp:featuredmedia":[{"embeddable":true,"href":"https:\/\/pizbube.ch\/en\/wp-json\/wp\/v2\/media\/39823"}],"wp:attachment":[{"href":"https:\/\/pizbube.ch\/en\/wp-json\/wp\/v2\/media?parent=153062"}],"wp:term":[{"taxonomy":"product_brand","embeddable":true,"href":"https:\/\/pizbube.ch\/en\/wp-json\/wp\/v2\/product_brand?post=153062"},{"taxonomy":"product_cat","embeddable":true,"href":"https:\/\/pizbube.ch\/en\/wp-json\/wp\/v2\/product_cat?post=153062"},{"taxonomy":"product_tag","embeddable":true,"href":"https:\/\/pizbube.ch\/en\/wp-json\/wp\/v2\/product_tag?post=153062"}],"curies":[{"name":"wp","href":"https:\/\/api.w.org\/{rel}","templated":true}]}}