{"id":153064,"date":"2021-01-15T12:34:36","date_gmt":"2021-01-15T12:34:36","guid":{"rendered":"https:\/\/codengine3.ch\/?product=import-placeholder-for-206682"},"modified":"2021-01-15T14:50:48","modified_gmt":"2021-01-15T14:50:48","slug":"zugspitze-berg-der-kontraste","status":"publish","type":"product","link":"https:\/\/pizbube.ch\/en\/shop\/zugspitze-berg-der-kontraste\/","title":{"rendered":"Zugspitze &#8211; Berg der Kontraste"},"content":{"rendered":"<p>\nIm August 2020 j\u00e4hrt sich die Erstbesteigung der Zugspitze zum 200. Mal. Der<br \/>\nrichtige Zeitpunkt also, sich dieses Berges &#8211; mit 2963 Metern Deutschlands<br \/>\nh\u00f6chster &#8211; in einer aktuellen Monografie anzunehmen, und ihn aus verschiedenen<br \/>\nPerspektiven zu betrachten. Denn die Zugspitze ist nicht nur ein Bergsteiger-<br \/>\nBerg, er ist auch ein Tourismus-Berg. Die Geschichte seiner technischen<br \/>\nErschlie\u00dfung liest sich \u00e4hnlich spannend wie die bergsteigerische<br \/>\nErschlie\u00dfungsgeschichte.  <\/p>\n<p>Die Zugspitze ist f\u00fcr Bergsteiger ein imposantes Ziel; spannende hochalpine<br \/>\nWege f\u00fchren hinauf, Grate und Kanten fordern den guten Kletterer und den<br \/>\nerfahrenen Alpinisten. Gleichwohl sind die Bergsteiger immer wieder entt\u00e4uscht<br \/>\nvon der Ankunft am Gipfel, wo an sch\u00f6nen Tagen Tausende von Seilbahntouristen<br \/>\nFern- und Tiefblicke genie\u00dfen. Denn auch f\u00fcr diese hat der ber\u00fchmte Gipfel<br \/>\neine geradezu magnetische Anziehungskraft.<\/p>\n<p>Man genie\u00dft die Fahrten in den Schwebebahnen oder die schon nostalgisch<br \/>\nanmutende Auffahrt mit der Zahnradbahn und erfreut sich an den spektakul\u00e4ren<br \/>\nTiefblicken &#8211; \u00fcber 2000 H\u00f6henmeter hinunter nach Garmisch-Partenkirchen oder<br \/>\nEhrwald &#8211; und an den Ausblicken zu den gro\u00dfen, oft gletscherbedeckten<br \/>\nBergketten im S\u00fcden. In dieser Publikation vereinen sich geographische<br \/>\nAnn\u00e4herungen und fr\u00fche Zeugnisse und Sagen \u00fcber den Berg mit der<br \/>\nbergsteigerischen und der touristischtechnischen Erschlie\u00dfungsgeschichte und<br \/>\nvielem mehr.<\/p>\n<p>Bergmonografie; 288 Seiten;<br \/>\nIllustrationen, ca. 180 Abbildungen und Karten.<\/p>","protected":false},"excerpt":{"rendered":"<p>Im August 2020 j\u00e4hrt sich die Erstbesteigung der Zugspitze zum 200. Mal. Der richtige Zeitpunkt also, sich dieses Berges &#8211; mit 2963 Metern Deutschlands h\u00f6chster &#8211; in einer aktuellen Monografie anzunehmen, und ihn aus verschiedenen Perspektiven zu betrachten. Denn die Zugspitze ist nicht nur ein Bergsteiger- Berg, er ist auch ein Tourismus-Berg. Die Geschichte seiner [&#8230;]\n","protected":false},"featured_media":35812,"template":"","meta":[],"product_brand":[],"product_cat":[21542],"product_tag":[],"class_list":{"0":"post-153064","1":"product","2":"type-product","3":"status-publish","4":"has-post-thumbnail","6":"product_cat-sachbuecher-dokumentationen","7":"pa_autor-koenig","8":"pa_erscheinungsjahr-21558","9":"pa_region-deutschland","10":"pa_sprache-de","12":"first","13":"instock","14":"taxable","15":"shipping-taxable","16":"purchasable","17":"product-type-simple"},"_links":{"self":[{"href":"https:\/\/pizbube.ch\/en\/wp-json\/wp\/v2\/product\/153064","targetHints":{"allow":["GET"]}}],"collection":[{"href":"https:\/\/pizbube.ch\/en\/wp-json\/wp\/v2\/product"}],"about":[{"href":"https:\/\/pizbube.ch\/en\/wp-json\/wp\/v2\/types\/product"}],"wp:featuredmedia":[{"embeddable":true,"href":"https:\/\/pizbube.ch\/en\/wp-json\/wp\/v2\/media\/35812"}],"wp:attachment":[{"href":"https:\/\/pizbube.ch\/en\/wp-json\/wp\/v2\/media?parent=153064"}],"wp:term":[{"taxonomy":"product_brand","embeddable":true,"href":"https:\/\/pizbube.ch\/en\/wp-json\/wp\/v2\/product_brand?post=153064"},{"taxonomy":"product_cat","embeddable":true,"href":"https:\/\/pizbube.ch\/en\/wp-json\/wp\/v2\/product_cat?post=153064"},{"taxonomy":"product_tag","embeddable":true,"href":"https:\/\/pizbube.ch\/en\/wp-json\/wp\/v2\/product_tag?post=153064"}],"curies":[{"name":"wp","href":"https:\/\/api.w.org\/{rel}","templated":true}]}}