{"id":153067,"date":"2021-01-15T12:34:37","date_gmt":"2021-01-15T12:34:37","guid":{"rendered":"https:\/\/codengine3.ch\/?product=import-placeholder-for-202250"},"modified":"2021-01-15T12:34:42","modified_gmt":"2021-01-15T12:34:42","slug":"strahlchnubel","status":"publish","type":"product","link":"https:\/\/pizbube.ch\/en\/shop\/strahlchnubel\/","title":{"rendered":"Strahlchnubel"},"content":{"rendered":"<p>Autobiografische Erz\u00e4hlung \u00fcber ein Lawinenungl\u00fcck in den Walliseralpen, bei<br \/>\ndem der Autor Vater und Bruder verliert.<\/p>\n<p>Eindr\u00fcckliche Auseinandersetzung \u00fcber die verschiedenen Formen von Schnee (2.<br \/>\nAuflg.).<\/p>","protected":false},"excerpt":{"rendered":"<p>Autobiografische Erz\u00e4hlung \u00fcber ein Lawinenungl\u00fcck in den Walliseralpen, bei dem der Autor Vater und Bruder verliert. Eindr\u00fcckliche Auseinandersetzung \u00fcber die verschiedenen Formen von Schnee (2. Auflg.).<\/p>","protected":false},"featured_media":29627,"template":"","meta":[],"product_brand":[],"product_cat":[21629],"product_tag":[],"class_list":{"0":"post-153067","1":"product","2":"type-product","3":"status-publish","4":"has-post-thumbnail","6":"product_cat-belletristik","7":"pa_autor-mori","8":"pa_erscheinungsjahr-22292","9":"pa_region-schweiz","10":"pa_sprache-de","12":"first","13":"outofstock","14":"taxable","15":"shipping-taxable","16":"purchasable","17":"product-type-simple"},"_links":{"self":[{"href":"https:\/\/pizbube.ch\/en\/wp-json\/wp\/v2\/product\/153067","targetHints":{"allow":["GET"]}}],"collection":[{"href":"https:\/\/pizbube.ch\/en\/wp-json\/wp\/v2\/product"}],"about":[{"href":"https:\/\/pizbube.ch\/en\/wp-json\/wp\/v2\/types\/product"}],"wp:featuredmedia":[{"embeddable":true,"href":"https:\/\/pizbube.ch\/en\/wp-json\/wp\/v2\/media\/29627"}],"wp:attachment":[{"href":"https:\/\/pizbube.ch\/en\/wp-json\/wp\/v2\/media?parent=153067"}],"wp:term":[{"taxonomy":"product_brand","embeddable":true,"href":"https:\/\/pizbube.ch\/en\/wp-json\/wp\/v2\/product_brand?post=153067"},{"taxonomy":"product_cat","embeddable":true,"href":"https:\/\/pizbube.ch\/en\/wp-json\/wp\/v2\/product_cat?post=153067"},{"taxonomy":"product_tag","embeddable":true,"href":"https:\/\/pizbube.ch\/en\/wp-json\/wp\/v2\/product_tag?post=153067"}],"curies":[{"name":"wp","href":"https:\/\/api.w.org\/{rel}","templated":true}]}}