{"id":153068,"date":"2021-01-15T12:34:37","date_gmt":"2021-01-15T12:34:37","guid":{"rendered":"https:\/\/codengine3.ch\/?product=import-placeholder-for-203609"},"modified":"2021-01-15T14:24:55","modified_gmt":"2021-01-15T14:24:55","slug":"5738-ewigkeit-hoerbuch","status":"publish","type":"product","link":"https:\/\/pizbube.ch\/en\/shop\/5738-ewigkeit-hoerbuch\/","title":{"rendered":"57`38` Ewigkeit (H\u00f6rbuch)"},"content":{"rendered":"<p>Jede Lawine hat ihren eigenen Namen. Und jeder Versch\u00fcttete seine eigene<br \/>\nGeschichte. Zu erz\u00e4hlen w\u00e4re die einer jungen Frau, die in Massen von Schnee<br \/>\nbegraben liegt, versch\u00fcttet von einer Lawine halb bewusstlos, halb im Delirium<br \/>\nihrer Gedanken. Wie sie der panischen L\u00e4hmung trotzt, wie sie in ihre<br \/>\nErinnerung taucht, um einen Splitter Licht zu finden, wie l\u00e4ngst vergessene<br \/>\nMythen lebendig werden und wie sie auf ein Geheimnis st\u00f6sst, das tief in ihrer<br \/>\nKindheit versch\u00fcttet liegt: Das sind 57 MINUTEN 38 SEKUNDEN Ewigkeit.<br \/>\nDer Schweizer Autor und Regisseur Stefan J\u00e4ger stiess bei den Recherchen zu<br \/>\nseinem Fernsehfilm Im Namen der Gerechtigkeit auf zahlreiche Berichte von<br \/>\nLawinenversch\u00fctteten. Gemeinsam mit der Schauspielerin Bibiana Beglau<br \/>\nentwickelte er den Monolog, basierend auf zahlreichen Interviews mit<br \/>\nVersch\u00fctteten und Experimenten am eigenen Leib. Gesamtlaufzeit: 57`38`, 1 CD;<br \/>\nH\u00f6rst\u00fcckbearbeitung nach der Monologfassung.<\/p>","protected":false},"excerpt":{"rendered":"<p>Jede Lawine hat ihren eigenen Namen. Und jeder Versch\u00fcttete seine eigene Geschichte. Zu erz\u00e4hlen w\u00e4re die einer jungen Frau, die in Massen von Schnee begraben liegt, versch\u00fcttet von einer Lawine halb bewusstlos, halb im Delirium ihrer Gedanken. Wie sie der panischen L\u00e4hmung trotzt, wie sie in ihre Erinnerung taucht, um einen Splitter Licht zu finden, [&#8230;]\n","protected":false},"featured_media":31257,"template":"","meta":[],"product_brand":[],"product_cat":[21628],"product_tag":[],"class_list":{"0":"post-153068","1":"product","2":"type-product","3":"status-publish","4":"has-post-thumbnail","6":"product_cat-video-dvd-multimedia","7":"pa_autor-beglau","8":"pa_erscheinungsjahr-21920","9":"pa_region-schweiz","10":"pa_sprache-de","12":"first","13":"instock","14":"taxable","15":"shipping-taxable","16":"purchasable","17":"product-type-simple"},"_links":{"self":[{"href":"https:\/\/pizbube.ch\/en\/wp-json\/wp\/v2\/product\/153068","targetHints":{"allow":["GET"]}}],"collection":[{"href":"https:\/\/pizbube.ch\/en\/wp-json\/wp\/v2\/product"}],"about":[{"href":"https:\/\/pizbube.ch\/en\/wp-json\/wp\/v2\/types\/product"}],"wp:featuredmedia":[{"embeddable":true,"href":"https:\/\/pizbube.ch\/en\/wp-json\/wp\/v2\/media\/31257"}],"wp:attachment":[{"href":"https:\/\/pizbube.ch\/en\/wp-json\/wp\/v2\/media?parent=153068"}],"wp:term":[{"taxonomy":"product_brand","embeddable":true,"href":"https:\/\/pizbube.ch\/en\/wp-json\/wp\/v2\/product_brand?post=153068"},{"taxonomy":"product_cat","embeddable":true,"href":"https:\/\/pizbube.ch\/en\/wp-json\/wp\/v2\/product_cat?post=153068"},{"taxonomy":"product_tag","embeddable":true,"href":"https:\/\/pizbube.ch\/en\/wp-json\/wp\/v2\/product_tag?post=153068"}],"curies":[{"name":"wp","href":"https:\/\/api.w.org\/{rel}","templated":true}]}}