{"id":153070,"date":"2021-01-15T12:34:37","date_gmt":"2021-01-15T12:34:37","guid":{"rendered":"https:\/\/codengine3.ch\/?product=import-placeholder-for-205427"},"modified":"2021-01-15T14:41:09","modified_gmt":"2021-01-15T14:41:09","slug":"die-weite-des-eises","status":"publish","type":"product","link":"https:\/\/pizbube.ch\/en\/shop\/die-weite-des-eises\/","title":{"rendered":"Die Weite des Eises"},"content":{"rendered":"<p>Arktis und Alpen 1860 bis heute.  <\/p>\n<p>Das immense Entwicklungspotenzial der Fotografie, das sich bereits kurz nach<br \/>\nihrer Erfindung erahnen lie\u00df, zeigte sich ganz besonders in Serien \u00fcber<br \/>\nGletscher und arktische Landschaften. Schon seit den 1860er-Jahren verband<br \/>\nsich hier der Aspekt der (r\u00e4umlichen) Ausdehnung mit jenem der (zeitlichen)<br \/>\nVer\u00e4nderung: Bei Arktisexpeditionen etwa konnten durch komplement\u00e4re Nah- und<br \/>\nFernsichten Eindr\u00fccke von der Tiefe und Weite der polaren Landschaft gewonnen<br \/>\nwerden. Die Gletscherkunde wiederum ben\u00f6tigte Jahr um Jahr Aufnahmen, die \u00fcber<br \/>\nWachstum oder Schrumpfen des Eises objektiv Auskunft gaben.  <\/p>\n<p>Faszinierend waren auch Stereobilder mit ihren durch zwei gleichzeitige,<br \/>\nleicht verschobene Aufnahmen hergestellten 3-D-Effekten: Durch sie lie\u00dfen sich<br \/>\ndie un\u00fcberblickbaren Ausdehnungen des Eises wie direkt k\u00f6rperlich erfahren.<br \/>\nNicht zuletzt darauf antworten zeitgen\u00f6ssische k\u00fcnstlerische Positionen:<br \/>\nLangzeitbelichtungen bei Nacht von Darren Almond, Luftaufnahmen von Olafur<br \/>\nEliasson oder die Panoramen Walter Niedermayrs. Mit rund 100 herausragenden<br \/>\nWerken zeigt die Publikation der Albertina ein beeindruckend breites Spektrum<br \/>\nunterschiedlicher Positionen der Gletscherfotografie von 1860 bis heute.  <\/p>\n<p>100 farb., s\/w. Fotos. 109 S.  <\/p>","protected":false},"excerpt":{"rendered":"<p>Arktis und Alpen 1860 bis heute. Das immense Entwicklungspotenzial der Fotografie, das sich bereits kurz nach ihrer Erfindung erahnen lie\u00df, zeigte sich ganz besonders in Serien \u00fcber Gletscher und arktische Landschaften. Schon seit den 1860er-Jahren verband sich hier der Aspekt der (r\u00e4umlichen) Ausdehnung mit jenem der (zeitlichen) Ver\u00e4nderung: Bei Arktisexpeditionen etwa konnten durch komplement\u00e4re Nah- [&#8230;]\n","protected":false},"featured_media":34132,"template":"","meta":[],"product_brand":[],"product_cat":[21542],"product_tag":[],"class_list":{"0":"post-153070","1":"product","2":"type-product","3":"status-publish","4":"has-post-thumbnail","6":"product_cat-sachbuecher-dokumentationen","7":"pa_autor-faber","8":"pa_erscheinungsjahr-21591","9":"pa_region-fauna-flora-geologie-glaziologie","10":"pa_sprache-de","12":"first","13":"instock","14":"taxable","15":"shipping-taxable","16":"purchasable","17":"product-type-simple"},"_links":{"self":[{"href":"https:\/\/pizbube.ch\/en\/wp-json\/wp\/v2\/product\/153070","targetHints":{"allow":["GET"]}}],"collection":[{"href":"https:\/\/pizbube.ch\/en\/wp-json\/wp\/v2\/product"}],"about":[{"href":"https:\/\/pizbube.ch\/en\/wp-json\/wp\/v2\/types\/product"}],"wp:featuredmedia":[{"embeddable":true,"href":"https:\/\/pizbube.ch\/en\/wp-json\/wp\/v2\/media\/34132"}],"wp:attachment":[{"href":"https:\/\/pizbube.ch\/en\/wp-json\/wp\/v2\/media?parent=153070"}],"wp:term":[{"taxonomy":"product_brand","embeddable":true,"href":"https:\/\/pizbube.ch\/en\/wp-json\/wp\/v2\/product_brand?post=153070"},{"taxonomy":"product_cat","embeddable":true,"href":"https:\/\/pizbube.ch\/en\/wp-json\/wp\/v2\/product_cat?post=153070"},{"taxonomy":"product_tag","embeddable":true,"href":"https:\/\/pizbube.ch\/en\/wp-json\/wp\/v2\/product_tag?post=153070"}],"curies":[{"name":"wp","href":"https:\/\/api.w.org\/{rel}","templated":true}]}}