{"id":153071,"date":"2021-01-15T12:34:37","date_gmt":"2021-01-15T12:34:37","guid":{"rendered":"https:\/\/codengine3.ch\/?product=import-placeholder-for-206429"},"modified":"2021-01-15T14:48:54","modified_gmt":"2021-01-15T14:48:54","slug":"glaciers-passe-present-du-rhone-au-mont-blanc","status":"publish","type":"product","link":"https:\/\/pizbube.ch\/en\/shop\/glaciers-passe-present-du-rhone-au-mont-blanc\/","title":{"rendered":"Glaciers Pass\u00e9-pr\u00e9sent du Rh\u00f4ne au Mont Blanc"},"content":{"rendered":"<p>Les Alpes nous semblent \u00e9ternelles, et nous imaginons difficilement la<br \/>\nmontagne sans glaciers. Ils constituent une part importante de notre paysage<br \/>\ng\u00e9ographique et sentimental. Pourtant, le climat terrestre \u00e9volue et nous<br \/>\nsommes, actuellement, les t\u00e9moins et les acteurs de ce changement unique dans<br \/>\nl&#8217;histoire. En 150 ans, de nombreux glaciers alpins ont perdu plus de 40 % de<br \/>\nleur volume et parfois 50 % de leur surface. Aujourd&#8217;hui, le glacier d&#8217;Aletsch<br \/>\nmesure la taille qu&#8217;il avait \u00e0 l&#8217;\u00e9poque romaine. Du glacier du Rh\u00f4ne au massif<br \/>\ndu Mont-Blanc, ce livre r\u00e9v\u00e8le l&#8217;\u00e9volution spectaculaire des principaux<br \/>\nglaciers, en comparant les plus anciennes photographies connues de ses sites<br \/>\nc\u00e9l\u00e8bres \u00e0 des prises de vue r\u00e9alis\u00e9es sous le m\u00eame angle. 130 comparaisons<br \/>\nsont comment\u00e9es par un glaciologue et enrichies d&#8217;une iconographie<br \/>\nr\u00e9f\u00e9rentielle (plus de 200 photographies, peintures et gravures). De nombreux<br \/>\ntextes historiques nous permettent de mieux comprendre notre fascination pour<br \/>\nles glaciers alpins.  <\/p>","protected":false},"excerpt":{"rendered":"<p>Les Alpes nous semblent \u00e9ternelles, et nous imaginons difficilement la montagne sans glaciers. Ils constituent une part importante de notre paysage g\u00e9ographique et sentimental. Pourtant, le climat terrestre \u00e9volue et nous sommes, actuellement, les t\u00e9moins et les acteurs de ce changement unique dans l&#8217;histoire. En 150 ans, de nombreux glaciers alpins ont perdu plus de [&#8230;]\n","protected":false},"featured_media":35470,"template":"","meta":[],"product_brand":[],"product_cat":[21542],"product_tag":[],"class_list":{"0":"post-153071","1":"product","2":"type-product","3":"status-publish","4":"has-post-thumbnail","6":"product_cat-sachbuecher-dokumentationen","7":"pa_autor-zryd-dumoulin-crispini","8":"pa_erscheinungsjahr-21830","9":"pa_region-schweiz","10":"pa_sprache-fr","12":"first","13":"instock","14":"taxable","15":"shipping-taxable","16":"purchasable","17":"product-type-simple"},"_links":{"self":[{"href":"https:\/\/pizbube.ch\/en\/wp-json\/wp\/v2\/product\/153071","targetHints":{"allow":["GET"]}}],"collection":[{"href":"https:\/\/pizbube.ch\/en\/wp-json\/wp\/v2\/product"}],"about":[{"href":"https:\/\/pizbube.ch\/en\/wp-json\/wp\/v2\/types\/product"}],"wp:featuredmedia":[{"embeddable":true,"href":"https:\/\/pizbube.ch\/en\/wp-json\/wp\/v2\/media\/35470"}],"wp:attachment":[{"href":"https:\/\/pizbube.ch\/en\/wp-json\/wp\/v2\/media?parent=153071"}],"wp:term":[{"taxonomy":"product_brand","embeddable":true,"href":"https:\/\/pizbube.ch\/en\/wp-json\/wp\/v2\/product_brand?post=153071"},{"taxonomy":"product_cat","embeddable":true,"href":"https:\/\/pizbube.ch\/en\/wp-json\/wp\/v2\/product_cat?post=153071"},{"taxonomy":"product_tag","embeddable":true,"href":"https:\/\/pizbube.ch\/en\/wp-json\/wp\/v2\/product_tag?post=153071"}],"curies":[{"name":"wp","href":"https:\/\/api.w.org\/{rel}","templated":true}]}}