{"id":153072,"date":"2021-01-15T12:34:38","date_gmt":"2021-01-15T12:34:38","guid":{"rendered":"https:\/\/codengine3.ch\/?product=import-placeholder-for-205689"},"modified":"2025-03-25T10:43:58","modified_gmt":"2025-03-25T09:43:58","slug":"die-aare-vom-gletscher-bis-zum-rhein","status":"publish","type":"product","link":"https:\/\/pizbube.ch\/en\/shop\/die-aare-vom-gletscher-bis-zum-rhein\/","title":{"rendered":"Die Aare &#8211; vom Gletscher bis zum Rhein"},"content":{"rendered":"<p>Eine fotografische Zeitreise von Martin Kundert und Eduard M\u00fcller<\/p>\n<p>Vom wilden Gebirgsfluss zum ruhigen Strom<br \/>\nDer Aarauer Schirmfabrikant Eduard M\u00fcller fotografierte Ende des 19.<br \/>\nJahrhunderts den Lauf der Aare von der Gletscherquelle bis zur M\u00fcndung in den<br \/>\nRhein. Die Dokumentation umfasst rund 185 Glasplatten-Diapositive im<br \/>\nMittelformat, ist von erstaunlich guter Qualit\u00e4t und bildet ein einzigartiges<br \/>\nZeitdokument. Sie zeigt den Flusslauf und die daran liegenden Orte in einer<br \/>\nZeit des Umbruchs, wo der nat\u00fcrliche Lauf an vielen Orten noch sichtbar war,<br \/>\naber die Umgestaltung der Aarelandschaft bereits eingesetzt hatte. Der Autor<br \/>\nMartin Kundert hat der historischen Dokumentation die heutige Situation von<br \/>\ndenselben Standorten aus gegen\u00fcbergestellt.<\/p>\n<p>Damit entsteht ein faszinierender Vergleich, der 110 Jahre Landschafts- und<br \/>\nSiedlungsgeschichte im Aareraum augenf\u00e4llig macht. Im Buch stehen denn auch<br \/>\ndie historischen Bilder und ihre Gegen\u00fcberstellung mit den heutigen im<br \/>\nVordergrund. Einf\u00fchrungen zur Biografie Eduard M\u00fcllers, zur damaligen<br \/>\nFototechnik und zur Geschichte des Aareraums runden den Bildkorpus ab.<\/p>","protected":false},"excerpt":{"rendered":"<p>Eine fotografische Zeitreise von Martin Kundert und Eduard M\u00fcller Vom wilden Gebirgsfluss zum ruhigen Strom Der Aarauer Schirmfabrikant Eduard M\u00fcller fotografierte Ende des 19. Jahrhunderts den Lauf der Aare von der Gletscherquelle bis zur M\u00fcndung in den Rhein. Die Dokumentation umfasst rund 185 Glasplatten-Diapositive im Mittelformat, ist von erstaunlich guter Qualit\u00e4t und bildet ein einzigartiges [&#8230;]\n","protected":false},"featured_media":34496,"template":"","meta":[],"product_brand":[],"product_cat":[21542],"product_tag":[],"class_list":{"0":"post-153072","1":"product","2":"type-product","3":"status-publish","4":"has-post-thumbnail","6":"product_cat-sachbuecher-dokumentationen","7":"pa_autor-kundert-mueller","8":"pa_erscheinungsjahr-21693","9":"pa_region-schweiz","10":"pa_sprache-de","12":"first","13":"outofstock","14":"taxable","15":"shipping-taxable","16":"purchasable","17":"product-type-simple"},"_links":{"self":[{"href":"https:\/\/pizbube.ch\/en\/wp-json\/wp\/v2\/product\/153072","targetHints":{"allow":["GET"]}}],"collection":[{"href":"https:\/\/pizbube.ch\/en\/wp-json\/wp\/v2\/product"}],"about":[{"href":"https:\/\/pizbube.ch\/en\/wp-json\/wp\/v2\/types\/product"}],"wp:featuredmedia":[{"embeddable":true,"href":"https:\/\/pizbube.ch\/en\/wp-json\/wp\/v2\/media\/34496"}],"wp:attachment":[{"href":"https:\/\/pizbube.ch\/en\/wp-json\/wp\/v2\/media?parent=153072"}],"wp:term":[{"taxonomy":"product_brand","embeddable":true,"href":"https:\/\/pizbube.ch\/en\/wp-json\/wp\/v2\/product_brand?post=153072"},{"taxonomy":"product_cat","embeddable":true,"href":"https:\/\/pizbube.ch\/en\/wp-json\/wp\/v2\/product_cat?post=153072"},{"taxonomy":"product_tag","embeddable":true,"href":"https:\/\/pizbube.ch\/en\/wp-json\/wp\/v2\/product_tag?post=153072"}],"curies":[{"name":"wp","href":"https:\/\/api.w.org\/{rel}","templated":true}]}}